{"id":8268,"date":"2024-03-04T07:12:02","date_gmt":"2024-03-04T07:12:02","guid":{"rendered":"https:\/\/www.cfaebooks.com\/?post_type=product&#038;p=8268"},"modified":"2026-04-03T07:56:34","modified_gmt":"2026-04-03T07:56:34","slug":"2024-cfa-nivel-1-schweser-notes-2","status":"publish","type":"product","link":"https:\/\/www.cfaebooks.com\/pt_br\/products\/2024-cfa-nivel-1-schweser-notes-2\/","title":{"rendered":"2024 CFA Level 1 Schweser Notes"},"content":{"rendered":"<p>Est\u00e1 \u00e0 venda um e-Book 2024 CFA Level 1 Schweser Notes PDF. Inclui um conjunto de 5 livros: Livro 1: Quantitative Methods and Economics, Book 2: Portfolio Management (Part One) and Corporate Issuers, Book 3: Financial Statement Analysis and Equity Investments, Book 4: Fixed Income and Derivatives, Book 5: Alternative Investments, Portfolio Management (Part Two), and Ethical and Professional Standards<\/p>\n\n\n\n<ul class=\"wp-block-list\">\n<li>Este n\u00e3o \u00e9 um livro f\u00edsico, \u00e9 uma c\u00f3pia digital em PDF. Por favor, n\u00e3o compre se voc\u00ea quiser uma c\u00f3pia f\u00edsica<\/li>\n\n\n\n<li>Ap\u00f3s a finaliza\u00e7\u00e3o da compra, voc\u00ea poder\u00e1 fazer o download do e-Book instantaneamente.<\/li>\n<\/ul>","protected":false},"excerpt":{"rendered":"<p>For sale is an e-Book 2024 CFA Level 1 Schweser Notes PDF. Includes Set of 5 books: Book 1: Quantitative Methods and Economics, Book 2: Portfolio Management (Part One) and Corporate Issuers, Book 3: Financial Statement Analysis and Equity Investments, Book 4: Fixed Income and Derivatives, Book 5: Alternative Investments, Portfolio Management (Part Two), and [&hellip;]<\/p>\n","protected":false},"featured_media":8269,"comment_status":"closed","ping_status":"closed","template":"","meta":[],"product_brand":[],"product_cat":[349],"product_tag":[86,93,88,90,87,91,92,158,179],"class_list":{"0":"post-8268","1":"product","2":"type-product","3":"status-publish","4":"has-post-thumbnail","6":"product_cat-cfa-level-1-2024","7":"product_tag-cfa-2024","8":"product_tag-cfa-books","9":"product_tag-cfa-ebooks","10":"product_tag-cfa-exam","11":"product_tag-cfa-level-i","12":"product_tag-cfa-prep","13":"product_tag-cfa-test","14":"product_tag-kaplan-schweser","15":"product_tag-schweser-notes","17":"first","18":"instock","19":"downloadable","20":"virtual","21":"sold-individually","22":"purchasable","23":"product-type-simple"},"_links":{"self":[{"href":"https:\/\/www.cfaebooks.com\/pt_br\/wp-json\/wp\/v2\/product\/8268","targetHints":{"allow":["GET"]}}],"collection":[{"href":"https:\/\/www.cfaebooks.com\/pt_br\/wp-json\/wp\/v2\/product"}],"about":[{"href":"https:\/\/www.cfaebooks.com\/pt_br\/wp-json\/wp\/v2\/types\/product"}],"replies":[{"embeddable":true,"href":"https:\/\/www.cfaebooks.com\/pt_br\/wp-json\/wp\/v2\/comments?post=8268"}],"wp:featuredmedia":[{"embeddable":true,"href":"https:\/\/www.cfaebooks.com\/pt_br\/wp-json\/wp\/v2\/media\/8269"}],"wp:attachment":[{"href":"https:\/\/www.cfaebooks.com\/pt_br\/wp-json\/wp\/v2\/media?parent=8268"}],"wp:term":[{"taxonomy":"product_brand","embeddable":true,"href":"https:\/\/www.cfaebooks.com\/pt_br\/wp-json\/wp\/v2\/product_brand?post=8268"},{"taxonomy":"product_cat","embeddable":true,"href":"https:\/\/www.cfaebooks.com\/pt_br\/wp-json\/wp\/v2\/product_cat?post=8268"},{"taxonomy":"product_tag","embeddable":true,"href":"https:\/\/www.cfaebooks.com\/pt_br\/wp-json\/wp\/v2\/product_tag?post=8268"}],"curies":[{"name":"wp","href":"https:\/\/api.w.org\/{rel}","templated":true}]}}