{"id":8199,"date":"2024-03-03T13:54:09","date_gmt":"2024-03-03T13:54:09","guid":{"rendered":"https:\/\/www.cfaebooks.com\/?post_type=product&#038;p=8199"},"modified":"2026-04-03T07:56:24","modified_gmt":"2026-04-03T07:56:24","slug":"juice-notes-cfa-level-i-2024-fintree","status":"publish","type":"product","link":"https:\/\/www.cfaebooks.com\/pt_br\/products\/juice-notes-cfa-level-i-2024-fintree\/","title":{"rendered":"Notas de suco CFA n\u00edvel I 2024 Fintree"},"content":{"rendered":"<p>Est\u00e1 \u00e0 venda um e-Book 2024 CFA n\u00edvel I Fintree Juice Notes PDF.<\/p>\n\n\n\n<p>Inclui um conjunto de 10 livros:<\/p>\n\n\n\n<ol class=\"wp-block-list\">\n<li>Padr\u00f5es \u00e9ticos e profissionais<\/li>\n\n\n\n<li>M\u00e9todos quantitativos<\/li>\n\n\n\n<li>Economia<\/li>\n\n\n\n<li>An\u00e1lise de demonstrativos financeiros<\/li>\n\n\n\n<li>Emissores corporativos<\/li>\n\n\n\n<li>Investimentos em a\u00e7\u00f5es<\/li>\n\n\n\n<li>Renda fixa<\/li>\n\n\n\n<li>Derivativos<\/li>\n\n\n\n<li>Investimentos alternativos<\/li>\n\n\n\n<li>Gerenciamento de portf\u00f3lio<\/li>\n<\/ol>\n\n\n\n<p>Este n\u00e3o \u00e9 um livro f\u00edsico, \u00e9 uma c\u00f3pia digital em PDF. N\u00e3o compre se voc\u00ea quiser uma c\u00f3pia f\u00edsica. Ap\u00f3s a finaliza\u00e7\u00e3o da compra, voc\u00ea poder\u00e1 fazer o download do livro eletr\u00f4nico instantaneamente.<\/p>","protected":false},"excerpt":{"rendered":"<p>For sale is an e-Book 2024 CFA level I Fintree Juice Notes PDF. Includes Set of 10 books: This is not a physical book it is a&nbsp;PDF&nbsp;digital copy. Please do not purchase if you want a physical hard copy. After checkout you can download the e-Book instantly.<\/p>","protected":false},"featured_media":8402,"comment_status":"closed","ping_status":"closed","template":"","meta":[],"product_brand":[],"product_cat":[260],"product_tag":[86,93,88,90,87,91,92,173],"class_list":{"0":"post-8199","1":"product","2":"type-product","3":"status-publish","4":"has-post-thumbnail","6":"product_cat-cfa-level-1","7":"product_tag-cfa-2024","8":"product_tag-cfa-books","9":"product_tag-cfa-ebooks","10":"product_tag-cfa-exam","11":"product_tag-cfa-level-i","12":"product_tag-cfa-prep","13":"product_tag-cfa-test","14":"product_tag-juicenotes","16":"first","17":"instock","18":"downloadable","19":"virtual","20":"sold-individually","21":"purchasable","22":"product-type-simple"},"_links":{"self":[{"href":"https:\/\/www.cfaebooks.com\/pt_br\/wp-json\/wp\/v2\/product\/8199","targetHints":{"allow":["GET"]}}],"collection":[{"href":"https:\/\/www.cfaebooks.com\/pt_br\/wp-json\/wp\/v2\/product"}],"about":[{"href":"https:\/\/www.cfaebooks.com\/pt_br\/wp-json\/wp\/v2\/types\/product"}],"replies":[{"embeddable":true,"href":"https:\/\/www.cfaebooks.com\/pt_br\/wp-json\/wp\/v2\/comments?post=8199"}],"wp:featuredmedia":[{"embeddable":true,"href":"https:\/\/www.cfaebooks.com\/pt_br\/wp-json\/wp\/v2\/media\/8402"}],"wp:attachment":[{"href":"https:\/\/www.cfaebooks.com\/pt_br\/wp-json\/wp\/v2\/media?parent=8199"}],"wp:term":[{"taxonomy":"product_brand","embeddable":true,"href":"https:\/\/www.cfaebooks.com\/pt_br\/wp-json\/wp\/v2\/product_brand?post=8199"},{"taxonomy":"product_cat","embeddable":true,"href":"https:\/\/www.cfaebooks.com\/pt_br\/wp-json\/wp\/v2\/product_cat?post=8199"},{"taxonomy":"product_tag","embeddable":true,"href":"https:\/\/www.cfaebooks.com\/pt_br\/wp-json\/wp\/v2\/product_tag?post=8199"}],"curies":[{"name":"wp","href":"https:\/\/api.w.org\/{rel}","templated":true}]}}