{"id":16435,"date":"2026-02-20T15:50:39","date_gmt":"2026-02-20T15:50:39","guid":{"rendered":"https:\/\/www.cfaebooks.com\/?post_type=product&#038;p=16435"},"modified":"2026-04-03T08:09:28","modified_gmt":"2026-04-03T08:09:28","slug":"cfa-2026-uworld-question-bank-level-1","status":"publish","type":"product","link":"https:\/\/www.cfaebooks.com\/pt_br\/products\/cfa-2026-uworld-question-bank-level-1\/","title":{"rendered":"CFA 2026 UWorld Question Bank Level 1"},"content":{"rendered":"<p>Est\u00e1 \u00e0 venda um livro eletr\u00f4nico <strong>CFA 2026 UWorld Question Bank Level 1<\/strong>.<\/p>\n\n\n\n<p>Incluindo os seguintes t\u00f3picos:<\/p>\n\n\n\n<ol class=\"wp-block-list\">\n<li><strong>M\u00e9todos quantitativos<\/strong><\/li>\n\n\n\n<li><strong>Economia<\/strong><\/li>\n\n\n\n<li><strong>Emissores corporativos<\/strong><\/li>\n\n\n\n<li><strong>An\u00e1lise de demonstrativos financeiros<\/strong><\/li>\n\n\n\n<li><strong>Investimentos em a\u00e7\u00f5es<\/strong><\/li>\n\n\n\n<li><strong>Renda fixa<\/strong><\/li>\n\n\n\n<li><strong>Derivativos<\/strong><\/li>\n\n\n\n<li><strong>Investimentos alternativos<\/strong><\/li>\n\n\n\n<li><strong>Gerenciamento de portf\u00f3lio<\/strong><\/li>\n\n\n\n<li><strong>\u00c9tica<\/strong><\/li>\n<\/ol>\n\n\n\n<p>O texto pode ser pesquisado usando o recurso de localiza\u00e7\u00e3o no teclado do computador 'ctrl+f' e por meio da pesquisa em seu smartphone\/tablet. Esses livros n\u00e3o s\u00e3o f\u00edsicos, s\u00e3o c\u00f3pias digitais em PDF. N\u00e3o compre se voc\u00ea quiser uma c\u00f3pia f\u00edsica.<\/p>\n\n\n\n<p>Ap\u00f3s a finaliza\u00e7\u00e3o da compra, voc\u00ea poder\u00e1 fazer o download do eBook imediatamente.<\/p>","protected":false},"excerpt":{"rendered":"<p>For sale is an e-Book CFA 2026 UWorld Question Bank Level 1. Including the following topics: The text is searchable using the find feature on your computer keyboard \u2018ctrl+f\u2019 and through search on your smartphone\/tablet. These are not physical books they are PDF digital copies. Please do not purchase if you want a physical hard [&hellip;]<\/p>\n","protected":false},"featured_media":16447,"comment_status":"closed","ping_status":"closed","template":"","meta":[],"product_brand":[],"product_cat":[260],"product_tag":[369,93,88,90,370,87,91,166,92,365,408,162,395],"class_list":{"0":"post-16435","1":"product","2":"type-product","3":"status-publish","4":"has-post-thumbnail","6":"product_cat-cfa-level-1","7":"product_tag-cfa-2026","8":"product_tag-cfa-books","9":"product_tag-cfa-ebooks","10":"product_tag-cfa-exam","11":"product_tag-cfa-level-1-2026","12":"product_tag-cfa-level-i","13":"product_tag-cfa-prep","14":"product_tag-cfa-question-bank","15":"product_tag-cfa-test","16":"product_tag-cfa-uworld","17":"product_tag-cfa-uworld-qbank","18":"product_tag-qbank","19":"product_tag-uworld-qbank","21":"first","22":"instock","23":"downloadable","24":"virtual","25":"sold-individually","26":"purchasable","27":"product-type-simple"},"_links":{"self":[{"href":"https:\/\/www.cfaebooks.com\/pt_br\/wp-json\/wp\/v2\/product\/16435","targetHints":{"allow":["GET"]}}],"collection":[{"href":"https:\/\/www.cfaebooks.com\/pt_br\/wp-json\/wp\/v2\/product"}],"about":[{"href":"https:\/\/www.cfaebooks.com\/pt_br\/wp-json\/wp\/v2\/types\/product"}],"replies":[{"embeddable":true,"href":"https:\/\/www.cfaebooks.com\/pt_br\/wp-json\/wp\/v2\/comments?post=16435"}],"wp:featuredmedia":[{"embeddable":true,"href":"https:\/\/www.cfaebooks.com\/pt_br\/wp-json\/wp\/v2\/media\/16447"}],"wp:attachment":[{"href":"https:\/\/www.cfaebooks.com\/pt_br\/wp-json\/wp\/v2\/media?parent=16435"}],"wp:term":[{"taxonomy":"product_brand","embeddable":true,"href":"https:\/\/www.cfaebooks.com\/pt_br\/wp-json\/wp\/v2\/product_brand?post=16435"},{"taxonomy":"product_cat","embeddable":true,"href":"https:\/\/www.cfaebooks.com\/pt_br\/wp-json\/wp\/v2\/product_cat?post=16435"},{"taxonomy":"product_tag","embeddable":true,"href":"https:\/\/www.cfaebooks.com\/pt_br\/wp-json\/wp\/v2\/product_tag?post=16435"}],"curies":[{"name":"wp","href":"https:\/\/api.w.org\/{rel}","templated":true}]}}