{"id":15362,"date":"2025-12-08T04:55:56","date_gmt":"2025-12-08T04:55:56","guid":{"rendered":"https:\/\/www.cfaebooks.com\/?post_type=product&#038;p=15362"},"modified":"2026-04-03T08:08:07","modified_gmt":"2026-04-03T08:08:07","slug":"2026-cfa-level-2-schweser-question-bank-module-quiz-checkpoint-exam-and-topic-quiz","status":"publish","type":"product","link":"https:\/\/www.cfaebooks.com\/pt_br\/products\/2026-cfa-level-2-schweser-question-bank-module-quiz-checkpoint-exam-and-topic-quiz\/","title":{"rendered":"2026 CFA Level 2 Schweser Question Bank, Module Quiz, Checkpoint Exam and Topic Quiz"},"content":{"rendered":"<p>For sale is an e-Book CFA 2026 Level 2 Schweser Question Bank, Module Quiz,  Checkpoint Exam and Topic Quiz.<\/p>\n\n\n\n<p><strong>Inclui os seguintes t\u00f3picos:<\/strong><\/p>\n\n\n\n<ol class=\"wp-block-list\">\n<li><em>M\u00e9todos quantitativos<\/em><\/li>\n\n\n\n<li><em>Economia<\/em><\/li>\n\n\n\n<li><em>An\u00e1lise de demonstrativos financeiros<\/em><\/li>\n\n\n\n<li><em>Emissores corporativos<\/em><\/li>\n\n\n\n<li><em>Avalia\u00e7\u00e3o de patrim\u00f4nio l\u00edquido<\/em><\/li>\n\n\n\n<li><em>Renda fixa<\/em><\/li>\n\n\n\n<li><em>Derivativos<\/em><\/li>\n\n\n\n<li><em>Investimentos alternativos<\/em><\/li>\n\n\n\n<li><em>Gerenciamento de portf\u00f3lio<\/em><\/li>\n\n\n\n<li><em>Ethics and Professional Standards<\/em>.<\/li>\n<\/ol>\n\n\n\n<ul class=\"wp-block-list\">\n<li>Inclui um arquivo separado para perguntas e respostas, para que voc\u00ea possa fazer perguntas e depois comparar suas respostas<\/li>\n\n\n\n<li>O texto pode ser pesquisado usando o recurso de localiza\u00e7\u00e3o no teclado de seu computador 'ctrl+f' e por meio de pesquisa em seu smartphone\/tablet<\/li>\n\n\n\n<li>Este n\u00e3o \u00e9 um livro f\u00edsico, \u00e9 uma c\u00f3pia digital em PDF. N\u00e3o compre se voc\u00ea quiser uma c\u00f3pia f\u00edsica.<\/li>\n\n\n\n<li>Ap\u00f3s a finaliza\u00e7\u00e3o da compra, voc\u00ea poder\u00e1 fazer o download do e-Book imediatamente.<\/li>\n<\/ul>","protected":false},"excerpt":{"rendered":"<p>For sale is an e-Book CFA 2026 Level 2 Schweser Question Bank, Module Quiz, Checkpoint Exam and Topic Quiz. Includes the following topics:<\/p>","protected":false},"featured_media":15363,"comment_status":"closed","ping_status":"closed","template":"","meta":[],"product_brand":[],"product_cat":[266],"product_tag":[369,93,88,90,178,375,91,166,92,162,161,394,163],"class_list":{"0":"post-15362","1":"product","2":"type-product","3":"status-publish","4":"has-post-thumbnail","6":"product_cat-cfa-level-2","7":"product_tag-cfa-2026","8":"product_tag-cfa-books","9":"product_tag-cfa-ebooks","10":"product_tag-cfa-exam","11":"product_tag-cfa-level-2","12":"product_tag-cfa-level-2-2026","13":"product_tag-cfa-prep","14":"product_tag-cfa-question-bank","15":"product_tag-cfa-test","16":"product_tag-qbank","17":"product_tag-question-bank","18":"product_tag-schweser","19":"product_tag-schweser-qbank","21":"first","22":"instock","23":"downloadable","24":"virtual","25":"sold-individually","26":"purchasable","27":"product-type-simple"},"_links":{"self":[{"href":"https:\/\/www.cfaebooks.com\/pt_br\/wp-json\/wp\/v2\/product\/15362","targetHints":{"allow":["GET"]}}],"collection":[{"href":"https:\/\/www.cfaebooks.com\/pt_br\/wp-json\/wp\/v2\/product"}],"about":[{"href":"https:\/\/www.cfaebooks.com\/pt_br\/wp-json\/wp\/v2\/types\/product"}],"replies":[{"embeddable":true,"href":"https:\/\/www.cfaebooks.com\/pt_br\/wp-json\/wp\/v2\/comments?post=15362"}],"wp:featuredmedia":[{"embeddable":true,"href":"https:\/\/www.cfaebooks.com\/pt_br\/wp-json\/wp\/v2\/media\/15363"}],"wp:attachment":[{"href":"https:\/\/www.cfaebooks.com\/pt_br\/wp-json\/wp\/v2\/media?parent=15362"}],"wp:term":[{"taxonomy":"product_brand","embeddable":true,"href":"https:\/\/www.cfaebooks.com\/pt_br\/wp-json\/wp\/v2\/product_brand?post=15362"},{"taxonomy":"product_cat","embeddable":true,"href":"https:\/\/www.cfaebooks.com\/pt_br\/wp-json\/wp\/v2\/product_cat?post=15362"},{"taxonomy":"product_tag","embeddable":true,"href":"https:\/\/www.cfaebooks.com\/pt_br\/wp-json\/wp\/v2\/product_tag?post=15362"}],"curies":[{"name":"wp","href":"https:\/\/api.w.org\/{rel}","templated":true}]}}