{"id":14877,"date":"2025-11-03T00:04:27","date_gmt":"2025-11-03T00:04:27","guid":{"rendered":"https:\/\/www.cfaebooks.com\/?post_type=product&#038;p=14877"},"modified":"2026-04-03T08:07:08","modified_gmt":"2026-04-03T08:07:08","slug":"cfa-2026-schweser-notes-level-2-with-quicksheet","status":"publish","type":"product","link":"https:\/\/www.cfaebooks.com\/pt_br\/products\/cfa-2026-schweser-notes-level-2-with-quicksheet\/","title":{"rendered":"CFA 2026 Notas Schweser N\u00edvel 2 com Quicksheet"},"content":{"rendered":"<p>Est\u00e1 \u00e0 venda um e-book 2026 CFA Schweser Notes N\u00edvel 2 com Quicksheet.<\/p>\n\n\n\n<ul class=\"wp-block-list\">\n<li>Inclui um conjunto de 5 livros:\n<ul class=\"wp-block-list\">\n<li><strong><em>Livro 1: M\u00e9todos Quantitativos e Economia<\/em><\/strong><\/li>\n\n\n\n<li><strong><em>Livro 2: An\u00e1lise de demonstra\u00e7\u00f5es financeiras e emissores corporativos<\/em><\/strong><\/li>\n\n\n\n<li><strong><em>Livro 3: Avalia\u00e7\u00e3o de patrim\u00f4nio l\u00edquido<\/em><\/strong><\/li>\n\n\n\n<li><strong><em>Livro 4: Renda Fixa, Derivativos e Investimentos Alternativos<\/em><\/strong><\/li>\n\n\n\n<li><strong><em>Livro 5: Gerenciamento de portf\u00f3lio e padr\u00f5es \u00e9ticos e profissionais<\/em><\/strong>.<\/li>\n<\/ul>\n<\/li>\n\n\n\n<li>O Quicksheet tem 6 p\u00e1ginas no total<\/li>\n\n\n\n<li>O pacote inclui vers\u00f5es em pdf, epub e web.<\/li>\n<\/ul>\n\n\n\n<p>Este n\u00e3o \u00e9 um livro f\u00edsico, \u00e9 uma c\u00f3pia digital em PDF. N\u00e3o compre se voc\u00ea quiser uma c\u00f3pia f\u00edsica. Ap\u00f3s a finaliza\u00e7\u00e3o da compra, voc\u00ea poder\u00e1 fazer o download do livro eletr\u00f4nico imediatamente.<\/p>","protected":false},"excerpt":{"rendered":"<p>For sale is an e-Book 2026 CFA Schweser Notes Level 2 with Quicksheet. This is not a physical book it is a&nbsp;PDF&nbsp;digital copy. Please do not purchase if you want a physical hard copy. After checkout you can download the e-Book immediately.<\/p>","protected":false},"featured_media":14878,"comment_status":"closed","ping_status":"closed","template":"","meta":[],"product_brand":[],"product_cat":[266],"product_tag":[369,93,88,90,375,91,363,92,158,179],"class_list":{"0":"post-14877","1":"product","2":"type-product","3":"status-publish","4":"has-post-thumbnail","6":"product_cat-cfa-level-2","7":"product_tag-cfa-2026","8":"product_tag-cfa-books","9":"product_tag-cfa-ebooks","10":"product_tag-cfa-exam","11":"product_tag-cfa-level-2-2026","12":"product_tag-cfa-prep","13":"product_tag-cfa-study-notes","14":"product_tag-cfa-test","15":"product_tag-kaplan-schweser","16":"product_tag-schweser-notes","18":"first","19":"instock","20":"downloadable","21":"virtual","22":"sold-individually","23":"purchasable","24":"product-type-simple"},"_links":{"self":[{"href":"https:\/\/www.cfaebooks.com\/pt_br\/wp-json\/wp\/v2\/product\/14877","targetHints":{"allow":["GET"]}}],"collection":[{"href":"https:\/\/www.cfaebooks.com\/pt_br\/wp-json\/wp\/v2\/product"}],"about":[{"href":"https:\/\/www.cfaebooks.com\/pt_br\/wp-json\/wp\/v2\/types\/product"}],"replies":[{"embeddable":true,"href":"https:\/\/www.cfaebooks.com\/pt_br\/wp-json\/wp\/v2\/comments?post=14877"}],"wp:featuredmedia":[{"embeddable":true,"href":"https:\/\/www.cfaebooks.com\/pt_br\/wp-json\/wp\/v2\/media\/14878"}],"wp:attachment":[{"href":"https:\/\/www.cfaebooks.com\/pt_br\/wp-json\/wp\/v2\/media?parent=14877"}],"wp:term":[{"taxonomy":"product_brand","embeddable":true,"href":"https:\/\/www.cfaebooks.com\/pt_br\/wp-json\/wp\/v2\/product_brand?post=14877"},{"taxonomy":"product_cat","embeddable":true,"href":"https:\/\/www.cfaebooks.com\/pt_br\/wp-json\/wp\/v2\/product_cat?post=14877"},{"taxonomy":"product_tag","embeddable":true,"href":"https:\/\/www.cfaebooks.com\/pt_br\/wp-json\/wp\/v2\/product_tag?post=14877"}],"curies":[{"name":"wp","href":"https:\/\/api.w.org\/{rel}","templated":true}]}}