{"id":14339,"date":"2025-10-13T01:11:39","date_gmt":"2025-10-13T01:11:39","guid":{"rendered":"https:\/\/www.cfaebooks.com\/?post_type=product&#038;p=14339"},"modified":"2026-04-03T08:06:52","modified_gmt":"2026-04-03T08:06:52","slug":"2026-cfa-level-1-finquiz-question-bank","status":"publish","type":"product","link":"https:\/\/www.cfaebooks.com\/pt_br\/products\/2026-cfa-level-1-finquiz-question-bank\/","title":{"rendered":"2026 CFA Level 1 Finquiz Question Bank"},"content":{"rendered":"<p>Est\u00e1 \u00e0 venda um livro eletr\u00f4nico <strong>2026 CFA Finquiz Question Bank Level 1 <\/strong>PDF.<\/p>\n\n\n\n<ul class=\"wp-block-list\">\n<li>T\u00f3pico abordado:\n<ol class=\"wp-block-list\">\n<li>M\u00e9todos quantitativos<\/li>\n\n\n\n<li>Economia<\/li>\n\n\n\n<li>Emissores corporativos<\/li>\n\n\n\n<li>An\u00e1lise de demonstrativos financeiros<\/li>\n\n\n\n<li>Investimentos em a\u00e7\u00f5es<\/li>\n\n\n\n<li>Renda fixa<\/li>\n\n\n\n<li>Investimentos em derivativos<\/li>\n\n\n\n<li>Investimentos alternativos <\/li>\n\n\n\n<li>Gerenciamento de portf\u00f3lio<\/li>\n\n\n\n<li>Padr\u00f5es \u00e9ticos e profissionais<\/li>\n<\/ol>\n<\/li>\n\n\n\n<li>Inclui um arquivo separado para perguntas e respostas, para que voc\u00ea possa fazer perguntas e depois comparar suas respostas <\/li>\n\n\n\n<li>O texto pode ser pesquisado usando o recurso de localiza\u00e7\u00e3o no teclado de seu computador 'ctrl+f' e por meio de pesquisa em seu smartphone\/tablet<\/li>\n\n\n\n<li>Este n\u00e3o \u00e9 um livro f\u00edsico, \u00e9 uma c\u00f3pia digital em PDF. N\u00e3o compre se voc\u00ea quiser uma c\u00f3pia f\u00edsica.<\/li>\n\n\n\n<li>Ap\u00f3s a finaliza\u00e7\u00e3o da compra, voc\u00ea poder\u00e1 fazer o download do e-Book imediatamente.<\/li>\n<\/ul>","protected":false},"excerpt":{"rendered":"<p>Est\u00e1 \u00e0 venda um e-Book 2026 CFA Finquiz Question Bank Level 1 PDF.<\/p>","protected":false},"featured_media":14340,"comment_status":"closed","ping_status":"closed","template":"","meta":[],"product_brand":[],"product_cat":[260],"product_tag":[369,93,88,90,370,87,91,92,162,161,163],"class_list":{"0":"post-14339","1":"product","2":"type-product","3":"status-publish","4":"has-post-thumbnail","6":"product_cat-cfa-level-1","7":"product_tag-cfa-2026","8":"product_tag-cfa-books","9":"product_tag-cfa-ebooks","10":"product_tag-cfa-exam","11":"product_tag-cfa-level-1-2026","12":"product_tag-cfa-level-i","13":"product_tag-cfa-prep","14":"product_tag-cfa-test","15":"product_tag-qbank","16":"product_tag-question-bank","17":"product_tag-schweser-qbank","19":"first","20":"instock","21":"downloadable","22":"virtual","23":"sold-individually","24":"purchasable","25":"product-type-simple"},"_links":{"self":[{"href":"https:\/\/www.cfaebooks.com\/pt_br\/wp-json\/wp\/v2\/product\/14339","targetHints":{"allow":["GET"]}}],"collection":[{"href":"https:\/\/www.cfaebooks.com\/pt_br\/wp-json\/wp\/v2\/product"}],"about":[{"href":"https:\/\/www.cfaebooks.com\/pt_br\/wp-json\/wp\/v2\/types\/product"}],"replies":[{"embeddable":true,"href":"https:\/\/www.cfaebooks.com\/pt_br\/wp-json\/wp\/v2\/comments?post=14339"}],"wp:featuredmedia":[{"embeddable":true,"href":"https:\/\/www.cfaebooks.com\/pt_br\/wp-json\/wp\/v2\/media\/14340"}],"wp:attachment":[{"href":"https:\/\/www.cfaebooks.com\/pt_br\/wp-json\/wp\/v2\/media?parent=14339"}],"wp:term":[{"taxonomy":"product_brand","embeddable":true,"href":"https:\/\/www.cfaebooks.com\/pt_br\/wp-json\/wp\/v2\/product_brand?post=14339"},{"taxonomy":"product_cat","embeddable":true,"href":"https:\/\/www.cfaebooks.com\/pt_br\/wp-json\/wp\/v2\/product_cat?post=14339"},{"taxonomy":"product_tag","embeddable":true,"href":"https:\/\/www.cfaebooks.com\/pt_br\/wp-json\/wp\/v2\/product_tag?post=14339"}],"curies":[{"name":"wp","href":"https:\/\/api.w.org\/{rel}","templated":true}]}}