{"id":14206,"date":"2025-10-09T08:04:36","date_gmt":"2025-10-09T08:04:36","guid":{"rendered":"https:\/\/www.cfaebooks.com\/?post_type=product&#038;p=14206"},"modified":"2026-04-03T08:06:30","modified_gmt":"2026-04-03T08:06:30","slug":"2026-cfa-level-3-ift-mock-exam-portfolio-management-pathway","status":"publish","type":"product","link":"https:\/\/www.cfaebooks.com\/pt_br\/products\/2026-cfa-level-3-ift-mock-exam-portfolio-management-pathway\/","title":{"rendered":"2026 CFA Level 3 IFT Mock Exam: Caminho para o gerenciamento de portf\u00f3lio"},"content":{"rendered":"<p>Est\u00e1 \u00e0 venda um e-Book 2026 CFA Level 3 IFT Mock Exams Portfolio Management Pathway PDF.<\/p>\n\n\n\n<ul class=\"wp-block-list\">\n<li>Incluindo 2 sess\u00f5es, <strong>4 exames simulados completos<\/strong>.<\/li>\n\n\n\n<li>Esses simulados foram projetados para o CFA Level 3 Portfolio Management Pathway em dificuldade.<\/li>\n\n\n\n<li>Inclui um arquivo separado para perguntas e respostas, para que voc\u00ea possa fazer perguntas e depois comparar suas respostas<\/li>\n\n\n\n<li>O texto pode ser pesquisado usando o recurso de localiza\u00e7\u00e3o no teclado de seu computador 'ctrl+f' e por meio de pesquisa em seu smartphone\/tablet<\/li>\n\n\n\n<li>Este n\u00e3o \u00e9 um livro f\u00edsico, \u00e9 uma c\u00f3pia digital em PDF. N\u00e3o compre se voc\u00ea quiser uma c\u00f3pia f\u00edsica.<\/li>\n\n\n\n<li>Ap\u00f3s a finaliza\u00e7\u00e3o da compra, voc\u00ea poder\u00e1 fazer o download do e-Book instantaneamente.<\/li>\n<\/ul>","protected":false},"excerpt":{"rendered":"<p>Est\u00e1 \u00e0 venda um e-Book 2026 CFA Level 3 IFT Mock Exams Portfolio Management Pathway PDF.<\/p>","protected":false},"featured_media":14208,"comment_status":"closed","ping_status":"closed","template":"","meta":[],"product_brand":[],"product_cat":[265],"product_tag":[369,93,88,90,180,371,361,311,91,92],"class_list":{"0":"post-14206","1":"product","2":"type-product","3":"status-publish","4":"has-post-thumbnail","6":"product_cat-cfa-level-3","7":"product_tag-cfa-2026","8":"product_tag-cfa-books","9":"product_tag-cfa-ebooks","10":"product_tag-cfa-exam","11":"product_tag-cfa-level-3","12":"product_tag-cfa-level-3-2026","13":"product_tag-cfa-mock-exams","14":"product_tag-cfa-mocks","15":"product_tag-cfa-prep","16":"product_tag-cfa-test","18":"first","19":"instock","20":"downloadable","21":"virtual","22":"sold-individually","23":"purchasable","24":"product-type-simple"},"_links":{"self":[{"href":"https:\/\/www.cfaebooks.com\/pt_br\/wp-json\/wp\/v2\/product\/14206","targetHints":{"allow":["GET"]}}],"collection":[{"href":"https:\/\/www.cfaebooks.com\/pt_br\/wp-json\/wp\/v2\/product"}],"about":[{"href":"https:\/\/www.cfaebooks.com\/pt_br\/wp-json\/wp\/v2\/types\/product"}],"replies":[{"embeddable":true,"href":"https:\/\/www.cfaebooks.com\/pt_br\/wp-json\/wp\/v2\/comments?post=14206"}],"wp:featuredmedia":[{"embeddable":true,"href":"https:\/\/www.cfaebooks.com\/pt_br\/wp-json\/wp\/v2\/media\/14208"}],"wp:attachment":[{"href":"https:\/\/www.cfaebooks.com\/pt_br\/wp-json\/wp\/v2\/media?parent=14206"}],"wp:term":[{"taxonomy":"product_brand","embeddable":true,"href":"https:\/\/www.cfaebooks.com\/pt_br\/wp-json\/wp\/v2\/product_brand?post=14206"},{"taxonomy":"product_cat","embeddable":true,"href":"https:\/\/www.cfaebooks.com\/pt_br\/wp-json\/wp\/v2\/product_cat?post=14206"},{"taxonomy":"product_tag","embeddable":true,"href":"https:\/\/www.cfaebooks.com\/pt_br\/wp-json\/wp\/v2\/product_tag?post=14206"}],"curies":[{"name":"wp","href":"https:\/\/api.w.org\/{rel}","templated":true}]}}