{"id":13842,"date":"2025-09-30T07:41:41","date_gmt":"2025-09-30T07:41:41","guid":{"rendered":"https:\/\/www.cfaebooks.com\/?post_type=product&#038;p=13842"},"modified":"2026-04-03T08:05:55","modified_gmt":"2026-04-03T08:05:55","slug":"cfa-level-1-2026-salt-solutions-videos-and-notes","status":"publish","type":"product","link":"https:\/\/www.cfaebooks.com\/pt_br\/products\/cfa-level-1-2026-salt-solutions-videos-and-notes\/","title":{"rendered":"CFA Level 1 2026 Salt Solutions V\u00eddeos e anota\u00e7\u00f5es"},"content":{"rendered":"<p>Est\u00e1 \u00e0 venda o CFA Level 1 Salt Solutions 2026, v\u00eddeos e anota\u00e7\u00f5es.<\/p>\n\n\n\n<p>Inclui os 10 t\u00f3picos a seguir:&nbsp;<\/p>\n\n\n\n<ol class=\"wp-block-list\">\n<li><em><strong>M\u00e9todos quantitativos<\/strong><\/em><\/li>\n\n\n\n<li><em><strong>Economia<\/strong><\/em><\/li>\n\n\n\n<li><em><strong>Emissores corporativos<\/strong><\/em><\/li>\n\n\n\n<li><em><strong>An\u00e1lise de demonstrativos financeiros<\/strong><\/em><\/li>\n\n\n\n<li><em><strong>A\u00e7\u00f5es<\/strong><\/em><\/li>\n\n\n\n<li><em><strong>Renda fixa<\/strong><\/em><\/li>\n\n\n\n<li><em><strong>Derivativos<\/strong><\/em><\/li>\n\n\n\n<li><em><strong>Investimentos alternativos<\/strong><\/em><\/li>\n\n\n\n<li><em><strong>Gerenciamento de portf\u00f3lio<\/strong><\/em><\/li>\n\n\n\n<li><em><strong>\u00c9tica.<\/strong><\/em><\/li>\n<\/ol>\n\n\n\n<ul class=\"wp-block-list\">\n<li><strong>Incluindo notas para cada t\u00f3pico<\/strong><\/li>\n\n\n\n<li>O texto pode ser pesquisado usando o recurso de localiza\u00e7\u00e3o no teclado de seu computador 'ctrl+f' e por meio de pesquisa em seu smartphone\/tablet<\/li>\n\n\n\n<li>Ap\u00f3s a finaliza\u00e7\u00e3o da compra, voc\u00ea poder\u00e1 fazer o download instantaneamente.<\/li>\n<\/ul>\n\n\n\n<p><\/p>","protected":false},"excerpt":{"rendered":"<p>For sale is the 2026 CFA Level 1 Salt Solutions Videos and Notes. Includes the following 10 topics:&nbsp;<\/p>","protected":false},"featured_media":13843,"comment_status":"closed","ping_status":"closed","template":"","meta":[],"product_brand":[],"product_cat":[260],"product_tag":[369,93,88,90,370,87,91,92,302,377,271],"class_list":{"0":"post-13842","1":"product","2":"type-product","3":"status-publish","4":"has-post-thumbnail","6":"product_cat-cfa-level-1","7":"product_tag-cfa-2026","8":"product_tag-cfa-books","9":"product_tag-cfa-ebooks","10":"product_tag-cfa-exam","11":"product_tag-cfa-level-1-2026","12":"product_tag-cfa-level-i","13":"product_tag-cfa-prep","14":"product_tag-cfa-test","15":"product_tag-cfa-video-lectures","16":"product_tag-salt-solutions","17":"product_tag-video-lectures","19":"first","20":"instock","21":"downloadable","22":"virtual","23":"sold-individually","24":"purchasable","25":"product-type-simple"},"_links":{"self":[{"href":"https:\/\/www.cfaebooks.com\/pt_br\/wp-json\/wp\/v2\/product\/13842","targetHints":{"allow":["GET"]}}],"collection":[{"href":"https:\/\/www.cfaebooks.com\/pt_br\/wp-json\/wp\/v2\/product"}],"about":[{"href":"https:\/\/www.cfaebooks.com\/pt_br\/wp-json\/wp\/v2\/types\/product"}],"replies":[{"embeddable":true,"href":"https:\/\/www.cfaebooks.com\/pt_br\/wp-json\/wp\/v2\/comments?post=13842"}],"wp:featuredmedia":[{"embeddable":true,"href":"https:\/\/www.cfaebooks.com\/pt_br\/wp-json\/wp\/v2\/media\/13843"}],"wp:attachment":[{"href":"https:\/\/www.cfaebooks.com\/pt_br\/wp-json\/wp\/v2\/media?parent=13842"}],"wp:term":[{"taxonomy":"product_brand","embeddable":true,"href":"https:\/\/www.cfaebooks.com\/pt_br\/wp-json\/wp\/v2\/product_brand?post=13842"},{"taxonomy":"product_cat","embeddable":true,"href":"https:\/\/www.cfaebooks.com\/pt_br\/wp-json\/wp\/v2\/product_cat?post=13842"},{"taxonomy":"product_tag","embeddable":true,"href":"https:\/\/www.cfaebooks.com\/pt_br\/wp-json\/wp\/v2\/product_tag?post=13842"}],"curies":[{"name":"wp","href":"https:\/\/api.w.org\/{rel}","templated":true}]}}