{"id":13451,"date":"2025-08-17T05:47:12","date_gmt":"2025-08-17T05:47:12","guid":{"rendered":"https:\/\/www.cfaebooks.com\/?post_type=product&#038;p=13451"},"modified":"2026-04-03T08:05:40","modified_gmt":"2026-04-03T08:05:40","slug":"frm-2025-parte-2-tartaruga-bionica-questoes-praticas-e-exames-simulados-2","status":"publish","type":"product","link":"https:\/\/www.cfaebooks.com\/pt_br\/products\/frm-2025-parte-2-tartaruga-bionica-questoes-praticas-e-exames-simulados-2\/","title":{"rendered":"FRM 2025 Parte 2 Tartaruga Bi\u00f4nica Perguntas pr\u00e1ticas e exames simulados"},"content":{"rendered":"<p>Est\u00e1 \u00e0 venda um e-Book 2025 FRM Part 2 Bionic Turtle Practice Questions and Mock Exams PDF.<\/p>\n\n\n\n<p><strong>T\u00f3picos abordados:<\/strong><\/p>\n\n\n\n<ul class=\"wp-block-list\">\n<li><strong>Medi\u00e7\u00e3o e gerenciamento de riscos de mercado<\/strong><\/li>\n\n\n\n<li><strong>Medi\u00e7\u00e3o e gerenciamento de risco de cr\u00e9dito<\/strong><\/li>\n\n\n\n<li><strong>Gerenciamento de riscos operacionais e integrados<\/strong><\/li>\n\n\n\n<li><strong>Medi\u00e7\u00e3o e gerenciamento de riscos de liquidez e tesouraria<\/strong><\/li>\n\n\n\n<li><strong>Gerenciamento de riscos e gerenciamento de investimentos<\/strong><\/li>\n<\/ul>\n\n\n\n<p>Este n\u00e3o \u00e9 um livro f\u00edsico, \u00e9 uma c\u00f3pia digital em PDF. N\u00e3o compre se voc\u00ea quiser uma c\u00f3pia f\u00edsica.<\/p>\n\n\n\n<p>Ap\u00f3s a finaliza\u00e7\u00e3o da compra, voc\u00ea poder\u00e1 fazer o download do e-Book instantaneamente.<\/p>","protected":false},"excerpt":{"rendered":"<p>For sale is an e-Book 2025 FRM Part 2 Bionic Turtle Practice Questions and Mock Exams PDF. Topics Covered: This is not a physical book it is a&nbsp;PDF&nbsp;digital copy. Please do not purchase if you want a physical hard copy. After checkout you can download the e-Book instantly.<\/p>","protected":false},"featured_media":13452,"comment_status":"closed","ping_status":"closed","template":"","meta":[],"product_brand":[],"product_cat":[325],"product_tag":[263,374,326,185,186,181,188,329,182,204,183],"class_list":{"0":"post-13451","1":"product","2":"type-product","3":"status-publish","4":"has-post-thumbnail","6":"product_cat-frm-part-2","7":"product_tag-bionic-turtle","8":"product_tag-bionic-turtle-frm","9":"product_tag-frm-2025","10":"product_tag-frm-books","11":"product_tag-frm-ebooks","12":"product_tag-frm-exam","13":"product_tag-frm-part-2","14":"product_tag-frm-part-2-2025","15":"product_tag-frm-prep","16":"product_tag-frm-question-bank","17":"product_tag-frm-test","19":"first","20":"instock","21":"downloadable","22":"virtual","23":"sold-individually","24":"purchasable","25":"product-type-simple"},"_links":{"self":[{"href":"https:\/\/www.cfaebooks.com\/pt_br\/wp-json\/wp\/v2\/product\/13451","targetHints":{"allow":["GET"]}}],"collection":[{"href":"https:\/\/www.cfaebooks.com\/pt_br\/wp-json\/wp\/v2\/product"}],"about":[{"href":"https:\/\/www.cfaebooks.com\/pt_br\/wp-json\/wp\/v2\/types\/product"}],"replies":[{"embeddable":true,"href":"https:\/\/www.cfaebooks.com\/pt_br\/wp-json\/wp\/v2\/comments?post=13451"}],"wp:featuredmedia":[{"embeddable":true,"href":"https:\/\/www.cfaebooks.com\/pt_br\/wp-json\/wp\/v2\/media\/13452"}],"wp:attachment":[{"href":"https:\/\/www.cfaebooks.com\/pt_br\/wp-json\/wp\/v2\/media?parent=13451"}],"wp:term":[{"taxonomy":"product_brand","embeddable":true,"href":"https:\/\/www.cfaebooks.com\/pt_br\/wp-json\/wp\/v2\/product_brand?post=13451"},{"taxonomy":"product_cat","embeddable":true,"href":"https:\/\/www.cfaebooks.com\/pt_br\/wp-json\/wp\/v2\/product_cat?post=13451"},{"taxonomy":"product_tag","embeddable":true,"href":"https:\/\/www.cfaebooks.com\/pt_br\/wp-json\/wp\/v2\/product_tag?post=13451"}],"curies":[{"name":"wp","href":"https:\/\/api.w.org\/{rel}","templated":true}]}}