{"id":13376,"date":"2025-08-13T12:36:47","date_gmt":"2025-08-13T12:36:47","guid":{"rendered":"https:\/\/www.cfaebooks.com\/?post_type=product&#038;p=13376"},"modified":"2026-04-03T08:05:19","modified_gmt":"2026-04-03T08:05:19","slug":"cfa-2026-ift-study-notes-level-3-portfolio-management-pathway-with-formula-sheet","status":"publish","type":"product","link":"https:\/\/www.cfaebooks.com\/pt_br\/products\/cfa-2026-ift-study-notes-level-3-portfolio-management-pathway-with-formula-sheet\/","title":{"rendered":"CFA 2026 IFT Study Notes Level 3 Portfolio Management Pathway with Formula Sheet"},"content":{"rendered":"<p>Est\u00e1 \u00e0 venda um e-Book 2026 CFA Level 3 IFT Study Notes Portfolio Management Pathway with Formula Sheet PDF.<\/p>\n\n\n\n<p>Inclui os seguintes t\u00f3picos:<\/p>\n\n\n\n<ul class=\"wp-block-list\">\n<li>Volume 1 - Aloca\u00e7\u00e3o de ativos<\/li>\n\n\n\n<li><em>Volume 2 - Constru\u00e7\u00e3o de portf\u00f3lio<\/em><\/li>\n\n\n\n<li><em>Volume 3 - Medi\u00e7\u00e3o de desempenho<\/em><\/li>\n\n\n\n<li><em>Volume 4 - Derivativos e gerenciamento de riscos<\/em><\/li>\n\n\n\n<li><em>Volume 5 - Padr\u00f5es \u00e9ticos e profissionais<\/em><\/li>\n\n\n\n<li>Caminho do gerenciamento de portf\u00f3lio<\/li>\n\n\n\n<li><em>Folha de fatos e f\u00f3rmulas do N\u00edvel III de 2026<\/em><\/li>\n<\/ul>\n\n\n\n<p>O texto pode ser pesquisado usando o recurso de localiza\u00e7\u00e3o no teclado de seu computador 'ctrl f' e por meio de pesquisa em seu smartphone\/tablet.<\/p>\n\n\n\n<p>Voc\u00ea receber\u00e1 notas de estudo detalhadas que abrangem todas as LOS e que incluem:&nbsp;<strong><em>Resumo de cada leitura e exemplos<\/em><\/strong><\/p>\n\n\n\n<ul class=\"wp-block-list\">\n<li>Ap\u00f3s a finaliza\u00e7\u00e3o da compra, voc\u00ea poder\u00e1 fazer o download do e-Book imediatamente.<\/li>\n\n\n\n<li>Este n\u00e3o \u00e9 um livro f\u00edsico, \u00e9 uma c\u00f3pia digital em PDF. Por favor, n\u00e3o compre se voc\u00ea quiser uma c\u00f3pia f\u00edsica<\/li>\n<\/ul>\n\n\n\n<p><\/p>","protected":false},"excerpt":{"rendered":"<p>For sale is an e-Book 2026 CFA Level 3 IFT Study Notes Portfolio Management Pathway with Formula Sheet PDF. Includes the following topics: The text is searchable using the find feature on your computer keyboard &#8216;ctrl f&#8217; and through search on your smartphone\/tablet. You will get detailed Study Notes covering all LOS, and which include:&nbsp;Summary [&hellip;]<\/p>\n","protected":false},"featured_media":13377,"comment_status":"closed","ping_status":"closed","template":"","meta":[],"product_brand":[],"product_cat":[265],"product_tag":[369,93,88,90,180,371,91,363,92,372,168],"class_list":{"0":"post-13376","1":"product","2":"type-product","3":"status-publish","4":"has-post-thumbnail","6":"product_cat-cfa-level-3","7":"product_tag-cfa-2026","8":"product_tag-cfa-books","9":"product_tag-cfa-ebooks","10":"product_tag-cfa-exam","11":"product_tag-cfa-level-3","12":"product_tag-cfa-level-3-2026","13":"product_tag-cfa-prep","14":"product_tag-cfa-study-notes","15":"product_tag-cfa-test","16":"product_tag-ift-study-notes","17":"product_tag-study-notes","19":"first","20":"instock","21":"downloadable","22":"virtual","23":"sold-individually","24":"purchasable","25":"product-type-simple"},"_links":{"self":[{"href":"https:\/\/www.cfaebooks.com\/pt_br\/wp-json\/wp\/v2\/product\/13376","targetHints":{"allow":["GET"]}}],"collection":[{"href":"https:\/\/www.cfaebooks.com\/pt_br\/wp-json\/wp\/v2\/product"}],"about":[{"href":"https:\/\/www.cfaebooks.com\/pt_br\/wp-json\/wp\/v2\/types\/product"}],"replies":[{"embeddable":true,"href":"https:\/\/www.cfaebooks.com\/pt_br\/wp-json\/wp\/v2\/comments?post=13376"}],"wp:featuredmedia":[{"embeddable":true,"href":"https:\/\/www.cfaebooks.com\/pt_br\/wp-json\/wp\/v2\/media\/13377"}],"wp:attachment":[{"href":"https:\/\/www.cfaebooks.com\/pt_br\/wp-json\/wp\/v2\/media?parent=13376"}],"wp:term":[{"taxonomy":"product_brand","embeddable":true,"href":"https:\/\/www.cfaebooks.com\/pt_br\/wp-json\/wp\/v2\/product_brand?post=13376"},{"taxonomy":"product_cat","embeddable":true,"href":"https:\/\/www.cfaebooks.com\/pt_br\/wp-json\/wp\/v2\/product_cat?post=13376"},{"taxonomy":"product_tag","embeddable":true,"href":"https:\/\/www.cfaebooks.com\/pt_br\/wp-json\/wp\/v2\/product_tag?post=13376"}],"curies":[{"name":"wp","href":"https:\/\/api.w.org\/{rel}","templated":true}]}}