{"id":13247,"date":"2025-07-31T04:30:44","date_gmt":"2025-07-31T04:30:44","guid":{"rendered":"https:\/\/www.cfaebooks.com\/?post_type=product&#038;p=13247"},"modified":"2026-04-03T08:05:16","modified_gmt":"2026-04-03T08:05:16","slug":"notas-de-estudo-cfa-2026-nivel-1-ift-high-yield","status":"publish","type":"product","link":"https:\/\/www.cfaebooks.com\/pt_br\/products\/notas-de-estudo-cfa-2026-nivel-1-ift-high-yield\/","title":{"rendered":"Notas de estudo do CFA 2026 N\u00edvel 1 IFT High Yield"},"content":{"rendered":"<p>Est\u00e1 \u00e0 venda um e-Book 2026 CFA Level 1 IFT High Yield Notes PDF.<\/p>\n\n\n\n<p><strong>T\u00f3pico inclu\u00eddo:<\/strong><\/p>\n\n\n\n<ol class=\"wp-block-list\">\n<li><strong><em>M\u00e9todos quantitativos<\/em><\/strong><\/li>\n\n\n\n<li><strong><em>Economia<\/em><\/strong><\/li>\n\n\n\n<li><strong><em>Emissores corporativos<\/em><\/strong><\/li>\n\n\n\n<li><strong><em>An\u00e1lise de demonstrativos financeiros<\/em><\/strong><\/li>\n\n\n\n<li><strong><em>Patrim\u00f4nio l\u00edquido<\/em> Investimentos<\/strong><\/li>\n\n\n\n<li><strong><em>Renda fixa<\/em><\/strong><\/li>\n\n\n\n<li><strong><em>Derivativos<\/em><\/strong><\/li>\n\n\n\n<li><strong><em>Investimentos alternativos<\/em><\/strong><\/li>\n\n\n\n<li><strong><em>Gerenciamento de portf\u00f3lio<\/em><\/strong><\/li>\n\n\n\n<li><strong><strong><em>Padr\u00f5es \u00e9ticos e profissionais<\/em><\/strong>.<\/strong><\/li>\n<\/ol>\n\n\n\n<p>Ap\u00f3s a finaliza\u00e7\u00e3o da compra, voc\u00ea poder\u00e1 fazer o download dos livros eletr\u00f4nicos imediatamente. Esses livros n\u00e3o s\u00e3o f\u00edsicos, s\u00e3o c\u00f3pias digitais em PDF. N\u00e3o compre se voc\u00ea quiser uma c\u00f3pia f\u00edsica.<\/p>","protected":false},"excerpt":{"rendered":"<p>For sale is an e-Book 2026 CFA Level 1 IFT High Yield Notes PDF. Topic Included: After checkout you can download the e-Books immediately. These are not physical books they are PDF digital copies. Please do not purchase if you want a physical hard copy.<\/p>","protected":false},"featured_media":13388,"comment_status":"closed","ping_status":"closed","template":"","meta":[],"product_brand":[],"product_cat":[260],"product_tag":[369,93,90,370,87,311,91,92,335,167],"class_list":{"0":"post-13247","1":"product","2":"type-product","3":"status-publish","4":"has-post-thumbnail","6":"product_cat-cfa-level-1","7":"product_tag-cfa-2026","8":"product_tag-cfa-books","9":"product_tag-cfa-exam","10":"product_tag-cfa-level-1-2026","11":"product_tag-cfa-level-i","12":"product_tag-cfa-mocks","13":"product_tag-cfa-prep","14":"product_tag-cfa-test","15":"product_tag-high-yield-notes","16":"product_tag-ift","18":"first","19":"instock","20":"downloadable","21":"virtual","22":"sold-individually","23":"purchasable","24":"product-type-simple"},"_links":{"self":[{"href":"https:\/\/www.cfaebooks.com\/pt_br\/wp-json\/wp\/v2\/product\/13247","targetHints":{"allow":["GET"]}}],"collection":[{"href":"https:\/\/www.cfaebooks.com\/pt_br\/wp-json\/wp\/v2\/product"}],"about":[{"href":"https:\/\/www.cfaebooks.com\/pt_br\/wp-json\/wp\/v2\/types\/product"}],"replies":[{"embeddable":true,"href":"https:\/\/www.cfaebooks.com\/pt_br\/wp-json\/wp\/v2\/comments?post=13247"}],"wp:featuredmedia":[{"embeddable":true,"href":"https:\/\/www.cfaebooks.com\/pt_br\/wp-json\/wp\/v2\/media\/13388"}],"wp:attachment":[{"href":"https:\/\/www.cfaebooks.com\/pt_br\/wp-json\/wp\/v2\/media?parent=13247"}],"wp:term":[{"taxonomy":"product_brand","embeddable":true,"href":"https:\/\/www.cfaebooks.com\/pt_br\/wp-json\/wp\/v2\/product_brand?post=13247"},{"taxonomy":"product_cat","embeddable":true,"href":"https:\/\/www.cfaebooks.com\/pt_br\/wp-json\/wp\/v2\/product_cat?post=13247"},{"taxonomy":"product_tag","embeddable":true,"href":"https:\/\/www.cfaebooks.com\/pt_br\/wp-json\/wp\/v2\/product_tag?post=13247"}],"curies":[{"name":"wp","href":"https:\/\/api.w.org\/{rel}","templated":true}]}}