{"id":12941,"date":"2025-06-22T05:08:46","date_gmt":"2025-06-22T05:08:46","guid":{"rendered":"https:\/\/www.cfaebooks.com\/?post_type=product&#038;p=12941"},"modified":"2026-04-03T08:05:05","modified_gmt":"2026-04-03T08:05:05","slug":"caia-2025-nivel-2-uppermark-banco-de-questoes-crq-e-questoes-dissertativas","status":"publish","type":"product","link":"https:\/\/www.cfaebooks.com\/pt_br\/products\/caia-2025-nivel-2-uppermark-banco-de-questoes-crq-e-questoes-dissertativas\/","title":{"rendered":"Banco de perguntas, CRQ e quest\u00f5es dissertativas do CAIA 2025 N\u00edvel 2 UpperMark"},"content":{"rendered":"<p>Est\u00e1 \u00e0 venda um e-Book 2025 CAIA Level 2 UpperMark Question Bank, CRQ e Essay Questions.<\/p>\n\n\n\n<p><strong>O banco de testes inclui mais de 2.000 perguntas com respostas detalhadas.<\/strong><\/p>\n\n\n\n<p><strong>Perguntas de resposta construtiva<\/strong> (CRQ)<\/p>\n\n\n\n<p><strong>Perguntas dissertativas com modelos de respostas<\/strong><\/p>\n\n\n\n<p><strong>T\u00f3pico do QBank abordado:<\/strong><\/p>\n\n\n\n<ul class=\"wp-block-list\">\n<li>T\u00f3pico 1 Propriet\u00e1rios de ativos institucionais e pol\u00edticas de investimento<\/li>\n\n\n\n<li>T\u00f3pico 2 Aloca\u00e7\u00e3o de ativos<\/li>\n\n\n\n<li>T\u00f3pico 3 Risco e gerenciamento de risco<\/li>\n\n\n\n<li>T\u00f3pico 4 M\u00e9todos e modelos<\/li>\n\n\n\n<li>T\u00f3pico 5: Acesso a investimentos alternativos<\/li>\n\n\n\n<li>T\u00f3pico 6 Due Diligence e sele\u00e7\u00e3o de gerentes<\/li>\n\n\n\n<li>T\u00f3pico 7 Volatilidade e estrat\u00e9gias complexas<\/li>\n<\/ul>\n\n\n\n<p><strong>CRQ T\u00f3pico abordado:<\/strong><\/p>\n\n\n\n<ul class=\"wp-block-list\">\n<li>T\u00f3pico 1 Propriet\u00e1rios de ativos institucionais e pol\u00edticas de investimento<\/li>\n\n\n\n<li>T\u00f3pico 2 Aloca\u00e7\u00e3o de ativos<\/li>\n\n\n\n<li>T\u00f3pico 3 Risco e gerenciamento de risco<\/li>\n\n\n\n<li>T\u00f3pico 4 M\u00e9todos e modelos<\/li>\n\n\n\n<li>T\u00f3pico 5: Acesso a investimentos alternativos<\/li>\n\n\n\n<li>T\u00f3pico 6 Due Diligence e sele\u00e7\u00e3o de gerentes<\/li>\n\n\n\n<li>T\u00f3pico 7 Volatilidade e estrat\u00e9gias complexas<\/li>\n\n\n\n<li>T\u00f3pico 8 Considera\u00e7\u00f5es sobre o investimento universal<\/li>\n\n\n\n<li>T\u00f3pico 9 T\u00f3picos emergentes<\/li>\n<\/ul>\n\n\n\n<p>Este n\u00e3o \u00e9 um livro f\u00edsico, \u00e9 uma c\u00f3pia digital em PDF. N\u00e3o compre se voc\u00ea quiser uma c\u00f3pia f\u00edsica. Ap\u00f3s a finaliza\u00e7\u00e3o da compra, voc\u00ea poder\u00e1 fazer o download do livro eletr\u00f4nico instantaneamente.<\/p>","protected":false},"excerpt":{"rendered":"<p>For sale is an e-Book 2025 CAIA Level 2 UpperMark Question Bank, CRQ and Essay Questions. The test bank includes over 2,000 questions with detailed answers. Constructive Response Questions (CRQ) Essay Questions with Model Answers QBank Topic covered: CRQ Topic covered: This is not a physical book it is a&nbsp;PDF&nbsp;digital copy. Please do not purchase [&hellip;]<\/p>\n","protected":false},"featured_media":12942,"comment_status":"closed","ping_status":"closed","template":"","meta":[],"product_brand":[],"product_cat":[318],"product_tag":[247,319,251,368,250,248,253,252,330,331,249],"class_list":{"0":"post-12941","1":"product","2":"type-product","3":"status-publish","4":"has-post-thumbnail","6":"product_cat-caia-level-2","7":"product_tag-caia","8":"product_tag-caia-2025","9":"product_tag-caia-books","10":"product_tag-caia-crq","11":"product_tag-caia-ebooks","12":"product_tag-caia-exam","13":"product_tag-caia-level-ii","14":"product_tag-caia-prep","15":"product_tag-caia-qbank","16":"product_tag-caia-question-bank","17":"product_tag-caia-test","19":"first","20":"instock","21":"downloadable","22":"virtual","23":"sold-individually","24":"purchasable","25":"product-type-simple"},"_links":{"self":[{"href":"https:\/\/www.cfaebooks.com\/pt_br\/wp-json\/wp\/v2\/product\/12941","targetHints":{"allow":["GET"]}}],"collection":[{"href":"https:\/\/www.cfaebooks.com\/pt_br\/wp-json\/wp\/v2\/product"}],"about":[{"href":"https:\/\/www.cfaebooks.com\/pt_br\/wp-json\/wp\/v2\/types\/product"}],"replies":[{"embeddable":true,"href":"https:\/\/www.cfaebooks.com\/pt_br\/wp-json\/wp\/v2\/comments?post=12941"}],"wp:featuredmedia":[{"embeddable":true,"href":"https:\/\/www.cfaebooks.com\/pt_br\/wp-json\/wp\/v2\/media\/12942"}],"wp:attachment":[{"href":"https:\/\/www.cfaebooks.com\/pt_br\/wp-json\/wp\/v2\/media?parent=12941"}],"wp:term":[{"taxonomy":"product_brand","embeddable":true,"href":"https:\/\/www.cfaebooks.com\/pt_br\/wp-json\/wp\/v2\/product_brand?post=12941"},{"taxonomy":"product_cat","embeddable":true,"href":"https:\/\/www.cfaebooks.com\/pt_br\/wp-json\/wp\/v2\/product_cat?post=12941"},{"taxonomy":"product_tag","embeddable":true,"href":"https:\/\/www.cfaebooks.com\/pt_br\/wp-json\/wp\/v2\/product_tag?post=12941"}],"curies":[{"name":"wp","href":"https:\/\/api.w.org\/{rel}","templated":true}]}}