{"id":12932,"date":"2025-06-22T04:43:40","date_gmt":"2025-06-22T04:43:40","guid":{"rendered":"https:\/\/www.cfaebooks.com\/?post_type=product&#038;p=12932"},"modified":"2026-04-03T08:04:58","modified_gmt":"2026-04-03T08:04:58","slug":"banco-de-questoes-do-caia-2025-uppermark-nivel-2","status":"publish","type":"product","link":"https:\/\/www.cfaebooks.com\/pt_br\/products\/banco-de-questoes-do-caia-2025-uppermark-nivel-2\/","title":{"rendered":"Banco de perguntas do CAIA 2025 UpperMark N\u00edvel 1"},"content":{"rendered":"<p>Est\u00e1 \u00e0 venda um e-Book 2025 CAIA UpperMark Question Bank Level 1.<\/p>\n\n\n\n<p><strong>O banco de testes inclui mais de 2.000 perguntas com respostas detalhadas.<\/strong><\/p>\n\n\n\n<p><strong>T\u00f3pico abordado:<\/strong><\/p>\n\n\n\n<ul class=\"wp-block-list\">\n<li>T\u00f3pico 1 Padr\u00f5es e \u00e9tica profissional<\/li>\n\n\n\n<li>T\u00f3pico 2 Introdu\u00e7\u00e3o aos investimentos alternativos<\/li>\n\n\n\n<li>T\u00f3pico 3 Ativos reais<\/li>\n\n\n\n<li>T\u00f3pico 4 Patrim\u00f4nio privado<\/li>\n\n\n\n<li>T\u00f3pico 5 D\u00edvida privada<\/li>\n\n\n\n<li>T\u00f3pico 6 Fundos de Hedge<\/li>\n\n\n\n<li>T\u00f3pico 7 Ativos digitais<\/li>\n\n\n\n<li>T\u00f3pico 8 Estrat\u00e9gias adicionais<\/li>\n<\/ul>\n\n\n\n<p>Este n\u00e3o \u00e9 um livro f\u00edsico, \u00e9 uma c\u00f3pia digital em PDF. N\u00e3o compre se voc\u00ea quiser uma c\u00f3pia f\u00edsica. Ap\u00f3s a finaliza\u00e7\u00e3o da compra, voc\u00ea poder\u00e1 fazer o download do livro eletr\u00f4nico instantaneamente.<\/p>","protected":false},"excerpt":{"rendered":"<p>For sale is an e-Book 2025 CAIA UpperMark Question Bank Level 1. The test bank includes over 2,000 questions with detailed answers. Topic covered: This is not a physical book it is a&nbsp;PDF&nbsp;digital copy. Please do not purchase if you want a physical hard copy. After checkout you can download the e-Book instantly.<\/p>","protected":false},"featured_media":12933,"comment_status":"closed","ping_status":"closed","template":"","meta":[],"product_brand":[],"product_cat":[317],"product_tag":[247,319,251,250,248,246,252,330,331,249],"class_list":{"0":"post-12932","1":"product","2":"type-product","3":"status-publish","4":"has-post-thumbnail","6":"product_cat-caia-level-1","7":"product_tag-caia","8":"product_tag-caia-2025","9":"product_tag-caia-books","10":"product_tag-caia-ebooks","11":"product_tag-caia-exam","12":"product_tag-caia-level-i","13":"product_tag-caia-prep","14":"product_tag-caia-qbank","15":"product_tag-caia-question-bank","16":"product_tag-caia-test","18":"first","19":"instock","20":"downloadable","21":"virtual","22":"sold-individually","23":"purchasable","24":"product-type-simple"},"_links":{"self":[{"href":"https:\/\/www.cfaebooks.com\/pt_br\/wp-json\/wp\/v2\/product\/12932","targetHints":{"allow":["GET"]}}],"collection":[{"href":"https:\/\/www.cfaebooks.com\/pt_br\/wp-json\/wp\/v2\/product"}],"about":[{"href":"https:\/\/www.cfaebooks.com\/pt_br\/wp-json\/wp\/v2\/types\/product"}],"replies":[{"embeddable":true,"href":"https:\/\/www.cfaebooks.com\/pt_br\/wp-json\/wp\/v2\/comments?post=12932"}],"wp:featuredmedia":[{"embeddable":true,"href":"https:\/\/www.cfaebooks.com\/pt_br\/wp-json\/wp\/v2\/media\/12933"}],"wp:attachment":[{"href":"https:\/\/www.cfaebooks.com\/pt_br\/wp-json\/wp\/v2\/media?parent=12932"}],"wp:term":[{"taxonomy":"product_brand","embeddable":true,"href":"https:\/\/www.cfaebooks.com\/pt_br\/wp-json\/wp\/v2\/product_brand?post=12932"},{"taxonomy":"product_cat","embeddable":true,"href":"https:\/\/www.cfaebooks.com\/pt_br\/wp-json\/wp\/v2\/product_cat?post=12932"},{"taxonomy":"product_tag","embeddable":true,"href":"https:\/\/www.cfaebooks.com\/pt_br\/wp-json\/wp\/v2\/product_tag?post=12932"}],"curies":[{"name":"wp","href":"https:\/\/api.w.org\/{rel}","templated":true}]}}