{"id":12901,"date":"2025-06-21T02:00:51","date_gmt":"2025-06-21T02:00:51","guid":{"rendered":"https:\/\/www.cfaebooks.com\/?post_type=product&#038;p=12901"},"modified":"2026-04-03T08:04:49","modified_gmt":"2026-04-03T08:04:49","slug":"banco-de-questoes-cfa-2025-uworld-nivel-3-da-trilha-de-mercados-privados-2","status":"publish","type":"product","link":"https:\/\/www.cfaebooks.com\/pt_br\/products\/banco-de-questoes-cfa-2025-uworld-nivel-3-da-trilha-de-mercados-privados-2\/","title":{"rendered":"CFA 2025 Banco de Quest\u00f5es UWorld N\u00edvel 3 Caminho dos Mercados Privados (MCQs + CRQs)"},"content":{"rendered":"<p>Est\u00e1 \u00e0 venda um livro eletr\u00f4nico\u00a0<strong>2025 CFA UWorld Question Bank Caminho dos Mercados Privados N\u00edvel 3<\/strong>\u00a0PDF.<\/p>\n\n\n\n<p>Inclui <strong>MCQs <\/strong>e <strong>CRQs<\/strong>, sendo que cada parte abrange <strong>T\u00f3picos principais e Caminho dos mercados privados<\/strong> perguntas e respostas.<\/p>\n\n\n\n<p>Inclui os seguintes t\u00f3picos:&nbsp;<\/p>\n\n\n\n<ul class=\"wp-block-list\">\n<li>Aloca\u00e7\u00e3o de ativos<\/li>\n\n\n\n<li>Constru\u00e7\u00e3o de portf\u00f3lio<\/li>\n\n\n\n<li>Gerenciamento de desempenho<\/li>\n\n\n\n<li>Derivativos e gerenciamento de riscos<\/li>\n\n\n\n<li>Padr\u00f5es \u00e9ticos e profissionais<\/li>\n\n\n\n<li><strong>Caminho dos mercados privados<\/strong><\/li>\n<\/ul>\n\n\n\n<p>O texto pode ser pesquisado usando o recurso de localiza\u00e7\u00e3o no teclado de seu computador 'ctrl+f' e por meio de pesquisa em seu smartphone\/tablet. Ap\u00f3s a finaliza\u00e7\u00e3o da compra, voc\u00ea poder\u00e1 fazer o download do banco de perguntas imediatamente.<\/p>","protected":false},"excerpt":{"rendered":"<p>For sale is an e-Book\u00a02025 CFA UWorld Question Bank Level 3 Private Markets Pathway\u00a0PDF. Includes MCQs and CRQs, with each part covering core topics and Private Markets Pathway questions and answers. Includes the following topics:&nbsp; The text is searchable using the find feature on your computer keyboard \u2018ctrl+f\u2019 and through search on your smartphone\/tablet. After [&hellip;]<\/p>\n","protected":false},"featured_media":12900,"comment_status":"closed","ping_status":"closed","template":"","meta":[],"product_brand":[],"product_cat":[265],"product_tag":[261,93,88,90,180,91,166,92,365],"class_list":{"0":"post-12901","1":"product","2":"type-product","3":"status-publish","4":"has-post-thumbnail","6":"product_cat-cfa-level-3","7":"product_tag-cfa-2025","8":"product_tag-cfa-books","9":"product_tag-cfa-ebooks","10":"product_tag-cfa-exam","11":"product_tag-cfa-level-3","12":"product_tag-cfa-prep","13":"product_tag-cfa-question-bank","14":"product_tag-cfa-test","15":"product_tag-cfa-uworld","17":"first","18":"instock","19":"downloadable","20":"virtual","21":"sold-individually","22":"purchasable","23":"product-type-simple"},"_links":{"self":[{"href":"https:\/\/www.cfaebooks.com\/pt_br\/wp-json\/wp\/v2\/product\/12901","targetHints":{"allow":["GET"]}}],"collection":[{"href":"https:\/\/www.cfaebooks.com\/pt_br\/wp-json\/wp\/v2\/product"}],"about":[{"href":"https:\/\/www.cfaebooks.com\/pt_br\/wp-json\/wp\/v2\/types\/product"}],"replies":[{"embeddable":true,"href":"https:\/\/www.cfaebooks.com\/pt_br\/wp-json\/wp\/v2\/comments?post=12901"}],"wp:featuredmedia":[{"embeddable":true,"href":"https:\/\/www.cfaebooks.com\/pt_br\/wp-json\/wp\/v2\/media\/12900"}],"wp:attachment":[{"href":"https:\/\/www.cfaebooks.com\/pt_br\/wp-json\/wp\/v2\/media?parent=12901"}],"wp:term":[{"taxonomy":"product_brand","embeddable":true,"href":"https:\/\/www.cfaebooks.com\/pt_br\/wp-json\/wp\/v2\/product_brand?post=12901"},{"taxonomy":"product_cat","embeddable":true,"href":"https:\/\/www.cfaebooks.com\/pt_br\/wp-json\/wp\/v2\/product_cat?post=12901"},{"taxonomy":"product_tag","embeddable":true,"href":"https:\/\/www.cfaebooks.com\/pt_br\/wp-json\/wp\/v2\/product_tag?post=12901"}],"curies":[{"name":"wp","href":"https:\/\/api.w.org\/{rel}","templated":true}]}}