{"id":12885,"date":"2025-06-21T02:37:54","date_gmt":"2025-06-21T02:37:54","guid":{"rendered":"https:\/\/www.cfaebooks.com\/?post_type=product&#038;p=12885"},"modified":"2026-04-03T08:04:45","modified_gmt":"2026-04-03T08:04:45","slug":"cfa-2025-uworld-study-guide-level-3-portfolio-management-pathway","status":"publish","type":"product","link":"https:\/\/www.cfaebooks.com\/pt_br\/products\/cfa-2025-uworld-study-guide-level-3-portfolio-management-pathway\/","title":{"rendered":"CFA 2025 UWorld Study Guide Level 3 Portfolio Management Pathway with Formula Sheets"},"content":{"rendered":"<p>Est\u00e1 \u00e0 venda um e-Book 2025 CFA UWorld Study Guide Level 3 Portfolio Management Pathway with Formula Sheets PDF.<\/p>\n\n\n\n<p>Inclui os seguintes t\u00f3picos:<\/p>\n\n\n\n<ul class=\"wp-block-list\">\n<li>T\u00f3picos principais: \n<ul class=\"wp-block-list\">\n<li>Aloca\u00e7\u00e3o de ativos<\/li>\n\n\n\n<li>Constru\u00e7\u00e3o de portf\u00f3lio<\/li>\n\n\n\n<li>Gerenciamento de desempenho<\/li>\n\n\n\n<li>Derivativos e gerenciamento de riscos<\/li>\n\n\n\n<li>Padr\u00f5es \u00e9ticos e profissionais<\/li>\n<\/ul>\n<\/li>\n\n\n\n<li><strong>Caminho do gerenciamento de portf\u00f3lio<\/strong><\/li>\n\n\n\n<li><strong>Planilhas de f\u00f3rmulas<\/strong><\/li>\n<\/ul>\n\n\n\n<p>O texto pode ser pesquisado usando o recurso de localiza\u00e7\u00e3o no teclado de seu computador 'ctrl f' e por meio de pesquisa em seu smartphone\/tablet.<\/p>\n\n\n\n<p>Este n\u00e3o \u00e9 um livro f\u00edsico, \u00e9 uma c\u00f3pia digital em PDF. Por favor, n\u00e3o compre se voc\u00ea quiser uma c\u00f3pia f\u00edsica<\/p>","protected":false},"excerpt":{"rendered":"<p>For sale is an e-Book 2025 CFA UWorld Study Guide Level 3 Portfolio Management Pathway with Formula Sheets PDF. Includes the following topics: The text is searchable using the find feature on your computer keyboard &#8216;ctrl f&#8217; and through search on your smartphone\/tablet. This is not a physical book it is a PDF digital copy. [&hellip;]<\/p>\n","protected":false},"featured_media":12911,"comment_status":"closed","ping_status":"closed","template":"","meta":[],"product_brand":[],"product_cat":[265],"product_tag":[261,93,88,90,180,91,363,92,365,168],"class_list":{"0":"post-12885","1":"product","2":"type-product","3":"status-publish","4":"has-post-thumbnail","6":"product_cat-cfa-level-3","7":"product_tag-cfa-2025","8":"product_tag-cfa-books","9":"product_tag-cfa-ebooks","10":"product_tag-cfa-exam","11":"product_tag-cfa-level-3","12":"product_tag-cfa-prep","13":"product_tag-cfa-study-notes","14":"product_tag-cfa-test","15":"product_tag-cfa-uworld","16":"product_tag-study-notes","18":"first","19":"instock","20":"downloadable","21":"virtual","22":"sold-individually","23":"purchasable","24":"product-type-simple"},"_links":{"self":[{"href":"https:\/\/www.cfaebooks.com\/pt_br\/wp-json\/wp\/v2\/product\/12885","targetHints":{"allow":["GET"]}}],"collection":[{"href":"https:\/\/www.cfaebooks.com\/pt_br\/wp-json\/wp\/v2\/product"}],"about":[{"href":"https:\/\/www.cfaebooks.com\/pt_br\/wp-json\/wp\/v2\/types\/product"}],"replies":[{"embeddable":true,"href":"https:\/\/www.cfaebooks.com\/pt_br\/wp-json\/wp\/v2\/comments?post=12885"}],"wp:featuredmedia":[{"embeddable":true,"href":"https:\/\/www.cfaebooks.com\/pt_br\/wp-json\/wp\/v2\/media\/12911"}],"wp:attachment":[{"href":"https:\/\/www.cfaebooks.com\/pt_br\/wp-json\/wp\/v2\/media?parent=12885"}],"wp:term":[{"taxonomy":"product_brand","embeddable":true,"href":"https:\/\/www.cfaebooks.com\/pt_br\/wp-json\/wp\/v2\/product_brand?post=12885"},{"taxonomy":"product_cat","embeddable":true,"href":"https:\/\/www.cfaebooks.com\/pt_br\/wp-json\/wp\/v2\/product_cat?post=12885"},{"taxonomy":"product_tag","embeddable":true,"href":"https:\/\/www.cfaebooks.com\/pt_br\/wp-json\/wp\/v2\/product_tag?post=12885"}],"curies":[{"name":"wp","href":"https:\/\/api.w.org\/{rel}","templated":true}]}}