{"id":12867,"date":"2025-06-20T14:28:05","date_gmt":"2025-06-20T14:28:05","guid":{"rendered":"https:\/\/www.cfaebooks.com\/?post_type=product&#038;p=12867"},"modified":"2026-04-03T08:04:30","modified_gmt":"2026-04-03T08:04:30","slug":"aulas-em-video-do-cfa-2025-uworld-nivel-3-do-caminho-da-riqueza-privada","status":"publish","type":"product","link":"https:\/\/www.cfaebooks.com\/pt_br\/products\/aulas-em-video-do-cfa-2025-uworld-nivel-3-do-caminho-da-riqueza-privada\/","title":{"rendered":"CFA 2025 UWorld Video Lectures Level 3 Private Wealth Pathway (Caminho da riqueza privada)"},"content":{"rendered":"<p>\u00c0 venda est\u00e1 o <strong>2025 CFA UWorld Video Lectures Level 3 Private Wealth Pathway (Caminho da riqueza privada)<\/strong>.<\/p>\n\n\n\n<p>Inclui os seguintes t\u00f3picos:&nbsp;<\/p>\n\n\n\n<ul class=\"wp-block-list\">\n<li>Aloca\u00e7\u00e3o de ativos<\/li>\n\n\n\n<li>Constru\u00e7\u00e3o de portf\u00f3lio<\/li>\n\n\n\n<li>Gerenciamento de desempenho<\/li>\n\n\n\n<li>Derivativos e gerenciamento de riscos<\/li>\n\n\n\n<li>Padr\u00f5es \u00e9ticos e profissionais<\/li>\n\n\n\n<li><strong>Caminho do patrim\u00f4nio privado<\/strong><\/li>\n<\/ul>\n\n\n\n<p>Todos os v\u00eddeos est\u00e3o no formato .mp4. Ap\u00f3s a finaliza\u00e7\u00e3o da compra, voc\u00ea poder\u00e1 fazer o download do v\u00eddeo imediatamente.<\/p>","protected":false},"excerpt":{"rendered":"<p>For sale is the 2025 CFA UWorld Video Lectures Level 3 Private Wealth Pathway. Includes the following topics:&nbsp; All videos are in .mp4 format. After checkout you can download the video immediately.<\/p>","protected":false},"featured_media":12868,"comment_status":"closed","ping_status":"closed","template":"","meta":[],"product_brand":[],"product_cat":[265,269],"product_tag":[261,93,88,90,180,91,92,365,271],"class_list":{"0":"post-12867","1":"product","2":"type-product","3":"status-publish","4":"has-post-thumbnail","6":"product_cat-cfa-level-3","7":"product_cat-cfa-video-lectures","8":"product_tag-cfa-2025","9":"product_tag-cfa-books","10":"product_tag-cfa-ebooks","11":"product_tag-cfa-exam","12":"product_tag-cfa-level-3","13":"product_tag-cfa-prep","14":"product_tag-cfa-test","15":"product_tag-cfa-uworld","16":"product_tag-video-lectures","18":"first","19":"instock","20":"downloadable","21":"virtual","22":"sold-individually","23":"purchasable","24":"product-type-simple"},"_links":{"self":[{"href":"https:\/\/www.cfaebooks.com\/pt_br\/wp-json\/wp\/v2\/product\/12867","targetHints":{"allow":["GET"]}}],"collection":[{"href":"https:\/\/www.cfaebooks.com\/pt_br\/wp-json\/wp\/v2\/product"}],"about":[{"href":"https:\/\/www.cfaebooks.com\/pt_br\/wp-json\/wp\/v2\/types\/product"}],"replies":[{"embeddable":true,"href":"https:\/\/www.cfaebooks.com\/pt_br\/wp-json\/wp\/v2\/comments?post=12867"}],"wp:featuredmedia":[{"embeddable":true,"href":"https:\/\/www.cfaebooks.com\/pt_br\/wp-json\/wp\/v2\/media\/12868"}],"wp:attachment":[{"href":"https:\/\/www.cfaebooks.com\/pt_br\/wp-json\/wp\/v2\/media?parent=12867"}],"wp:term":[{"taxonomy":"product_brand","embeddable":true,"href":"https:\/\/www.cfaebooks.com\/pt_br\/wp-json\/wp\/v2\/product_brand?post=12867"},{"taxonomy":"product_cat","embeddable":true,"href":"https:\/\/www.cfaebooks.com\/pt_br\/wp-json\/wp\/v2\/product_cat?post=12867"},{"taxonomy":"product_tag","embeddable":true,"href":"https:\/\/www.cfaebooks.com\/pt_br\/wp-json\/wp\/v2\/product_tag?post=12867"}],"curies":[{"name":"wp","href":"https:\/\/api.w.org\/{rel}","templated":true}]}}