{"id":12770,"date":"2025-06-06T04:47:19","date_gmt":"2025-06-06T04:47:19","guid":{"rendered":"https:\/\/www.cfaebooks.com\/?post_type=product&#038;p=12770"},"modified":"2026-04-03T08:04:20","modified_gmt":"2026-04-03T08:04:20","slug":"cfa-2025-analystprep-essays-level-3-all-pathways","status":"publish","type":"product","link":"https:\/\/www.cfaebooks.com\/pt_br\/products\/cfa-2025-analystprep-essays-level-3-all-pathways\/","title":{"rendered":"CFA 2025 AnalystPrep Essays Level 3 All Pathways"},"content":{"rendered":"<p>Est\u00e1 \u00e0 venda um livro eletr\u00f4nico <strong>2025 CFA AnalystPrep Essays Level 3 All Pathways<\/strong> PDF.<\/p>\n\n\n\n<p>Inclui os seguintes t\u00f3picos:&nbsp;<\/p>\n\n\n\n<ul class=\"wp-block-list\">\n<li><strong>Cap\u00edtulo 1:<\/strong> Aloca\u00e7\u00e3o de ativos<\/li>\n\n\n\n<li><strong>Cap\u00edtulo 2:<\/strong> Constru\u00e7\u00e3o de portf\u00f3lio<\/li>\n\n\n\n<li><strong>Cap\u00edtulo 3:<\/strong> Gerenciamento de desempenho<\/li>\n\n\n\n<li><strong>Cap\u00edtulo 4:<\/strong> Derivativos e gerenciamento de riscos<\/li>\n\n\n\n<li><strong>Cap\u00edtulo 5:<\/strong> Padr\u00f5es \u00e9ticos<\/li>\n\n\n\n<li><strong>Caminho do gerenciamento de portf\u00f3lio<\/strong><\/li>\n\n\n\n<li><strong>Caminho dos mercados privados<\/strong><\/li>\n\n\n\n<li><strong>Caminho do patrim\u00f4nio privado<\/strong><\/li>\n<\/ul>\n\n\n\n<p>Este n\u00e3o \u00e9 um livro f\u00edsico, \u00e9 uma c\u00f3pia digital em PDF. N\u00e3o compre se voc\u00ea quiser uma c\u00f3pia f\u00edsica. Ap\u00f3s a finaliza\u00e7\u00e3o da compra, voc\u00ea poder\u00e1 fazer o download do livro eletr\u00f4nico imediatamente.<\/p>","protected":false},"excerpt":{"rendered":"<p>For sale is an e-Book 2025 CFA AnalystPrep Essays Level 3 All Pathways PDF. Includes the following topics:&nbsp; This is not a physical book it is a&nbsp;PDF&nbsp;digital copy. Please do not purchase if you want a physical hard copy. After checkout you can download the e-Book immediately.<\/p>","protected":false},"featured_media":12600,"comment_status":"closed","ping_status":"closed","template":"","meta":[],"product_brand":[],"product_cat":[265],"product_tag":[261,93,88,364,90,180,91,92],"class_list":{"0":"post-12770","1":"product","2":"type-product","3":"status-publish","4":"has-post-thumbnail","6":"product_cat-cfa-level-3","7":"product_tag-cfa-2025","8":"product_tag-cfa-books","9":"product_tag-cfa-ebooks","10":"product_tag-cfa-essays","11":"product_tag-cfa-exam","12":"product_tag-cfa-level-3","13":"product_tag-cfa-prep","14":"product_tag-cfa-test","16":"first","17":"instock","18":"downloadable","19":"virtual","20":"sold-individually","21":"purchasable","22":"product-type-simple"},"_links":{"self":[{"href":"https:\/\/www.cfaebooks.com\/pt_br\/wp-json\/wp\/v2\/product\/12770","targetHints":{"allow":["GET"]}}],"collection":[{"href":"https:\/\/www.cfaebooks.com\/pt_br\/wp-json\/wp\/v2\/product"}],"about":[{"href":"https:\/\/www.cfaebooks.com\/pt_br\/wp-json\/wp\/v2\/types\/product"}],"replies":[{"embeddable":true,"href":"https:\/\/www.cfaebooks.com\/pt_br\/wp-json\/wp\/v2\/comments?post=12770"}],"wp:featuredmedia":[{"embeddable":true,"href":"https:\/\/www.cfaebooks.com\/pt_br\/wp-json\/wp\/v2\/media\/12600"}],"wp:attachment":[{"href":"https:\/\/www.cfaebooks.com\/pt_br\/wp-json\/wp\/v2\/media?parent=12770"}],"wp:term":[{"taxonomy":"product_brand","embeddable":true,"href":"https:\/\/www.cfaebooks.com\/pt_br\/wp-json\/wp\/v2\/product_brand?post=12770"},{"taxonomy":"product_cat","embeddable":true,"href":"https:\/\/www.cfaebooks.com\/pt_br\/wp-json\/wp\/v2\/product_cat?post=12770"},{"taxonomy":"product_tag","embeddable":true,"href":"https:\/\/www.cfaebooks.com\/pt_br\/wp-json\/wp\/v2\/product_tag?post=12770"}],"curies":[{"name":"wp","href":"https:\/\/api.w.org\/{rel}","templated":true}]}}