{"id":12580,"date":"2025-05-12T09:13:02","date_gmt":"2025-05-12T09:13:02","guid":{"rendered":"https:\/\/www.cfaebooks.com\/?post_type=product&#038;p=12580"},"modified":"2026-04-03T08:03:54","modified_gmt":"2026-04-03T08:03:54","slug":"exame-simulado-cfa-nivel-1-2025-uworld-1-2","status":"publish","type":"product","link":"https:\/\/www.cfaebooks.com\/pt_br\/products\/exame-simulado-cfa-nivel-1-2025-uworld-1-2\/","title":{"rendered":"CFA N\u00edvel 1 2025 UWorld Mock Exam 1, 2"},"content":{"rendered":"<p>\u00c0 venda est\u00e1 um\u00a0<strong>2025 CFA N\u00edvel 1 UWorld Mock Exam 1, 2<\/strong> PDF.<\/p>\n\n\n\n<p><strong>Voc\u00ea ter\u00e1 2 exames simulados, com 2 sess\u00f5es por exame - exatamente como o formato real do CFA N\u00edvel I.<\/strong><\/p>\n\n\n\n<p><strong>Saiba exatamente o que esperar<\/strong><br>Prepare-se com confian\u00e7a usando exames simulados que espelham com fidelidade o exame CFA N\u00edvel I real. Desde a interface e o formato das perguntas at\u00e9 a dificuldade, o tempo e o peso dos t\u00f3picos, todos os detalhes s\u00e3o cuidadosamente reproduzidos para proporcionar uma experi\u00eancia real no dia do exame.<\/p>\n\n\n\n<p><strong>Transforme o exame real em apenas mais um teste pr\u00e1tico<\/strong><br>A confian\u00e7a vem da familiaridade. Ao treinar consistentemente em um ambiente de exame realista, voc\u00ea chegar\u00e1 ao exame CFA real sentindo-se preparado, como se fosse apenas mais um teste que voc\u00ea j\u00e1 domina.<\/p>\n\n\n\n<p>O texto pode ser pesquisado usando o recurso de localiza\u00e7\u00e3o no teclado do computador 'ctrl+f' e por meio da pesquisa em seu smartphone\/tablet. Ap\u00f3s a finaliza\u00e7\u00e3o da compra, voc\u00ea poder\u00e1 fazer o download dos exames simulados imediatamente.<\/p>","protected":false},"excerpt":{"rendered":"<p>For sale is an the\u00a02025 CFA Level 1 UWorld Mock Exam 1, 2 PDF. You\u2019ll get 2 mock exams, with 2 sessions per exam\u2014just like the actual CFA Level I format. Know Exactly What to ExpectPrepare with confidence using mock exams that closely mirror the real CFA Level I exam. From the interface and question [&hellip;]<\/p>\n","protected":false},"featured_media":12584,"comment_status":"closed","ping_status":"closed","template":"","meta":[],"product_brand":[],"product_cat":[260],"product_tag":[261,93,88,90,268,361,92],"class_list":{"0":"post-12580","1":"product","2":"type-product","3":"status-publish","4":"has-post-thumbnail","6":"product_cat-cfa-level-1","7":"product_tag-cfa-2025","8":"product_tag-cfa-books","9":"product_tag-cfa-ebooks","10":"product_tag-cfa-exam","11":"product_tag-cfa-level-1-2025","12":"product_tag-cfa-mock-exams","13":"product_tag-cfa-test","15":"first","16":"instock","17":"downloadable","18":"virtual","19":"sold-individually","20":"purchasable","21":"product-type-simple"},"_links":{"self":[{"href":"https:\/\/www.cfaebooks.com\/pt_br\/wp-json\/wp\/v2\/product\/12580","targetHints":{"allow":["GET"]}}],"collection":[{"href":"https:\/\/www.cfaebooks.com\/pt_br\/wp-json\/wp\/v2\/product"}],"about":[{"href":"https:\/\/www.cfaebooks.com\/pt_br\/wp-json\/wp\/v2\/types\/product"}],"replies":[{"embeddable":true,"href":"https:\/\/www.cfaebooks.com\/pt_br\/wp-json\/wp\/v2\/comments?post=12580"}],"wp:featuredmedia":[{"embeddable":true,"href":"https:\/\/www.cfaebooks.com\/pt_br\/wp-json\/wp\/v2\/media\/12584"}],"wp:attachment":[{"href":"https:\/\/www.cfaebooks.com\/pt_br\/wp-json\/wp\/v2\/media?parent=12580"}],"wp:term":[{"taxonomy":"product_brand","embeddable":true,"href":"https:\/\/www.cfaebooks.com\/pt_br\/wp-json\/wp\/v2\/product_brand?post=12580"},{"taxonomy":"product_cat","embeddable":true,"href":"https:\/\/www.cfaebooks.com\/pt_br\/wp-json\/wp\/v2\/product_cat?post=12580"},{"taxonomy":"product_tag","embeddable":true,"href":"https:\/\/www.cfaebooks.com\/pt_br\/wp-json\/wp\/v2\/product_tag?post=12580"}],"curies":[{"name":"wp","href":"https:\/\/api.w.org\/{rel}","templated":true}]}}