{"id":12560,"date":"2025-05-09T08:51:29","date_gmt":"2025-05-09T08:51:29","guid":{"rendered":"https:\/\/www.cfaebooks.com\/?post_type=product&#038;p=12560"},"modified":"2026-04-03T08:03:51","modified_gmt":"2026-04-03T08:03:51","slug":"exames-simulados-oficiais-cfa-nivel-3-2020-2025-com-respostas-2","status":"publish","type":"product","link":"https:\/\/www.cfaebooks.com\/pt_br\/products\/exames-simulados-oficiais-cfa-nivel-3-2020-2025-com-respostas-2\/","title":{"rendered":"CFA Level 3 Official Mock Exams 2020 - 2025 com respostas"},"content":{"rendered":"<p>Est\u00e1 \u00e0 venda um livro eletr\u00f4nico <strong>CFA Level 3 Official Mock Exams 2020 - 2025 com respostas<\/strong> PDF.<\/p>\n\n\n\n<p><strong>Cada exame simulado inclui perguntas e respostas.<\/strong><\/p>\n\n\n\n<ul class=\"wp-block-list\">\n<li>Este n\u00e3o \u00e9 um livro f\u00edsico, \u00e9 uma c\u00f3pia digital em PDF. <\/li>\n\n\n\n<li>N\u00e3o compre se voc\u00ea quiser uma c\u00f3pia f\u00edsica impressa. Ap\u00f3s a finaliza\u00e7\u00e3o da compra, voc\u00ea poder\u00e1 fazer o download do livro eletr\u00f4nico imediatamente.<\/li>\n<\/ul>","protected":false},"excerpt":{"rendered":"<p>For sale is an e-Book CFA Level 3 Official Mock Exams 2020 &#8211; 2025 with Answers PDF. Each mock exam includes questions and answers.<\/p>","protected":false},"featured_media":12561,"comment_status":"closed","ping_status":"closed","template":"","meta":[],"product_brand":[],"product_cat":[265],"product_tag":[261,93,88,90,180,360,91,92,176],"class_list":{"0":"post-12560","1":"product","2":"type-product","3":"status-publish","4":"has-post-thumbnail","6":"product_cat-cfa-level-3","7":"product_tag-cfa-2025","8":"product_tag-cfa-books","9":"product_tag-cfa-ebooks","10":"product_tag-cfa-exam","11":"product_tag-cfa-level-3","12":"product_tag-cfa-level-3-mock-exams","13":"product_tag-cfa-prep","14":"product_tag-cfa-test","15":"product_tag-mock-exam","17":"first","18":"instock","19":"downloadable","20":"virtual","21":"sold-individually","22":"purchasable","23":"product-type-simple"},"_links":{"self":[{"href":"https:\/\/www.cfaebooks.com\/pt_br\/wp-json\/wp\/v2\/product\/12560","targetHints":{"allow":["GET"]}}],"collection":[{"href":"https:\/\/www.cfaebooks.com\/pt_br\/wp-json\/wp\/v2\/product"}],"about":[{"href":"https:\/\/www.cfaebooks.com\/pt_br\/wp-json\/wp\/v2\/types\/product"}],"replies":[{"embeddable":true,"href":"https:\/\/www.cfaebooks.com\/pt_br\/wp-json\/wp\/v2\/comments?post=12560"}],"wp:featuredmedia":[{"embeddable":true,"href":"https:\/\/www.cfaebooks.com\/pt_br\/wp-json\/wp\/v2\/media\/12561"}],"wp:attachment":[{"href":"https:\/\/www.cfaebooks.com\/pt_br\/wp-json\/wp\/v2\/media?parent=12560"}],"wp:term":[{"taxonomy":"product_brand","embeddable":true,"href":"https:\/\/www.cfaebooks.com\/pt_br\/wp-json\/wp\/v2\/product_brand?post=12560"},{"taxonomy":"product_cat","embeddable":true,"href":"https:\/\/www.cfaebooks.com\/pt_br\/wp-json\/wp\/v2\/product_cat?post=12560"},{"taxonomy":"product_tag","embeddable":true,"href":"https:\/\/www.cfaebooks.com\/pt_br\/wp-json\/wp\/v2\/product_tag?post=12560"}],"curies":[{"name":"wp","href":"https:\/\/api.w.org\/{rel}","templated":true}]}}