{"id":12399,"date":"2025-04-15T03:35:15","date_gmt":"2025-04-15T03:35:15","guid":{"rendered":"https:\/\/www.cfaebooks.com\/?post_type=product&#038;p=12399"},"modified":"2026-04-03T08:03:39","modified_gmt":"2026-04-03T08:03:39","slug":"exames-simulados-premium-cfa-2025-nivel-1","status":"publish","type":"product","link":"https:\/\/www.cfaebooks.com\/pt_br\/products\/exames-simulados-premium-cfa-2025-nivel-1\/","title":{"rendered":"CFA 2025 Premium Mock Exams N\u00edvel 1"},"content":{"rendered":"<p>Est\u00e1 \u00e0 venda um livro eletr\u00f4nico <strong>2025 CFA Premium Mock Exams N\u00edvel 1<\/strong> PDF<\/p>\n\n\n\n<ul class=\"wp-block-list\">\n<li>Inclui 6 exames simulados, 2 sess\u00f5es para cada exame simulado<\/li>\n\n\n\n<li>Inclui perguntas e respostas para cada pergunta<\/li>\n<\/ul>\n\n\n\n<p>Ap\u00f3s a finaliza\u00e7\u00e3o da compra, voc\u00ea poder\u00e1 fazer o download dos livros eletr\u00f4nicos imediatamente. Esses livros n\u00e3o s\u00e3o f\u00edsicos, s\u00e3o c\u00f3pias digitais em PDF. N\u00e3o compre se voc\u00ea quiser uma c\u00f3pia f\u00edsica.<\/p>","protected":false},"excerpt":{"rendered":"<p>For sale is an e-Book 2025 CFA Premium\u00a0Mock Exams Level 1 PDF After checkout you can download the e-Books immediately. These are not physical books they are PDF digital copies. Please do not purchase if you want a physical hard copy.<\/p>","protected":false},"featured_media":12400,"comment_status":"closed","ping_status":"closed","template":"","meta":[],"product_brand":[],"product_cat":[260],"product_tag":[261,93,88,90,87,311,91,92,176],"class_list":{"0":"post-12399","1":"product","2":"type-product","3":"status-publish","4":"has-post-thumbnail","6":"product_cat-cfa-level-1","7":"product_tag-cfa-2025","8":"product_tag-cfa-books","9":"product_tag-cfa-ebooks","10":"product_tag-cfa-exam","11":"product_tag-cfa-level-i","12":"product_tag-cfa-mocks","13":"product_tag-cfa-prep","14":"product_tag-cfa-test","15":"product_tag-mock-exam","17":"first","18":"instock","19":"downloadable","20":"virtual","21":"sold-individually","22":"purchasable","23":"product-type-simple"},"_links":{"self":[{"href":"https:\/\/www.cfaebooks.com\/pt_br\/wp-json\/wp\/v2\/product\/12399","targetHints":{"allow":["GET"]}}],"collection":[{"href":"https:\/\/www.cfaebooks.com\/pt_br\/wp-json\/wp\/v2\/product"}],"about":[{"href":"https:\/\/www.cfaebooks.com\/pt_br\/wp-json\/wp\/v2\/types\/product"}],"replies":[{"embeddable":true,"href":"https:\/\/www.cfaebooks.com\/pt_br\/wp-json\/wp\/v2\/comments?post=12399"}],"wp:featuredmedia":[{"embeddable":true,"href":"https:\/\/www.cfaebooks.com\/pt_br\/wp-json\/wp\/v2\/media\/12400"}],"wp:attachment":[{"href":"https:\/\/www.cfaebooks.com\/pt_br\/wp-json\/wp\/v2\/media?parent=12399"}],"wp:term":[{"taxonomy":"product_brand","embeddable":true,"href":"https:\/\/www.cfaebooks.com\/pt_br\/wp-json\/wp\/v2\/product_brand?post=12399"},{"taxonomy":"product_cat","embeddable":true,"href":"https:\/\/www.cfaebooks.com\/pt_br\/wp-json\/wp\/v2\/product_cat?post=12399"},{"taxonomy":"product_tag","embeddable":true,"href":"https:\/\/www.cfaebooks.com\/pt_br\/wp-json\/wp\/v2\/product_tag?post=12399"}],"curies":[{"name":"wp","href":"https:\/\/api.w.org\/{rel}","templated":true}]}}