{"id":12355,"date":"2025-04-11T03:30:23","date_gmt":"2025-04-11T03:30:23","guid":{"rendered":"https:\/\/www.cfaebooks.com\/?post_type=product&#038;p=12355"},"modified":"2026-04-03T08:03:36","modified_gmt":"2026-04-03T08:03:36","slug":"2025-cfa-schweser-secret-sauce-nivel-2","status":"publish","type":"product","link":"https:\/\/www.cfaebooks.com\/pt_br\/products\/2025-cfa-schweser-secret-sauce-nivel-2\/","title":{"rendered":"2025 CFA Schweser Secret Sauce N\u00edvel 2"},"content":{"rendered":"<p>\u00c0 venda est\u00e1 um\u00a0<strong>2025 CFA Schweser Secret Sauce N\u00edvel 2<\/strong><\/p>\n\n\n\n<p><strong>T\u00f3pico inclu\u00eddo:<\/strong><\/p>\n\n\n\n<ul class=\"wp-block-list\">\n<li><strong><em>M\u00e9todos quantitativos<\/em><\/strong><\/li>\n\n\n\n<li><strong><em>Economia<\/em><\/strong><\/li>\n\n\n\n<li><strong><em>An\u00e1lise de demonstrativos financeiros<\/em><\/strong><\/li>\n\n\n\n<li><strong><em>Emissores corporativos<\/em><\/strong><\/li>\n\n\n\n<li><strong><em>Avalia\u00e7\u00e3o de patrim\u00f4nio l\u00edquido<\/em><\/strong><\/li>\n\n\n\n<li><strong><em>Renda fixa<\/em><\/strong><\/li>\n\n\n\n<li><strong><em>Derivativos<\/em><\/strong><\/li>\n\n\n\n<li><strong><em>Investimentos alternativos<\/em><\/strong><\/li>\n\n\n\n<li><strong><em>Gerenciamento de portf\u00f3lio<\/em><\/strong><\/li>\n\n\n\n<li><strong><em>Padr\u00f5es \u00e9ticos e profissionais<\/em><\/strong>.<\/li>\n<\/ul>\n\n\n\n<p>O texto pode ser pesquisado usando o recurso de localiza\u00e7\u00e3o no teclado do computador 'ctrl+f' e por meio da pesquisa em seu smartphone\/tablet. Esses livros n\u00e3o s\u00e3o f\u00edsicos, s\u00e3o c\u00f3pias digitais em PDF. Ap\u00f3s a finaliza\u00e7\u00e3o da compra, voc\u00ea poder\u00e1 fazer o download dos livros eletr\u00f4nicos imediatamente.<\/p>","protected":false},"excerpt":{"rendered":"<p>For sale is an the\u00a02025 CFA Schweser Secret Sauce Level 2 Topic Included: The text is searchable using the find feature on your computer keyboard \u2018ctrl+f\u2019 and through search on your smartphone\/tablet. These are not physical books they are PDF digital copies. Please do not purchase if you want a physical hard copy.After checkout you [&hellip;]<\/p>\n","protected":false},"featured_media":12356,"comment_status":"closed","ping_status":"closed","template":"","meta":[],"product_brand":[],"product_cat":[266],"product_tag":[261,93,88,90,293,92,159],"class_list":{"0":"post-12355","1":"product","2":"type-product","3":"status-publish","4":"has-post-thumbnail","6":"product_cat-cfa-level-2","7":"product_tag-cfa-2025","8":"product_tag-cfa-books","9":"product_tag-cfa-ebooks","10":"product_tag-cfa-exam","11":"product_tag-cfa-level-2-2025","12":"product_tag-cfa-test","13":"product_tag-secret-sauce","15":"first","16":"instock","17":"downloadable","18":"virtual","19":"sold-individually","20":"purchasable","21":"product-type-simple"},"_links":{"self":[{"href":"https:\/\/www.cfaebooks.com\/pt_br\/wp-json\/wp\/v2\/product\/12355","targetHints":{"allow":["GET"]}}],"collection":[{"href":"https:\/\/www.cfaebooks.com\/pt_br\/wp-json\/wp\/v2\/product"}],"about":[{"href":"https:\/\/www.cfaebooks.com\/pt_br\/wp-json\/wp\/v2\/types\/product"}],"replies":[{"embeddable":true,"href":"https:\/\/www.cfaebooks.com\/pt_br\/wp-json\/wp\/v2\/comments?post=12355"}],"wp:featuredmedia":[{"embeddable":true,"href":"https:\/\/www.cfaebooks.com\/pt_br\/wp-json\/wp\/v2\/media\/12356"}],"wp:attachment":[{"href":"https:\/\/www.cfaebooks.com\/pt_br\/wp-json\/wp\/v2\/media?parent=12355"}],"wp:term":[{"taxonomy":"product_brand","embeddable":true,"href":"https:\/\/www.cfaebooks.com\/pt_br\/wp-json\/wp\/v2\/product_brand?post=12355"},{"taxonomy":"product_cat","embeddable":true,"href":"https:\/\/www.cfaebooks.com\/pt_br\/wp-json\/wp\/v2\/product_cat?post=12355"},{"taxonomy":"product_tag","embeddable":true,"href":"https:\/\/www.cfaebooks.com\/pt_br\/wp-json\/wp\/v2\/product_tag?post=12355"}],"curies":[{"name":"wp","href":"https:\/\/api.w.org\/{rel}","templated":true}]}}