{"id":12289,"date":"2025-04-07T08:07:32","date_gmt":"2025-04-07T08:07:32","guid":{"rendered":"https:\/\/www.cfaebooks.com\/?post_type=product&#038;p=12289"},"modified":"2026-04-03T08:03:11","modified_gmt":"2026-04-03T08:03:11","slug":"exames-simulados-do-frm-2025-parte-2","status":"publish","type":"product","link":"https:\/\/www.cfaebooks.com\/pt_br\/products\/exames-simulados-do-frm-2025-parte-2\/","title":{"rendered":"Exames simulados do FRM 2025 - Parte 2"},"content":{"rendered":"<p>Est\u00e1 \u00e0 venda um e-Book 2025 FRM Schweser Mock Exams Part 2 PDF.<\/p>\n\n\n\n<p>Inclui os seguintes t\u00f3picos:<\/p>\n\n\n\n<ul class=\"wp-block-list\">\n<li>Medi\u00e7\u00e3o e gerenciamento de riscos de mercado<\/li>\n\n\n\n<li>Medi\u00e7\u00e3o e gerenciamento do risco de cr\u00e9dito<\/li>\n\n\n\n<li>Risco operacional e resili\u00eancia<\/li>\n\n\n\n<li>Medi\u00e7\u00e3o e gerenciamento de riscos de liquidez e de tesouraria<\/li>\n\n\n\n<li>Gerenciamento de riscos e gerenciamento de investimentos<\/li>\n\n\n\n<li>Quest\u00f5es atuais dos mercados financeiros<\/li>\n<\/ul>\n\n\n\n<p><strong>Principais recursos:<\/strong><\/p>\n\n\n\n<ul class=\"wp-block-list\">\n<li>Perguntas realistas, em estilo de exame, com solu\u00e7\u00f5es detalhadas<\/li>\n\n\n\n<li>Cobertura completa de todos os t\u00f3picos essenciais do FRM Parte 2<\/li>\n\n\n\n<li>Criado para reproduzir a experi\u00eancia real do exame para uma prepara\u00e7\u00e3o eficaz<\/li>\n<\/ul>\n\n\n\n<p>Ap\u00f3s a finaliza\u00e7\u00e3o da compra, voc\u00ea poder\u00e1 fazer o download do livro eletr\u00f4nico instantaneamente. Este n\u00e3o \u00e9 um livro f\u00edsico, \u00e9 uma c\u00f3pia digital em PDF. N\u00e3o compre se voc\u00ea quiser uma c\u00f3pia f\u00edsica.<\/p>","protected":false},"excerpt":{"rendered":"<p>For sale is an e-Book 2025 FRM Schweser Mock Exams Part 2 PDF. Includes the following topics: Key Features: After checkout you can download the e-Book instantly. This is not a physical book it is a\u00a0PDF\u00a0digital copy. Please do not purchase if you want a physical hard copy.<\/p>","protected":false},"featured_media":12290,"comment_status":"closed","ping_status":"closed","template":"","meta":[],"product_brand":[],"product_cat":[325],"product_tag":[184,326,185,186,181,339,188,329,182,183],"class_list":{"0":"post-12289","1":"product","2":"type-product","3":"status-publish","4":"has-post-thumbnail","6":"product_cat-frm-part-2","7":"product_tag-frm","8":"product_tag-frm-2025","9":"product_tag-frm-books","10":"product_tag-frm-ebooks","11":"product_tag-frm-exam","12":"product_tag-frm-mock-exam","13":"product_tag-frm-part-2","14":"product_tag-frm-part-2-2025","15":"product_tag-frm-prep","16":"product_tag-frm-test","18":"first","19":"instock","20":"downloadable","21":"virtual","22":"sold-individually","23":"purchasable","24":"product-type-simple"},"_links":{"self":[{"href":"https:\/\/www.cfaebooks.com\/pt_br\/wp-json\/wp\/v2\/product\/12289","targetHints":{"allow":["GET"]}}],"collection":[{"href":"https:\/\/www.cfaebooks.com\/pt_br\/wp-json\/wp\/v2\/product"}],"about":[{"href":"https:\/\/www.cfaebooks.com\/pt_br\/wp-json\/wp\/v2\/types\/product"}],"replies":[{"embeddable":true,"href":"https:\/\/www.cfaebooks.com\/pt_br\/wp-json\/wp\/v2\/comments?post=12289"}],"wp:featuredmedia":[{"embeddable":true,"href":"https:\/\/www.cfaebooks.com\/pt_br\/wp-json\/wp\/v2\/media\/12290"}],"wp:attachment":[{"href":"https:\/\/www.cfaebooks.com\/pt_br\/wp-json\/wp\/v2\/media?parent=12289"}],"wp:term":[{"taxonomy":"product_brand","embeddable":true,"href":"https:\/\/www.cfaebooks.com\/pt_br\/wp-json\/wp\/v2\/product_brand?post=12289"},{"taxonomy":"product_cat","embeddable":true,"href":"https:\/\/www.cfaebooks.com\/pt_br\/wp-json\/wp\/v2\/product_cat?post=12289"},{"taxonomy":"product_tag","embeddable":true,"href":"https:\/\/www.cfaebooks.com\/pt_br\/wp-json\/wp\/v2\/product_tag?post=12289"}],"curies":[{"name":"wp","href":"https:\/\/api.w.org\/{rel}","templated":true}]}}