{"id":12279,"date":"2025-04-07T04:29:46","date_gmt":"2025-04-07T04:29:46","guid":{"rendered":"https:\/\/www.cfaebooks.com\/?post_type=product&#038;p=12279"},"modified":"2026-04-03T08:03:06","modified_gmt":"2026-04-03T08:03:06","slug":"frm-2026-schweser-videos-parte-1-com-caderno-de-exercicios","status":"publish","type":"product","link":"https:\/\/www.cfaebooks.com\/pt_br\/products\/frm-2026-schweser-videos-parte-1-com-caderno-de-exercicios\/","title":{"rendered":"V\u00eddeos do FRM 2026 da Schweser \u2013 Parte 1 com livro de exerc\u00edcios"},"content":{"rendered":"<p>Est\u00e1 \u00e0 venda o FRM 2026 Schweser Videos Part 1 com Workbook.<\/p>\n\n\n\n<p><strong>T\u00f3picos abordados:<\/strong><\/p>\n\n\n\n<ul class=\"wp-block-list\">\n<li>Fundamentos do gerenciamento de riscos<\/li>\n\n\n\n<li>An\u00e1lise quantitativa<\/li>\n\n\n\n<li>Mercados e produtos financeiros<\/li>\n\n\n\n<li>Modelos de avalia\u00e7\u00e3o e risco<\/li>\n<\/ul>\n\n\n\n<p><strong>O que est\u00e1 inclu\u00eddo:<\/strong><\/p>\n\n\n\n<ul class=\"wp-block-list\">\n<li><strong>Palestras em v\u00eddeo<\/strong>: Ministrado por especialistas do setor, abrangendo todos os principais t\u00f3picos da Parte 1.<\/li>\n\n\n\n<li><strong>Livro de exerc\u00edcios<\/strong>: Slides concisos que resumem os pontos principais de cada t\u00f3pico, ideais para uma revis\u00e3o r\u00e1pida.<\/li>\n<\/ul>\n\n\n\n<p>Ap\u00f3s a finaliza\u00e7\u00e3o da compra, voc\u00ea poder\u00e1 fazer o download do material instantaneamente.<\/p>","protected":false},"excerpt":{"rendered":"<p>For sale is the 2026 FRM\u00a0Schweser Videos Part 1 with Workbook. Topics Covered: What\u2019s Included: After checkout you can download the material instantly.<\/p>","protected":false},"featured_media":17215,"comment_status":"closed","ping_status":"closed","template":"","meta":[],"product_brand":[],"product_cat":[324],"product_tag":[184,409,181,410,182,183,340,175],"class_list":{"0":"post-12279","1":"product","2":"type-product","3":"status-publish","4":"has-post-thumbnail","6":"product_cat-frm-part-1","7":"product_tag-frm","8":"product_tag-frm-2026","9":"product_tag-frm-exam","10":"product_tag-frm-part-1-2026","11":"product_tag-frm-prep","12":"product_tag-frm-test","13":"product_tag-frm-videos","14":"product_tag-video","16":"first","17":"instock","18":"downloadable","19":"virtual","20":"sold-individually","21":"purchasable","22":"product-type-simple"},"_links":{"self":[{"href":"https:\/\/www.cfaebooks.com\/pt_br\/wp-json\/wp\/v2\/product\/12279","targetHints":{"allow":["GET"]}}],"collection":[{"href":"https:\/\/www.cfaebooks.com\/pt_br\/wp-json\/wp\/v2\/product"}],"about":[{"href":"https:\/\/www.cfaebooks.com\/pt_br\/wp-json\/wp\/v2\/types\/product"}],"replies":[{"embeddable":true,"href":"https:\/\/www.cfaebooks.com\/pt_br\/wp-json\/wp\/v2\/comments?post=12279"}],"wp:featuredmedia":[{"embeddable":true,"href":"https:\/\/www.cfaebooks.com\/pt_br\/wp-json\/wp\/v2\/media\/17215"}],"wp:attachment":[{"href":"https:\/\/www.cfaebooks.com\/pt_br\/wp-json\/wp\/v2\/media?parent=12279"}],"wp:term":[{"taxonomy":"product_brand","embeddable":true,"href":"https:\/\/www.cfaebooks.com\/pt_br\/wp-json\/wp\/v2\/product_brand?post=12279"},{"taxonomy":"product_cat","embeddable":true,"href":"https:\/\/www.cfaebooks.com\/pt_br\/wp-json\/wp\/v2\/product_cat?post=12279"},{"taxonomy":"product_tag","embeddable":true,"href":"https:\/\/www.cfaebooks.com\/pt_br\/wp-json\/wp\/v2\/product_tag?post=12279"}],"curies":[{"name":"wp","href":"https:\/\/api.w.org\/{rel}","templated":true}]}}