{"id":12240,"date":"2025-04-05T06:34:02","date_gmt":"2025-04-05T06:34:02","guid":{"rendered":"https:\/\/www.cfaebooks.com\/?post_type=product&#038;p=12240"},"modified":"2026-04-03T08:02:57","modified_gmt":"2026-04-03T08:02:57","slug":"cfa-2025-nivel-3-schweser-review-workshop-portfolio-management-pathway-with-questions-and-mind-maps","status":"publish","type":"product","link":"https:\/\/www.cfaebooks.com\/pt_br\/products\/cfa-2025-nivel-3-schweser-review-workshop-portfolio-management-pathway-with-questions-and-mind-maps\/","title":{"rendered":"CFA 2025 Level 3 Schweser Review Workshop Portfolio Management Pathway with Questions and Mind Maps"},"content":{"rendered":"<p>Est\u00e1 \u00e0 venda o 2025 CFA Schweser Review Workshop Level 3 Portfolio Management Pathway (Questions + Mind Maps).<\/p>\n\n\n\n<h3 class=\"wp-block-heading\">T\u00f3picos abordados:<\/h3>\n\n\n\n<ul class=\"wp-block-list\">\n<li>Introdu\u00e7\u00e3o<\/li>\n\n\n\n<li>Aloca\u00e7\u00e3o de ativos<\/li>\n\n\n\n<li>Constru\u00e7\u00e3o de portf\u00f3lio<\/li>\n\n\n\n<li>Medi\u00e7\u00e3o de desempenho<\/li>\n\n\n\n<li>Derivativos e gerenciamento de riscos<\/li>\n\n\n\n<li>Padr\u00f5es \u00e9ticos e profissionais<\/li>\n\n\n\n<li>Caminho do gerenciamento de portf\u00f3lio<\/li>\n<\/ul>\n\n\n\n<p><strong>Perguntas e respostas do Schweser Review Workshop<\/strong><\/p>\n\n\n\n<ul class=\"wp-block-list\">\n<li>Inclui perguntas com respostas: 400 p\u00e1ginas no total<\/li>\n<\/ul>\n\n\n\n<p><strong>Mapas mentais do workshop de revis\u00e3o da Schweser<\/strong><\/p>\n\n\n\n<ul class=\"wp-block-list\">\n<li>Inclui mapas mentais (slides) do Schweser Review Workshop, com 270 p\u00e1ginas no total<\/li>\n<\/ul>\n\n\n\n<p>Ap\u00f3s a finaliza\u00e7\u00e3o da compra, voc\u00ea poder\u00e1 fazer o download do material imediatamente.<\/p>","protected":false},"excerpt":{"rendered":"<p>For sale is the 2025 CFA Schweser Review Workshop Level 3 Portfolio Management Pathway (Questions + Mind Maps). Topics Covered: Schweser Review Workshop Questions with Answers Schweser Review Workshop Mind Maps After checkout you can download the material immediately.<\/p>","protected":false},"featured_media":12243,"comment_status":"closed","ping_status":"closed","template":"","meta":[],"product_brand":[],"product_cat":[265,269],"product_tag":[261,93,88,90,180,267,91,92,302],"class_list":{"0":"post-12240","1":"product","2":"type-product","3":"status-publish","4":"has-post-thumbnail","6":"product_cat-cfa-level-3","7":"product_cat-cfa-video-lectures","8":"product_tag-cfa-2025","9":"product_tag-cfa-books","10":"product_tag-cfa-ebooks","11":"product_tag-cfa-exam","12":"product_tag-cfa-level-3","13":"product_tag-cfa-level-3-2025","14":"product_tag-cfa-prep","15":"product_tag-cfa-test","16":"product_tag-cfa-video-lectures","18":"first","19":"instock","20":"downloadable","21":"virtual","22":"sold-individually","23":"purchasable","24":"product-type-simple"},"_links":{"self":[{"href":"https:\/\/www.cfaebooks.com\/pt_br\/wp-json\/wp\/v2\/product\/12240","targetHints":{"allow":["GET"]}}],"collection":[{"href":"https:\/\/www.cfaebooks.com\/pt_br\/wp-json\/wp\/v2\/product"}],"about":[{"href":"https:\/\/www.cfaebooks.com\/pt_br\/wp-json\/wp\/v2\/types\/product"}],"replies":[{"embeddable":true,"href":"https:\/\/www.cfaebooks.com\/pt_br\/wp-json\/wp\/v2\/comments?post=12240"}],"wp:featuredmedia":[{"embeddable":true,"href":"https:\/\/www.cfaebooks.com\/pt_br\/wp-json\/wp\/v2\/media\/12243"}],"wp:attachment":[{"href":"https:\/\/www.cfaebooks.com\/pt_br\/wp-json\/wp\/v2\/media?parent=12240"}],"wp:term":[{"taxonomy":"product_brand","embeddable":true,"href":"https:\/\/www.cfaebooks.com\/pt_br\/wp-json\/wp\/v2\/product_brand?post=12240"},{"taxonomy":"product_cat","embeddable":true,"href":"https:\/\/www.cfaebooks.com\/pt_br\/wp-json\/wp\/v2\/product_cat?post=12240"},{"taxonomy":"product_tag","embeddable":true,"href":"https:\/\/www.cfaebooks.com\/pt_br\/wp-json\/wp\/v2\/product_tag?post=12240"}],"curies":[{"name":"wp","href":"https:\/\/api.w.org\/{rel}","templated":true}]}}