{"id":12205,"date":"2025-04-03T05:16:56","date_gmt":"2025-04-03T05:16:56","guid":{"rendered":"https:\/\/www.cfaebooks.com\/?post_type=product&#038;p=12205"},"modified":"2026-04-03T08:02:42","modified_gmt":"2026-04-03T08:02:42","slug":"cfa-2025-schweser-secret-sauce-nivel-1","status":"publish","type":"product","link":"https:\/\/www.cfaebooks.com\/pt_br\/products\/cfa-2025-schweser-secret-sauce-nivel-1\/","title":{"rendered":"CFA 2025 Schweser Secret Sauce N\u00edvel 1"},"content":{"rendered":"<p>Est\u00e1 \u00e0 venda um livro eletr\u00f4nico <strong>2025 CFA Schweser Secret Sauce N\u00edvel 1<\/strong> PDF<\/p>\n\n\n\n<p><strong>T\u00f3picos abordados:<\/strong><\/p>\n\n\n\n<ul class=\"wp-block-list\">\n<li>Padr\u00f5es \u00e9ticos e profissionais<\/li>\n\n\n\n<li>M\u00e9todos quantitativos<\/li>\n\n\n\n<li>Economia<\/li>\n\n\n\n<li>Relat\u00f3rios e an\u00e1lises financeiras<\/li>\n\n\n\n<li>Emissores corporativos<\/li>\n\n\n\n<li>Investimentos em a\u00e7\u00f5es<\/li>\n\n\n\n<li>Renda fixa<\/li>\n\n\n\n<li>Derivativos<\/li>\n\n\n\n<li>Investimentos alternativos<\/li>\n\n\n\n<li>Gerenciamento de portf\u00f3lio<\/li>\n<\/ul>\n\n\n\n<p>O texto pode ser pesquisado usando o recurso de localiza\u00e7\u00e3o no teclado do computador 'ctrl+f' e por meio da pesquisa em seu smartphone\/tablet. Esses livros n\u00e3o s\u00e3o f\u00edsicos, s\u00e3o c\u00f3pias digitais em PDF. N\u00e3o compre se voc\u00ea quiser uma c\u00f3pia f\u00edsica.<\/p>\n\n\n\n<p>Ap\u00f3s a finaliza\u00e7\u00e3o da compra, voc\u00ea poder\u00e1 fazer o download dos livros eletr\u00f4nicos imediatamente<\/p>","protected":false},"excerpt":{"rendered":"<p>For sale is an e-Book 2025 CFA Schweser Secret Sauce Level 1 PDF Topics Covered: The text is searchable using the find feature on your computer keyboard &#8216;ctrl+f&#8217; and through search on your smartphone\/tablet. These are not physical books they are PDF digital copies. Please do not purchase if you want a physical hard copy. [&hellip;]<\/p>\n","protected":false},"featured_media":12206,"comment_status":"closed","ping_status":"closed","template":"","meta":[],"product_brand":[],"product_cat":[260],"product_tag":[261,93,88,90,87,91,92,159,168],"class_list":{"0":"post-12205","1":"product","2":"type-product","3":"status-publish","4":"has-post-thumbnail","6":"product_cat-cfa-level-1","7":"product_tag-cfa-2025","8":"product_tag-cfa-books","9":"product_tag-cfa-ebooks","10":"product_tag-cfa-exam","11":"product_tag-cfa-level-i","12":"product_tag-cfa-prep","13":"product_tag-cfa-test","14":"product_tag-secret-sauce","15":"product_tag-study-notes","17":"first","18":"instock","19":"downloadable","20":"virtual","21":"sold-individually","22":"purchasable","23":"product-type-simple"},"_links":{"self":[{"href":"https:\/\/www.cfaebooks.com\/pt_br\/wp-json\/wp\/v2\/product\/12205","targetHints":{"allow":["GET"]}}],"collection":[{"href":"https:\/\/www.cfaebooks.com\/pt_br\/wp-json\/wp\/v2\/product"}],"about":[{"href":"https:\/\/www.cfaebooks.com\/pt_br\/wp-json\/wp\/v2\/types\/product"}],"replies":[{"embeddable":true,"href":"https:\/\/www.cfaebooks.com\/pt_br\/wp-json\/wp\/v2\/comments?post=12205"}],"wp:featuredmedia":[{"embeddable":true,"href":"https:\/\/www.cfaebooks.com\/pt_br\/wp-json\/wp\/v2\/media\/12206"}],"wp:attachment":[{"href":"https:\/\/www.cfaebooks.com\/pt_br\/wp-json\/wp\/v2\/media?parent=12205"}],"wp:term":[{"taxonomy":"product_brand","embeddable":true,"href":"https:\/\/www.cfaebooks.com\/pt_br\/wp-json\/wp\/v2\/product_brand?post=12205"},{"taxonomy":"product_cat","embeddable":true,"href":"https:\/\/www.cfaebooks.com\/pt_br\/wp-json\/wp\/v2\/product_cat?post=12205"},{"taxonomy":"product_tag","embeddable":true,"href":"https:\/\/www.cfaebooks.com\/pt_br\/wp-json\/wp\/v2\/product_tag?post=12205"}],"curies":[{"name":"wp","href":"https:\/\/api.w.org\/{rel}","templated":true}]}}