{"id":12178,"date":"2025-04-01T14:21:44","date_gmt":"2025-04-01T14:21:44","guid":{"rendered":"https:\/\/www.cfaebooks.com\/?post_type=product&#038;p=12178"},"modified":"2026-04-03T08:02:30","modified_gmt":"2026-04-03T08:02:30","slug":"banco-de-questoes-cfa-2025-nivel-2-uworld-2","status":"publish","type":"product","link":"https:\/\/www.cfaebooks.com\/pt_br\/products\/banco-de-questoes-cfa-2025-nivel-2-uworld-2\/","title":{"rendered":"CFA 2025 N\u00edvel 2 UWorld Question Bank"},"content":{"rendered":"<p>Est\u00e1 \u00e0 venda o CFA UWorld Question Bank Level 2 PDF 2025.<\/p>\n\n\n\n<p>Banco de perguntas CFA n\u00edvel 2 com mais de 900 perguntas pr\u00e1ticas<\/p>\n\n\n\n<p>Inclui um conjunto de 10 volumes:<\/p>\n\n\n\n<ul class=\"wp-block-list\">\n<li>M\u00e9todos quantitativos<\/li>\n\n\n\n<li>Economia<\/li>\n\n\n\n<li>An\u00e1lise de demonstrativos financeiros<\/li>\n\n\n\n<li>Emissores corporativos<\/li>\n\n\n\n<li>Avalia\u00e7\u00e3o de patrim\u00f4nio l\u00edquido<\/li>\n\n\n\n<li>Renda fixa<\/li>\n\n\n\n<li>Derivativos<\/li>\n\n\n\n<li>Investimentos alternativos<\/li>\n\n\n\n<li>Gerenciamento de portf\u00f3lio<\/li>\n\n\n\n<li>Padr\u00f5es \u00e9ticos e profissionais<\/li>\n<\/ul>\n\n\n\n<p>N\u00e3o compre se voc\u00ea quiser uma c\u00f3pia f\u00edsica impressa. <\/p>\n\n\n\n<p>Ap\u00f3s a finaliza\u00e7\u00e3o da compra, voc\u00ea poder\u00e1 fazer o download do material imediatamente.<\/p>","protected":false},"excerpt":{"rendered":"<p>For sale is the 2025 CFA UWorld Question Bank Level 2 PDF. CFA Level 2 Question Bank With 900+ Practice Questions Includes Set of 10 volumes: Please do not purchase if you want a physical hard copy. After checkout you can download the material immediately.<\/p>","protected":false},"featured_media":12179,"comment_status":"closed","ping_status":"closed","template":"","meta":[],"product_brand":[],"product_cat":[266],"product_tag":[261,93,88,90,293,166,92],"class_list":{"0":"post-12178","1":"product","2":"type-product","3":"status-publish","4":"has-post-thumbnail","6":"product_cat-cfa-level-2","7":"product_tag-cfa-2025","8":"product_tag-cfa-books","9":"product_tag-cfa-ebooks","10":"product_tag-cfa-exam","11":"product_tag-cfa-level-2-2025","12":"product_tag-cfa-question-bank","13":"product_tag-cfa-test","15":"first","16":"instock","17":"downloadable","18":"virtual","19":"sold-individually","20":"purchasable","21":"product-type-simple"},"_links":{"self":[{"href":"https:\/\/www.cfaebooks.com\/pt_br\/wp-json\/wp\/v2\/product\/12178","targetHints":{"allow":["GET"]}}],"collection":[{"href":"https:\/\/www.cfaebooks.com\/pt_br\/wp-json\/wp\/v2\/product"}],"about":[{"href":"https:\/\/www.cfaebooks.com\/pt_br\/wp-json\/wp\/v2\/types\/product"}],"replies":[{"embeddable":true,"href":"https:\/\/www.cfaebooks.com\/pt_br\/wp-json\/wp\/v2\/comments?post=12178"}],"wp:featuredmedia":[{"embeddable":true,"href":"https:\/\/www.cfaebooks.com\/pt_br\/wp-json\/wp\/v2\/media\/12179"}],"wp:attachment":[{"href":"https:\/\/www.cfaebooks.com\/pt_br\/wp-json\/wp\/v2\/media?parent=12178"}],"wp:term":[{"taxonomy":"product_brand","embeddable":true,"href":"https:\/\/www.cfaebooks.com\/pt_br\/wp-json\/wp\/v2\/product_brand?post=12178"},{"taxonomy":"product_cat","embeddable":true,"href":"https:\/\/www.cfaebooks.com\/pt_br\/wp-json\/wp\/v2\/product_cat?post=12178"},{"taxonomy":"product_tag","embeddable":true,"href":"https:\/\/www.cfaebooks.com\/pt_br\/wp-json\/wp\/v2\/product_tag?post=12178"}],"curies":[{"name":"wp","href":"https:\/\/api.w.org\/{rel}","templated":true}]}}