{"id":12108,"date":"2025-03-14T08:04:42","date_gmt":"2025-03-14T08:04:42","guid":{"rendered":"https:\/\/www.cfaebooks.com\/?post_type=product&#038;p=12108"},"modified":"2026-04-03T08:02:26","modified_gmt":"2026-04-03T08:02:26","slug":"colecoes-cfa-2025-nivel-1-com-10000-mcqs","status":"publish","type":"product","link":"https:\/\/www.cfaebooks.com\/pt_br\/products\/colecoes-cfa-2025-nivel-1-com-10000-mcqs\/","title":{"rendered":"CFA 2025 Level 1 Collections with 10,000 MCQs"},"content":{"rendered":"<p>Est\u00e1 \u00e0 venda o 2025 CFA Level 1 Collections with 10,000 MCQs PDF.<\/p>\n\n\n\n<p>O pacote inclui:<\/p>\n\n\n\n<ul class=\"wp-block-list\">\n<li>BOOKS-3000 MCQs internos<\/li>\n\n\n\n<li>QBank KAPLAN-3000 MCQs<\/li>\n\n\n\n<li>QB CFA WEB PAGO-1000 MCQs<\/li>\n\n\n\n<li>\u00c9TICA 200 EXTRA MCQs<\/li>\n\n\n\n<li>BANCO DE PERGUNTAS DE 25 HORAS (650 MCQ)<\/li>\n\n\n\n<li>TOUGH QBank UWORLD-2000 MCQs<\/li>\n\n\n\n<li>EXTRA QBank-700MCQs<\/li>\n\n\n\n<li>KAPLAN MOCK-1100 MCQs<\/li>\n\n\n\n<li>CFA WEB MOCKS-900 MCQs<\/li>\n\n\n\n<li>F\u00d3RMULAS E RESUMOS<\/li>\n\n\n\n<li>KEVIN SIR_s MOCK<\/li>\n<\/ul>\n\n\n\n<p>Este n\u00e3o \u00e9 um livro f\u00edsico, \u00e9 uma c\u00f3pia digital em PDF. N\u00e3o compre se voc\u00ea quiser uma c\u00f3pia f\u00edsica.<\/p>\n\n\n\n<p>Ap\u00f3s a finaliza\u00e7\u00e3o da compra, voc\u00ea poder\u00e1 fazer o download do material imediatamente.<\/p>","protected":false},"excerpt":{"rendered":"<p>For sale is the 2025 CFA Level 1 Collections with 10,000 MCQs PDF. In the package, it is include: This is not a physical book it is a\u00a0PDF\u00a0digital copy. Please do not purchase if you want a physical hard copy. After checkout you can download the material immediately.<\/p>","protected":false},"featured_media":12111,"comment_status":"closed","ping_status":"closed","template":"","meta":[],"product_brand":[],"product_cat":[260,273],"product_tag":[261,93,88,90,268,87,338,311,91,92],"class_list":{"0":"post-12108","1":"product","2":"type-product","3":"status-publish","4":"has-post-thumbnail","6":"product_cat-cfa-level-1","7":"product_cat-cfa-bundles","8":"product_tag-cfa-2025","9":"product_tag-cfa-books","10":"product_tag-cfa-ebooks","11":"product_tag-cfa-exam","12":"product_tag-cfa-level-1-2025","13":"product_tag-cfa-level-i","14":"product_tag-cfa-mcqs","15":"product_tag-cfa-mocks","16":"product_tag-cfa-prep","17":"product_tag-cfa-test","19":"first","20":"instock","21":"downloadable","22":"virtual","23":"sold-individually","24":"purchasable","25":"product-type-simple"},"_links":{"self":[{"href":"https:\/\/www.cfaebooks.com\/pt_br\/wp-json\/wp\/v2\/product\/12108","targetHints":{"allow":["GET"]}}],"collection":[{"href":"https:\/\/www.cfaebooks.com\/pt_br\/wp-json\/wp\/v2\/product"}],"about":[{"href":"https:\/\/www.cfaebooks.com\/pt_br\/wp-json\/wp\/v2\/types\/product"}],"replies":[{"embeddable":true,"href":"https:\/\/www.cfaebooks.com\/pt_br\/wp-json\/wp\/v2\/comments?post=12108"}],"wp:featuredmedia":[{"embeddable":true,"href":"https:\/\/www.cfaebooks.com\/pt_br\/wp-json\/wp\/v2\/media\/12111"}],"wp:attachment":[{"href":"https:\/\/www.cfaebooks.com\/pt_br\/wp-json\/wp\/v2\/media?parent=12108"}],"wp:term":[{"taxonomy":"product_brand","embeddable":true,"href":"https:\/\/www.cfaebooks.com\/pt_br\/wp-json\/wp\/v2\/product_brand?post=12108"},{"taxonomy":"product_cat","embeddable":true,"href":"https:\/\/www.cfaebooks.com\/pt_br\/wp-json\/wp\/v2\/product_cat?post=12108"},{"taxonomy":"product_tag","embeddable":true,"href":"https:\/\/www.cfaebooks.com\/pt_br\/wp-json\/wp\/v2\/product_tag?post=12108"}],"curies":[{"name":"wp","href":"https:\/\/api.w.org\/{rel}","templated":true}]}}