{"id":11520,"date":"2024-12-14T12:43:01","date_gmt":"2024-12-14T12:43:01","guid":{"rendered":"https:\/\/www.cfaebooks.com\/?post_type=product&#038;p=11520"},"modified":"2026-04-03T08:01:24","modified_gmt":"2026-04-03T08:01:24","slug":"2025-caia-uppermark-study-handbooks-level-2-with-formula-sheet","status":"publish","type":"product","link":"https:\/\/www.cfaebooks.com\/pt_br\/products\/2025-caia-uppermark-study-handbooks-level-2-with-formula-sheet\/","title":{"rendered":"2025 CAIA UpperMark Study Handbooks Level 2 with Formula Sheet (Manuais de Estudo CAIA UpperMark N\u00edvel 2 com Folha de F\u00f3rmula)"},"content":{"rendered":"<p>Vende-se um e-Book 2025 CAIA Level 2 UpperMark Study Handbooks with Formula Sheet PDF. Este n\u00e3o \u00e9 um livro f\u00edsico, \u00e9 uma c\u00f3pia digital em PDF. N\u00e3o compre se voc\u00ea quiser uma c\u00f3pia f\u00edsica. Ap\u00f3s a finaliza\u00e7\u00e3o da compra, voc\u00ea poder\u00e1 fazer o download do livro eletr\u00f4nico instantaneamente.<\/p>","protected":false},"excerpt":{"rendered":"<p>Vende-se um e-Book 2025 CAIA Level 2 UpperMark Study Handbooks with Formula Sheet PDF. Este n\u00e3o \u00e9 um livro f\u00edsico, \u00e9 uma c\u00f3pia digital em PDF. N\u00e3o compre se voc\u00ea quiser uma c\u00f3pia f\u00edsica. Ap\u00f3s a finaliza\u00e7\u00e3o da compra, voc\u00ea poder\u00e1 fazer o download do livro eletr\u00f4nico instantaneamente.<\/p>","protected":false},"featured_media":11522,"comment_status":"closed","ping_status":"closed","template":"","meta":[],"product_brand":[],"product_cat":[318],"product_tag":[247,319,320,251,250,248,321,322,253,252,249],"class_list":{"0":"post-11520","1":"product","2":"type-product","3":"status-publish","4":"has-post-thumbnail","6":"product_cat-caia-level-2","7":"product_tag-caia","8":"product_tag-caia-2025","9":"product_tag-caia-2025-study-notes","10":"product_tag-caia-books","11":"product_tag-caia-ebooks","12":"product_tag-caia-exam","13":"product_tag-caia-formula-sheet","14":"product_tag-caia-level-2","15":"product_tag-caia-level-ii","16":"product_tag-caia-prep","17":"product_tag-caia-test","19":"first","20":"instock","21":"downloadable","22":"virtual","23":"sold-individually","24":"purchasable","25":"product-type-simple"},"_links":{"self":[{"href":"https:\/\/www.cfaebooks.com\/pt_br\/wp-json\/wp\/v2\/product\/11520","targetHints":{"allow":["GET"]}}],"collection":[{"href":"https:\/\/www.cfaebooks.com\/pt_br\/wp-json\/wp\/v2\/product"}],"about":[{"href":"https:\/\/www.cfaebooks.com\/pt_br\/wp-json\/wp\/v2\/types\/product"}],"replies":[{"embeddable":true,"href":"https:\/\/www.cfaebooks.com\/pt_br\/wp-json\/wp\/v2\/comments?post=11520"}],"wp:featuredmedia":[{"embeddable":true,"href":"https:\/\/www.cfaebooks.com\/pt_br\/wp-json\/wp\/v2\/media\/11522"}],"wp:attachment":[{"href":"https:\/\/www.cfaebooks.com\/pt_br\/wp-json\/wp\/v2\/media?parent=11520"}],"wp:term":[{"taxonomy":"product_brand","embeddable":true,"href":"https:\/\/www.cfaebooks.com\/pt_br\/wp-json\/wp\/v2\/product_brand?post=11520"},{"taxonomy":"product_cat","embeddable":true,"href":"https:\/\/www.cfaebooks.com\/pt_br\/wp-json\/wp\/v2\/product_cat?post=11520"},{"taxonomy":"product_tag","embeddable":true,"href":"https:\/\/www.cfaebooks.com\/pt_br\/wp-json\/wp\/v2\/product_tag?post=11520"}],"curies":[{"name":"wp","href":"https:\/\/api.w.org\/{rel}","templated":true}]}}