{"id":11178,"date":"2024-11-06T13:31:00","date_gmt":"2024-11-06T13:31:00","guid":{"rendered":"https:\/\/www.cfaebooks.com\/?post_type=product&#038;p=11178"},"modified":"2026-04-03T08:01:14","modified_gmt":"2026-04-03T08:01:14","slug":"aulas-em-video-cfa-2025-nivel-2-com-livro-de-exercicios","status":"publish","type":"product","link":"https:\/\/www.cfaebooks.com\/pt_br\/products\/aulas-em-video-cfa-2025-nivel-2-com-livro-de-exercicios\/","title":{"rendered":"CFA 2025 Video Lectures Level 2 with Workbook (Aulas em v\u00eddeo CFA 2025 N\u00edvel 2 com livro de exerc\u00edcios)"},"content":{"rendered":"<p>Est\u00e1 \u00e0 venda o 2025 CFA Schweser Video Lectures Level 2 with Workbook<\/p>\n\n\n\n<p>Inclui os seguintes t\u00f3picos: <\/p>\n\n\n\n<ul class=\"wp-block-list\">\n<li><em>M\u00e9todos quantitativos<\/em><\/li>\n\n\n\n<li><em>Economia<\/em><\/li>\n\n\n\n<li><em>An\u00e1lise de demonstrativos financeiros<\/em><\/li>\n\n\n\n<li><em>Emissores corporativos<\/em><\/li>\n\n\n\n<li><em>Investimentos em a\u00e7\u00f5es<\/em><\/li>\n\n\n\n<li><em>Renda fixa<\/em><\/li>\n\n\n\n<li><em>Derivativos<\/em><\/li>\n\n\n\n<li><em>Investimentos alternativos<\/em><\/li>\n\n\n\n<li><em>Gerenciamento de portf\u00f3lio, \u00e9tica e padr\u00f5es profissionais<\/em>. <\/li>\n<\/ul>\n\n\n\n<p>Ap\u00f3s a finaliza\u00e7\u00e3o da compra, voc\u00ea poder\u00e1 fazer o download do v\u00eddeo e da apostila imediatamente.<\/p>","protected":false},"excerpt":{"rendered":"<p>For sale is the 2025 CFA Schweser Video Lectures Level 2 with Workbook Includes the following topics: After checkout you can download the video and workbook immediately.<\/p>","protected":false},"featured_media":11179,"comment_status":"closed","ping_status":"closed","template":"","meta":[],"product_brand":[],"product_cat":[269,266],"product_tag":[261,93,88,90,178,293,91,92,302,303,163,175,271,270],"class_list":{"0":"post-11178","1":"product","2":"type-product","3":"status-publish","4":"has-post-thumbnail","6":"product_cat-cfa-video-lectures","7":"product_cat-cfa-level-2","8":"product_tag-cfa-2025","9":"product_tag-cfa-books","10":"product_tag-cfa-ebooks","11":"product_tag-cfa-exam","12":"product_tag-cfa-level-2","13":"product_tag-cfa-level-2-2025","14":"product_tag-cfa-prep","15":"product_tag-cfa-test","16":"product_tag-cfa-video-lectures","17":"product_tag-cfa-video-lessons","18":"product_tag-schweser-qbank","19":"product_tag-video","20":"product_tag-video-lectures","21":"product_tag-video-lessons","23":"first","24":"instock","25":"downloadable","26":"virtual","27":"sold-individually","28":"purchasable","29":"product-type-simple"},"_links":{"self":[{"href":"https:\/\/www.cfaebooks.com\/pt_br\/wp-json\/wp\/v2\/product\/11178","targetHints":{"allow":["GET"]}}],"collection":[{"href":"https:\/\/www.cfaebooks.com\/pt_br\/wp-json\/wp\/v2\/product"}],"about":[{"href":"https:\/\/www.cfaebooks.com\/pt_br\/wp-json\/wp\/v2\/types\/product"}],"replies":[{"embeddable":true,"href":"https:\/\/www.cfaebooks.com\/pt_br\/wp-json\/wp\/v2\/comments?post=11178"}],"wp:featuredmedia":[{"embeddable":true,"href":"https:\/\/www.cfaebooks.com\/pt_br\/wp-json\/wp\/v2\/media\/11179"}],"wp:attachment":[{"href":"https:\/\/www.cfaebooks.com\/pt_br\/wp-json\/wp\/v2\/media?parent=11178"}],"wp:term":[{"taxonomy":"product_brand","embeddable":true,"href":"https:\/\/www.cfaebooks.com\/pt_br\/wp-json\/wp\/v2\/product_brand?post=11178"},{"taxonomy":"product_cat","embeddable":true,"href":"https:\/\/www.cfaebooks.com\/pt_br\/wp-json\/wp\/v2\/product_cat?post=11178"},{"taxonomy":"product_tag","embeddable":true,"href":"https:\/\/www.cfaebooks.com\/pt_br\/wp-json\/wp\/v2\/product_tag?post=11178"}],"curies":[{"name":"wp","href":"https:\/\/api.w.org\/{rel}","templated":true}]}}