{"id":11098,"date":"2024-11-01T06:18:24","date_gmt":"2024-11-01T06:18:24","guid":{"rendered":"https:\/\/www.cfaebooks.com\/?post_type=product&#038;p=11098"},"modified":"2026-04-03T08:01:08","modified_gmt":"2026-04-03T08:01:08","slug":"2025-cfa-level-1-mark-meldrum-notes-with-formula-sheet-seminars-and-prerequisites","status":"publish","type":"product","link":"https:\/\/www.cfaebooks.com\/pt_br\/products\/2025-cfa-level-1-mark-meldrum-notes-with-formula-sheet-seminars-and-prerequisites\/","title":{"rendered":"2025 CFA N\u00edvel 1 Mark Meldrum Notes com Formula Sheet, Semin\u00e1rios e Pr\u00e9-requisitos"},"content":{"rendered":"<p>Est\u00e1 \u00e0 venda um ebook 2025 CFA Mark Meldrum Notes Level 1 with Formula Sheet, Seminars and Prerequisites PDF.<\/p>\n\n\n\n<p>Ele inclui os seguintes t\u00f3picos:&nbsp;<\/p>\n\n\n\n<ul class=\"wp-block-list\">\n<li><strong>M\u00e9todos quantitativos<\/strong><\/li>\n\n\n\n<li><strong>Economia<\/strong><\/li>\n\n\n\n<li><strong>Emissores corporativos<\/strong><\/li>\n\n\n\n<li><strong>An\u00e1lise de demonstrativos financeiros<\/strong><\/li>\n\n\n\n<li><strong>Patrim\u00f4nio l\u00edquido<\/strong><\/li>\n\n\n\n<li><strong>Renda fixa<\/strong><\/li>\n\n\n\n<li><strong>Derivativos<\/strong><\/li>\n\n\n\n<li><strong>Investimentos alternativos<\/strong><\/li>\n\n\n\n<li><strong>Gerenciamento de portf\u00f3lio e \u00e9tica<\/strong>.<\/li>\n<\/ul>\n\n\n\n<p>Ap\u00f3s a finaliza\u00e7\u00e3o da compra, voc\u00ea poder\u00e1 fazer o download do livro eletr\u00f4nico imediatamente. Este n\u00e3o \u00e9 um livro f\u00edsico, \u00e9 uma c\u00f3pia digital em PDF. N\u00e3o compre se voc\u00ea quiser uma c\u00f3pia f\u00edsica.<\/p>","protected":false},"excerpt":{"rendered":"<p>For sale is an ebook 2025 CFA Mark Meldrum Notes Level 1 with Formula Sheet, Seminars and Prerequisites PDF. It includes the following topics:&nbsp; After checkout you can download the e-Book immediately. This is not a physical book it is a&nbsp;PDF&nbsp;digital copy. Please do not purchase if you want a physical hard copy.<\/p>","protected":false},"featured_media":11099,"comment_status":"closed","ping_status":"closed","template":"","meta":[],"product_brand":[],"product_cat":[260],"product_tag":[261,93,88,90,268,87,91,92,165,309,168],"class_list":{"0":"post-11098","1":"product","2":"type-product","3":"status-publish","4":"has-post-thumbnail","6":"product_cat-cfa-level-1","7":"product_tag-cfa-2025","8":"product_tag-cfa-books","9":"product_tag-cfa-ebooks","10":"product_tag-cfa-exam","11":"product_tag-cfa-level-1-2025","12":"product_tag-cfa-level-i","13":"product_tag-cfa-prep","14":"product_tag-cfa-test","15":"product_tag-mark-meldrum","16":"product_tag-mark-meldrum-2025","17":"product_tag-study-notes","19":"first","20":"instock","21":"downloadable","22":"virtual","23":"sold-individually","24":"purchasable","25":"product-type-simple"},"_links":{"self":[{"href":"https:\/\/www.cfaebooks.com\/pt_br\/wp-json\/wp\/v2\/product\/11098","targetHints":{"allow":["GET"]}}],"collection":[{"href":"https:\/\/www.cfaebooks.com\/pt_br\/wp-json\/wp\/v2\/product"}],"about":[{"href":"https:\/\/www.cfaebooks.com\/pt_br\/wp-json\/wp\/v2\/types\/product"}],"replies":[{"embeddable":true,"href":"https:\/\/www.cfaebooks.com\/pt_br\/wp-json\/wp\/v2\/comments?post=11098"}],"wp:featuredmedia":[{"embeddable":true,"href":"https:\/\/www.cfaebooks.com\/pt_br\/wp-json\/wp\/v2\/media\/11099"}],"wp:attachment":[{"href":"https:\/\/www.cfaebooks.com\/pt_br\/wp-json\/wp\/v2\/media?parent=11098"}],"wp:term":[{"taxonomy":"product_brand","embeddable":true,"href":"https:\/\/www.cfaebooks.com\/pt_br\/wp-json\/wp\/v2\/product_brand?post=11098"},{"taxonomy":"product_cat","embeddable":true,"href":"https:\/\/www.cfaebooks.com\/pt_br\/wp-json\/wp\/v2\/product_cat?post=11098"},{"taxonomy":"product_tag","embeddable":true,"href":"https:\/\/www.cfaebooks.com\/pt_br\/wp-json\/wp\/v2\/product_tag?post=11098"}],"curies":[{"name":"wp","href":"https:\/\/api.w.org\/{rel}","templated":true}]}}