{"id":10886,"date":"2024-10-24T08:56:02","date_gmt":"2024-10-24T08:56:02","guid":{"rendered":"https:\/\/www.cfaebooks.com\/?post_type=product&#038;p=10886"},"modified":"2026-04-03T08:00:12","modified_gmt":"2026-04-03T08:00:12","slug":"2025-cfa-program-curriculum-level-ii-box-set","status":"publish","type":"product","link":"https:\/\/www.cfaebooks.com\/pt_br\/products\/2025-cfa-program-curriculum-level-ii-box-set\/","title":{"rendered":"2025 CFA Program Curriculum Level II Box Set"},"content":{"rendered":"<p>Est\u00e1 \u00e0 venda um e-Book 2025 CFA Program Curriculum Level II Box Set PDF. <\/p>\n\n\n\n<p>Inclui os seguintes t\u00f3picos: <\/p>\n\n\n\n<ul class=\"wp-block-list\">\n<li><em>Volume 1: M\u00e9todos quantitativos<\/em><\/li>\n\n\n\n<li><em>Volume 2: Economia<\/em><\/li>\n\n\n\n<li><em>Volume 3: An\u00e1lise de demonstra\u00e7\u00f5es financeiras<\/em><\/li>\n\n\n\n<li><em>Volume 4: Corporate Issuers <\/em><\/li>\n\n\n\n<li><em>Volume<\/em> <em>5: Investimentos em a\u00e7\u00f5es<\/em><\/li>\n\n\n\n<li><em>Volume 6: Renda fixa<\/em><\/li>\n\n\n\n<li><em>Volume 7: Derivatives<\/em><\/li>\n\n\n\n<li><em>Volume 8: Alternative Investments<\/em><\/li>\n\n\n\n<li><em>Volume 9: Gerenciamento de portf\u00f3lio<\/em><\/li>\n\n\n\n<li><em>Volume 10: \u00c9tica e padr\u00f5es profissionais <\/em>.<\/li>\n<\/ul>\n\n\n\n<p>Ap\u00f3s a finaliza\u00e7\u00e3o da compra, voc\u00ea poder\u00e1 fazer o download do livro eletr\u00f4nico imediatamente. Este n\u00e3o \u00e9 um livro f\u00edsico, \u00e9 uma c\u00f3pia digital em PDF. N\u00e3o compre se voc\u00ea quiser uma c\u00f3pia f\u00edsica<\/p>","protected":false},"excerpt":{"rendered":"<p>For sale is an e-Book 2025 CFA Program Curriculum Level II Box Set PDF. Includes the following topics: After checkout you can download the e-Book immediately. This is not a physical book it is a&nbsp;PDF&nbsp;digital copy. Please do not purchase if you want a physical hard copy<\/p>","protected":false},"featured_media":10887,"comment_status":"closed","ping_status":"closed","template":"","meta":[],"product_brand":[],"product_cat":[266],"product_tag":[261,93,88,90,174,178,293,91,89,92,168],"class_list":{"0":"post-10886","1":"product","2":"type-product","3":"status-publish","4":"has-post-thumbnail","6":"product_cat-cfa-level-2","7":"product_tag-cfa-2025","8":"product_tag-cfa-books","9":"product_tag-cfa-ebooks","10":"product_tag-cfa-exam","11":"product_tag-cfa-institute","12":"product_tag-cfa-level-2","13":"product_tag-cfa-level-2-2025","14":"product_tag-cfa-prep","15":"product_tag-cfa-program-curriculum","16":"product_tag-cfa-test","17":"product_tag-study-notes","19":"first","20":"instock","21":"downloadable","22":"virtual","23":"sold-individually","24":"purchasable","25":"product-type-simple"},"_links":{"self":[{"href":"https:\/\/www.cfaebooks.com\/pt_br\/wp-json\/wp\/v2\/product\/10886","targetHints":{"allow":["GET"]}}],"collection":[{"href":"https:\/\/www.cfaebooks.com\/pt_br\/wp-json\/wp\/v2\/product"}],"about":[{"href":"https:\/\/www.cfaebooks.com\/pt_br\/wp-json\/wp\/v2\/types\/product"}],"replies":[{"embeddable":true,"href":"https:\/\/www.cfaebooks.com\/pt_br\/wp-json\/wp\/v2\/comments?post=10886"}],"wp:featuredmedia":[{"embeddable":true,"href":"https:\/\/www.cfaebooks.com\/pt_br\/wp-json\/wp\/v2\/media\/10887"}],"wp:attachment":[{"href":"https:\/\/www.cfaebooks.com\/pt_br\/wp-json\/wp\/v2\/media?parent=10886"}],"wp:term":[{"taxonomy":"product_brand","embeddable":true,"href":"https:\/\/www.cfaebooks.com\/pt_br\/wp-json\/wp\/v2\/product_brand?post=10886"},{"taxonomy":"product_cat","embeddable":true,"href":"https:\/\/www.cfaebooks.com\/pt_br\/wp-json\/wp\/v2\/product_cat?post=10886"},{"taxonomy":"product_tag","embeddable":true,"href":"https:\/\/www.cfaebooks.com\/pt_br\/wp-json\/wp\/v2\/product_tag?post=10886"}],"curies":[{"name":"wp","href":"https:\/\/api.w.org\/{rel}","templated":true}]}}