{"id":10404,"date":"2024-09-12T00:13:49","date_gmt":"2024-09-12T00:13:49","guid":{"rendered":"https:\/\/www.cfaebooks.com\/?post_type=product&#038;p=10404"},"modified":"2026-04-03T07:59:48","modified_gmt":"2026-04-03T07:59:48","slug":"2024-aulas-em-video-do-ift-de-nivel-1-do-cfa-2","status":"publish","type":"product","link":"https:\/\/www.cfaebooks.com\/pt_br\/products\/2024-aulas-em-video-do-ift-de-nivel-1-do-cfa-2\/","title":{"rendered":"2024 Palestras em v\u00eddeo sobre o CFA N\u00edvel 1 IFT"},"content":{"rendered":"<p>Est\u00e3o \u00e0 venda 2024 aulas em v\u00eddeo do CFA N\u00edvel 1 IFT. <\/p>\n\n\n\n<ul class=\"wp-block-list\">\n<li>Essas aulas em v\u00eddeo est\u00e3o alinhadas com o curr\u00edculo e apresentam os conceitos de uma maneira f\u00e1cil de entender.<\/li>\n\n\n\n<li>Ele tamb\u00e9m inclui v\u00eddeos de exemplo. <\/li>\n\n\n\n<li>Ap\u00f3s a finaliza\u00e7\u00e3o da compra, voc\u00ea poder\u00e1 fazer o download do v\u00eddeo imediatamente.<\/li>\n<\/ul>","protected":false},"excerpt":{"rendered":"<p>Est\u00e3o \u00e0 venda 2024 aulas em v\u00eddeo do CFA N\u00edvel 1 IFT.<\/p>","protected":false},"featured_media":10405,"comment_status":"closed","ping_status":"closed","template":"","meta":[],"product_brand":[],"product_cat":[260],"product_tag":[93,88,90,87,91,92,167,241,175],"class_list":{"0":"post-10404","1":"product","2":"type-product","3":"status-publish","4":"has-post-thumbnail","6":"product_cat-cfa-level-1","7":"product_tag-cfa-books","8":"product_tag-cfa-ebooks","9":"product_tag-cfa-exam","10":"product_tag-cfa-level-i","11":"product_tag-cfa-prep","12":"product_tag-cfa-test","13":"product_tag-ift","14":"product_tag-level-1","15":"product_tag-video","17":"first","18":"instock","19":"downloadable","20":"virtual","21":"sold-individually","22":"purchasable","23":"product-type-simple"},"_links":{"self":[{"href":"https:\/\/www.cfaebooks.com\/pt_br\/wp-json\/wp\/v2\/product\/10404","targetHints":{"allow":["GET"]}}],"collection":[{"href":"https:\/\/www.cfaebooks.com\/pt_br\/wp-json\/wp\/v2\/product"}],"about":[{"href":"https:\/\/www.cfaebooks.com\/pt_br\/wp-json\/wp\/v2\/types\/product"}],"replies":[{"embeddable":true,"href":"https:\/\/www.cfaebooks.com\/pt_br\/wp-json\/wp\/v2\/comments?post=10404"}],"wp:featuredmedia":[{"embeddable":true,"href":"https:\/\/www.cfaebooks.com\/pt_br\/wp-json\/wp\/v2\/media\/10405"}],"wp:attachment":[{"href":"https:\/\/www.cfaebooks.com\/pt_br\/wp-json\/wp\/v2\/media?parent=10404"}],"wp:term":[{"taxonomy":"product_brand","embeddable":true,"href":"https:\/\/www.cfaebooks.com\/pt_br\/wp-json\/wp\/v2\/product_brand?post=10404"},{"taxonomy":"product_cat","embeddable":true,"href":"https:\/\/www.cfaebooks.com\/pt_br\/wp-json\/wp\/v2\/product_cat?post=10404"},{"taxonomy":"product_tag","embeddable":true,"href":"https:\/\/www.cfaebooks.com\/pt_br\/wp-json\/wp\/v2\/product_tag?post=10404"}],"curies":[{"name":"wp","href":"https:\/\/api.w.org\/{rel}","templated":true}]}}