{"id":9187,"date":"2024-05-20T01:42:35","date_gmt":"2024-05-20T01:42:35","guid":{"rendered":"https:\/\/www.cfaebooks.com\/?post_type=product&#038;p=9187"},"modified":"2026-04-03T07:57:50","modified_gmt":"2026-04-03T07:57:50","slug":"frm-2024-parte-ii-ficha-de-informacao-rapida","status":"publish","type":"product","link":"https:\/\/www.cfaebooks.com\/pt\/products\/frm-2024-parte-ii-ficha-de-informacao-rapida\/","title":{"rendered":"FRM 2024 Parte II Folha de c\u00e1lculo"},"content":{"rendered":"<p>Est\u00e1 \u00e0 venda um e-Book FRM 2024 Parte 2 Schweser Quicksheet PDF. Este n\u00e3o \u00e9 um livro f\u00edsico, \u00e9 uma c\u00f3pia digital em PDF. Por favor, n\u00e3o compre se quiser uma c\u00f3pia f\u00edsica. Ap\u00f3s o checkout, pode descarregar o e-Book instantaneamente.<\/p>","protected":false},"excerpt":{"rendered":"<p>Est\u00e1 \u00e0 venda um e-Book FRM 2024 Parte 2 Schweser Quicksheet PDF. Este n\u00e3o \u00e9 um livro f\u00edsico, \u00e9 uma c\u00f3pia digital em PDF. Por favor, n\u00e3o compre se quiser uma c\u00f3pia f\u00edsica. Ap\u00f3s o checkout, pode descarregar o e-Book instantaneamente.<\/p>","protected":false},"featured_media":9189,"comment_status":"closed","ping_status":"closed","template":"","meta":[],"product_brand":[],"product_cat":[356],"product_tag":[184,189,186,181,188,182,183,177],"class_list":{"0":"post-9187","1":"product","2":"type-product","3":"status-publish","4":"has-post-thumbnail","6":"product_cat-frm-part-2-2024","7":"product_tag-frm","8":"product_tag-frm-2024","9":"product_tag-frm-ebooks","10":"product_tag-frm-exam","11":"product_tag-frm-part-2","12":"product_tag-frm-prep","13":"product_tag-frm-test","14":"product_tag-quicksheet","16":"first","17":"instock","18":"downloadable","19":"virtual","20":"sold-individually","21":"purchasable","22":"product-type-simple"},"_links":{"self":[{"href":"https:\/\/www.cfaebooks.com\/pt\/wp-json\/wp\/v2\/product\/9187","targetHints":{"allow":["GET"]}}],"collection":[{"href":"https:\/\/www.cfaebooks.com\/pt\/wp-json\/wp\/v2\/product"}],"about":[{"href":"https:\/\/www.cfaebooks.com\/pt\/wp-json\/wp\/v2\/types\/product"}],"replies":[{"embeddable":true,"href":"https:\/\/www.cfaebooks.com\/pt\/wp-json\/wp\/v2\/comments?post=9187"}],"wp:featuredmedia":[{"embeddable":true,"href":"https:\/\/www.cfaebooks.com\/pt\/wp-json\/wp\/v2\/media\/9189"}],"wp:attachment":[{"href":"https:\/\/www.cfaebooks.com\/pt\/wp-json\/wp\/v2\/media?parent=9187"}],"wp:term":[{"taxonomy":"product_brand","embeddable":true,"href":"https:\/\/www.cfaebooks.com\/pt\/wp-json\/wp\/v2\/product_brand?post=9187"},{"taxonomy":"product_cat","embeddable":true,"href":"https:\/\/www.cfaebooks.com\/pt\/wp-json\/wp\/v2\/product_cat?post=9187"},{"taxonomy":"product_tag","embeddable":true,"href":"https:\/\/www.cfaebooks.com\/pt\/wp-json\/wp\/v2\/product_tag?post=9187"}],"curies":[{"name":"wp","href":"https:\/\/api.w.org\/{rel}","templated":true}]}}