{"id":9007,"date":"2024-04-27T00:59:41","date_gmt":"2024-04-27T00:59:41","guid":{"rendered":"https:\/\/www.cfaebooks.com\/?post_type=product&#038;p=9007"},"modified":"2026-04-03T07:57:34","modified_gmt":"2026-04-03T07:57:34","slug":"2024-cfa-nivel-1-uworld-folha-de-calculo-2","status":"publish","type":"product","link":"https:\/\/www.cfaebooks.com\/pt\/products\/2024-cfa-nivel-1-uworld-folha-de-calculo-2\/","title":{"rendered":"2024 CFA N\u00edvel 1 UWorld Formula Sheet"},"content":{"rendered":"<p>Est\u00e1 \u00e0 venda um e-Book 2024 CFA Level 1 UWorld Formula Sheet PDF. <\/p>\n\n\n\n<p>Este n\u00e3o \u00e9 um livro f\u00edsico, \u00e9 uma c\u00f3pia digital em PDF. Por favor, n\u00e3o compre se quiser uma c\u00f3pia f\u00edsica. Depois de finalizar a compra, pode descarregar o livro eletr\u00f3nico instantaneamente.<\/p>","protected":false},"excerpt":{"rendered":"<p>Est\u00e1 \u00e0 venda um e-Book 2024 CFA Level 1 UWorld Formula Sheet PDF. Este n\u00e3o \u00e9 um livro f\u00edsico, \u00e9 uma c\u00f3pia digital em PDF. Por favor, n\u00e3o compre se quiser uma c\u00f3pia f\u00edsica. Ap\u00f3s o checkout, pode descarregar o e-Book instantaneamente.<\/p>","protected":false},"featured_media":9008,"comment_status":"closed","ping_status":"closed","template":"","meta":[],"product_brand":[],"product_cat":[260],"product_tag":[86,90,87,91,92,164,177,170],"class_list":{"0":"post-9007","1":"product","2":"type-product","3":"status-publish","4":"has-post-thumbnail","6":"product_cat-cfa-level-1","7":"product_tag-cfa-2024","8":"product_tag-cfa-exam","9":"product_tag-cfa-level-i","10":"product_tag-cfa-prep","11":"product_tag-cfa-test","12":"product_tag-formula-sheet","13":"product_tag-quicksheet","14":"product_tag-uworld","16":"first","17":"instock","18":"downloadable","19":"virtual","20":"sold-individually","21":"purchasable","22":"product-type-simple"},"_links":{"self":[{"href":"https:\/\/www.cfaebooks.com\/pt\/wp-json\/wp\/v2\/product\/9007","targetHints":{"allow":["GET"]}}],"collection":[{"href":"https:\/\/www.cfaebooks.com\/pt\/wp-json\/wp\/v2\/product"}],"about":[{"href":"https:\/\/www.cfaebooks.com\/pt\/wp-json\/wp\/v2\/types\/product"}],"replies":[{"embeddable":true,"href":"https:\/\/www.cfaebooks.com\/pt\/wp-json\/wp\/v2\/comments?post=9007"}],"wp:featuredmedia":[{"embeddable":true,"href":"https:\/\/www.cfaebooks.com\/pt\/wp-json\/wp\/v2\/media\/9008"}],"wp:attachment":[{"href":"https:\/\/www.cfaebooks.com\/pt\/wp-json\/wp\/v2\/media?parent=9007"}],"wp:term":[{"taxonomy":"product_brand","embeddable":true,"href":"https:\/\/www.cfaebooks.com\/pt\/wp-json\/wp\/v2\/product_brand?post=9007"},{"taxonomy":"product_cat","embeddable":true,"href":"https:\/\/www.cfaebooks.com\/pt\/wp-json\/wp\/v2\/product_cat?post=9007"},{"taxonomy":"product_tag","embeddable":true,"href":"https:\/\/www.cfaebooks.com\/pt\/wp-json\/wp\/v2\/product_tag?post=9007"}],"curies":[{"name":"wp","href":"https:\/\/api.w.org\/{rel}","templated":true}]}}