{"id":8412,"date":"2024-03-07T13:43:44","date_gmt":"2024-03-07T13:43:44","guid":{"rendered":"https:\/\/www.cfaebooks.com\/?post_type=product&#038;p=8412"},"modified":"2026-04-03T07:57:07","modified_gmt":"2026-04-03T07:57:07","slug":"testes-de-simulacao-ssei-com-solucoes-cfa-nivel-1-2","status":"publish","type":"product","link":"https:\/\/www.cfaebooks.com\/pt\/products\/testes-de-simulacao-ssei-com-solucoes-cfa-nivel-1-2\/","title":{"rendered":"Provas de simula\u00e7\u00e3o SSEI com solu\u00e7\u00f5es CFA N\u00edvel 1 2024"},"content":{"rendered":"<p>Est\u00e1 \u00e0 venda um e-Book CFA Level 1 2024 SSEI Mock Papers with Solutions PDF. <\/p>\n\n\n\n<p>Este n\u00e3o \u00e9 um livro f\u00edsico, \u00e9 uma c\u00f3pia digital em PDF. Por favor, n\u00e3o compre se quiser uma c\u00f3pia f\u00edsica. Depois de finalizar a compra, pode descarregar o livro eletr\u00f3nico instantaneamente.<\/p>","protected":false},"excerpt":{"rendered":"<p>For sale is an e-Book CFA Level 1 2024 SSEI Mock Papers with Solutions PDF. This is not a physical book it is a\u00a0PDF\u00a0digital copy. Please do not purchase if you want a physical hard copy. After checkout you can download the e-Book instantly.<\/p>","protected":false},"featured_media":8413,"comment_status":"closed","ping_status":"closed","template":"","meta":[],"product_brand":[],"product_cat":[260],"product_tag":[86,93,88,90,87,91,92,162,202],"class_list":{"0":"post-8412","1":"product","2":"type-product","3":"status-publish","4":"has-post-thumbnail","6":"product_cat-cfa-level-1","7":"product_tag-cfa-2024","8":"product_tag-cfa-books","9":"product_tag-cfa-ebooks","10":"product_tag-cfa-exam","11":"product_tag-cfa-level-i","12":"product_tag-cfa-prep","13":"product_tag-cfa-test","14":"product_tag-qbank","15":"product_tag-ssei","17":"first","18":"instock","19":"downloadable","20":"virtual","21":"sold-individually","22":"purchasable","23":"product-type-simple"},"_links":{"self":[{"href":"https:\/\/www.cfaebooks.com\/pt\/wp-json\/wp\/v2\/product\/8412","targetHints":{"allow":["GET"]}}],"collection":[{"href":"https:\/\/www.cfaebooks.com\/pt\/wp-json\/wp\/v2\/product"}],"about":[{"href":"https:\/\/www.cfaebooks.com\/pt\/wp-json\/wp\/v2\/types\/product"}],"replies":[{"embeddable":true,"href":"https:\/\/www.cfaebooks.com\/pt\/wp-json\/wp\/v2\/comments?post=8412"}],"wp:featuredmedia":[{"embeddable":true,"href":"https:\/\/www.cfaebooks.com\/pt\/wp-json\/wp\/v2\/media\/8413"}],"wp:attachment":[{"href":"https:\/\/www.cfaebooks.com\/pt\/wp-json\/wp\/v2\/media?parent=8412"}],"wp:term":[{"taxonomy":"product_brand","embeddable":true,"href":"https:\/\/www.cfaebooks.com\/pt\/wp-json\/wp\/v2\/product_brand?post=8412"},{"taxonomy":"product_cat","embeddable":true,"href":"https:\/\/www.cfaebooks.com\/pt\/wp-json\/wp\/v2\/product_cat?post=8412"},{"taxonomy":"product_tag","embeddable":true,"href":"https:\/\/www.cfaebooks.com\/pt\/wp-json\/wp\/v2\/product_tag?post=8412"}],"curies":[{"name":"wp","href":"https:\/\/api.w.org\/{rel}","templated":true}]}}