{"id":8282,"date":"2024-03-04T08:21:00","date_gmt":"2024-03-04T08:21:00","guid":{"rendered":"https:\/\/www.cfaebooks.com\/?post_type=product&#038;p=8282"},"modified":"2026-04-03T07:56:36","modified_gmt":"2026-04-03T07:56:36","slug":"banco-de-perguntas-2024-cfa-nivel-2","status":"publish","type":"product","link":"https:\/\/www.cfaebooks.com\/pt\/products\/banco-de-perguntas-2024-cfa-nivel-2\/","title":{"rendered":"Banco de perguntas 2024 CFA N\u00edvel 2"},"content":{"rendered":"<p>Est\u00e1 \u00e0 venda um e-Book 2024 CFA Level 2 Schweser Question Bank PDF. Mais de 1000 perguntas e respostas. Inclui perguntas e respostas para cada pergunta. Abrange todo o curr\u00edculo - Testes separados para cada t\u00f3pico.<\/p>\n\n\n\n<ul class=\"wp-block-list\">\n<li>Este n\u00e3o \u00e9 um livro f\u00edsico, \u00e9 uma c\u00f3pia digital em PDF. Por favor, n\u00e3o compre se quiser uma c\u00f3pia f\u00edsica<\/li>\n\n\n\n<li>Depois de finalizar a compra, pode descarregar o livro eletr\u00f3nico imediatamente.<\/li>\n<\/ul>","protected":false},"excerpt":{"rendered":"<p>Est\u00e1 \u00e0 venda um e-Book 2024 CFA Level 2 Schweser Question Bank PDF. Mais de 1000 perguntas e respostas. Inclui perguntas e respostas para cada pergunta. Abrange todo o curr\u00edculo - Testes separados para cada t\u00f3pico.<\/p>","protected":false},"featured_media":8284,"comment_status":"closed","ping_status":"closed","template":"","meta":[],"product_brand":[],"product_cat":[350],"product_tag":[93,90,178,91,158,162,161,163],"class_list":{"0":"post-8282","1":"product","2":"type-product","3":"status-publish","4":"has-post-thumbnail","6":"product_cat-cfa-level-2-2024","7":"product_tag-cfa-books","8":"product_tag-cfa-exam","9":"product_tag-cfa-level-2","10":"product_tag-cfa-prep","11":"product_tag-kaplan-schweser","12":"product_tag-qbank","13":"product_tag-question-bank","14":"product_tag-schweser-qbank","16":"first","17":"instock","18":"downloadable","19":"virtual","20":"sold-individually","21":"purchasable","22":"product-type-simple"},"_links":{"self":[{"href":"https:\/\/www.cfaebooks.com\/pt\/wp-json\/wp\/v2\/product\/8282","targetHints":{"allow":["GET"]}}],"collection":[{"href":"https:\/\/www.cfaebooks.com\/pt\/wp-json\/wp\/v2\/product"}],"about":[{"href":"https:\/\/www.cfaebooks.com\/pt\/wp-json\/wp\/v2\/types\/product"}],"replies":[{"embeddable":true,"href":"https:\/\/www.cfaebooks.com\/pt\/wp-json\/wp\/v2\/comments?post=8282"}],"wp:featuredmedia":[{"embeddable":true,"href":"https:\/\/www.cfaebooks.com\/pt\/wp-json\/wp\/v2\/media\/8284"}],"wp:attachment":[{"href":"https:\/\/www.cfaebooks.com\/pt\/wp-json\/wp\/v2\/media?parent=8282"}],"wp:term":[{"taxonomy":"product_brand","embeddable":true,"href":"https:\/\/www.cfaebooks.com\/pt\/wp-json\/wp\/v2\/product_brand?post=8282"},{"taxonomy":"product_cat","embeddable":true,"href":"https:\/\/www.cfaebooks.com\/pt\/wp-json\/wp\/v2\/product_cat?post=8282"},{"taxonomy":"product_tag","embeddable":true,"href":"https:\/\/www.cfaebooks.com\/pt\/wp-json\/wp\/v2\/product_tag?post=8282"}],"curies":[{"name":"wp","href":"https:\/\/api.w.org\/{rel}","templated":true}]}}