{"id":8260,"date":"2024-03-04T06:10:31","date_gmt":"2024-03-04T06:10:31","guid":{"rendered":"https:\/\/www.cfaebooks.com\/?post_type=product&#038;p=8260"},"modified":"2026-04-03T07:56:29","modified_gmt":"2026-04-03T07:56:29","slug":"video-do-exame-simulado-de-nivel-1-do-cfa-2","status":"publish","type":"product","link":"https:\/\/www.cfaebooks.com\/pt\/products\/video-do-exame-simulado-de-nivel-1-do-cfa-2\/","title":{"rendered":"V\u00eddeo do exame de simula\u00e7\u00e3o CFA 2024 N\u00edvel 1"},"content":{"rendered":"<p>V\u00eddeo do exame simulado CFA 2024 N\u00edvel 1. Os 5 exames simulados s\u00e3o gravados em v\u00eddeo com todas as perguntas e respostas. Pode parar o v\u00eddeo e rever as perguntas e respostas tamb\u00e9m.<\/p>\n\n\n\n<ul class=\"wp-block-list\">\n<li>SIMULA\u00c7\u00c3O 1 SESS\u00c3O 1,2<\/li>\n\n\n\n<li>SIMULACRO 2 SESS\u00c3O 1,2<\/li>\n\n\n\n<li>SIMULACRO 3 SESS\u00c3O 1,2<\/li>\n\n\n\n<li>SIMULACRO 4 SESS\u00c3O 1,2<\/li>\n\n\n\n<li>SIMULACRO 5 SESS\u00c3O 1,2<\/li>\n<\/ul>","protected":false},"excerpt":{"rendered":"<p>V\u00eddeo do exame simulado CFA 2024 N\u00edvel 1. Os 5 exames simulados s\u00e3o gravados em v\u00eddeo com todas as perguntas e respostas. Pode parar o v\u00eddeo e rever as perguntas e respostas tamb\u00e9m.<\/p>","protected":false},"featured_media":8262,"comment_status":"closed","ping_status":"closed","template":"","meta":[],"product_brand":[],"product_cat":[260],"product_tag":[86,93,88,90,174,87,91,92,176],"class_list":{"0":"post-8260","1":"product","2":"type-product","3":"status-publish","4":"has-post-thumbnail","6":"product_cat-cfa-level-1","7":"product_tag-cfa-2024","8":"product_tag-cfa-books","9":"product_tag-cfa-ebooks","10":"product_tag-cfa-exam","11":"product_tag-cfa-institute","12":"product_tag-cfa-level-i","13":"product_tag-cfa-prep","14":"product_tag-cfa-test","15":"product_tag-mock-exam","17":"first","18":"instock","19":"downloadable","20":"virtual","21":"sold-individually","22":"purchasable","23":"product-type-simple"},"_links":{"self":[{"href":"https:\/\/www.cfaebooks.com\/pt\/wp-json\/wp\/v2\/product\/8260","targetHints":{"allow":["GET"]}}],"collection":[{"href":"https:\/\/www.cfaebooks.com\/pt\/wp-json\/wp\/v2\/product"}],"about":[{"href":"https:\/\/www.cfaebooks.com\/pt\/wp-json\/wp\/v2\/types\/product"}],"replies":[{"embeddable":true,"href":"https:\/\/www.cfaebooks.com\/pt\/wp-json\/wp\/v2\/comments?post=8260"}],"wp:featuredmedia":[{"embeddable":true,"href":"https:\/\/www.cfaebooks.com\/pt\/wp-json\/wp\/v2\/media\/8262"}],"wp:attachment":[{"href":"https:\/\/www.cfaebooks.com\/pt\/wp-json\/wp\/v2\/media?parent=8260"}],"wp:term":[{"taxonomy":"product_brand","embeddable":true,"href":"https:\/\/www.cfaebooks.com\/pt\/wp-json\/wp\/v2\/product_brand?post=8260"},{"taxonomy":"product_cat","embeddable":true,"href":"https:\/\/www.cfaebooks.com\/pt\/wp-json\/wp\/v2\/product_cat?post=8260"},{"taxonomy":"product_tag","embeddable":true,"href":"https:\/\/www.cfaebooks.com\/pt\/wp-json\/wp\/v2\/product_tag?post=8260"}],"curies":[{"name":"wp","href":"https:\/\/api.w.org\/{rel}","templated":true}]}}