{"id":8183,"date":"2024-03-03T06:17:35","date_gmt":"2024-03-03T06:17:35","guid":{"rendered":"https:\/\/www.cfaebooks.com\/?post_type=product&#038;p=8183"},"modified":"2026-04-03T07:56:17","modified_gmt":"2026-04-03T07:56:17","slug":"2024-cfa-nivel-1-ift-notas-de-estudo-2","status":"publish","type":"product","link":"https:\/\/www.cfaebooks.com\/pt\/products\/2024-cfa-nivel-1-ift-notas-de-estudo-2\/","title":{"rendered":"2024 Notas de estudo CFA N\u00edvel 1 IFT"},"content":{"rendered":"<p>Est\u00e1 \u00e0 venda um e-Book 2024 CFA Level 1 IFT Study Notes PDF. Este n\u00e3o \u00e9 um livro f\u00edsico, \u00e9 uma c\u00f3pia digital em PDF. Por favor, n\u00e3o compre se quiser uma c\u00f3pia f\u00edsica. Ap\u00f3s o checkout, pode descarregar o e-Book instantaneamente.<\/p>\n\n\n\n<p>Inclui os seguintes t\u00f3picos:<\/p>\n\n\n\n<ol class=\"wp-block-list\">\n<li>M\u00e9todos quantitativos<\/li>\n\n\n\n<li>Economia<\/li>\n\n\n\n<li>Emissores empresariais<\/li>\n\n\n\n<li>An\u00e1lise das demonstra\u00e7\u00f5es financeiras<\/li>\n\n\n\n<li>Investimentos em ac\u00e7\u00f5es<\/li>\n\n\n\n<li>Rendimento fixo<\/li>\n\n\n\n<li>Derivados<\/li>\n\n\n\n<li>Investimentos alternativos<\/li>\n\n\n\n<li>Gest\u00e3o da carteira<\/li>\n\n\n\n<li>Normas \u00e9ticas e profissionais<\/li>\n<\/ol>\n\n\n\n<p>Receber\u00e1 notas de estudo pormenorizadas que abrangem todas as LOS e que incluem:<\/p>\n\n\n\n<ul class=\"wp-block-list\">\n<li>Exemplos<\/li>\n\n\n\n<li>Perguntas pr\u00e1ticas<\/li>\n\n\n\n<li>Resumo de cada leitura<\/li>\n<\/ul>","protected":false},"excerpt":{"rendered":"<p>For sale is an e-Book 2024 CFA Level 1 IFT Study Notes PDF. This is not a physical book it is a\u00a0PDF\u00a0digital copy. Please do not purchase if you want a physical hard copy. After checkout you can download the e-Book instantly. Includes the following topics: You will get detailed Study Notes covering all LOS, [&hellip;]<\/p>\n","protected":false},"featured_media":8313,"comment_status":"closed","ping_status":"closed","template":"","meta":[],"product_brand":[],"product_cat":[349],"product_tag":[86,93,88,90,87,91,92,167,168],"class_list":{"0":"post-8183","1":"product","2":"type-product","3":"status-publish","4":"has-post-thumbnail","6":"product_cat-cfa-level-1-2024","7":"product_tag-cfa-2024","8":"product_tag-cfa-books","9":"product_tag-cfa-ebooks","10":"product_tag-cfa-exam","11":"product_tag-cfa-level-i","12":"product_tag-cfa-prep","13":"product_tag-cfa-test","14":"product_tag-ift","15":"product_tag-study-notes","17":"first","18":"instock","19":"downloadable","20":"virtual","21":"sold-individually","22":"purchasable","23":"product-type-simple"},"_links":{"self":[{"href":"https:\/\/www.cfaebooks.com\/pt\/wp-json\/wp\/v2\/product\/8183","targetHints":{"allow":["GET"]}}],"collection":[{"href":"https:\/\/www.cfaebooks.com\/pt\/wp-json\/wp\/v2\/product"}],"about":[{"href":"https:\/\/www.cfaebooks.com\/pt\/wp-json\/wp\/v2\/types\/product"}],"replies":[{"embeddable":true,"href":"https:\/\/www.cfaebooks.com\/pt\/wp-json\/wp\/v2\/comments?post=8183"}],"wp:featuredmedia":[{"embeddable":true,"href":"https:\/\/www.cfaebooks.com\/pt\/wp-json\/wp\/v2\/media\/8313"}],"wp:attachment":[{"href":"https:\/\/www.cfaebooks.com\/pt\/wp-json\/wp\/v2\/media?parent=8183"}],"wp:term":[{"taxonomy":"product_brand","embeddable":true,"href":"https:\/\/www.cfaebooks.com\/pt\/wp-json\/wp\/v2\/product_brand?post=8183"},{"taxonomy":"product_cat","embeddable":true,"href":"https:\/\/www.cfaebooks.com\/pt\/wp-json\/wp\/v2\/product_cat?post=8183"},{"taxonomy":"product_tag","embeddable":true,"href":"https:\/\/www.cfaebooks.com\/pt\/wp-json\/wp\/v2\/product_tag?post=8183"}],"curies":[{"name":"wp","href":"https:\/\/api.w.org\/{rel}","templated":true}]}}