{"id":8169,"date":"2024-03-03T01:42:45","date_gmt":"2024-03-03T01:42:45","guid":{"rendered":"https:\/\/www.cfaebooks.com\/?post_type=product&#038;p=8169"},"modified":"2026-04-03T07:56:08","modified_gmt":"2026-04-03T07:56:08","slug":"banco-de-questoes-cfa-2024-nivel-1","status":"publish","type":"product","link":"https:\/\/www.cfaebooks.com\/pt\/products\/banco-de-questoes-cfa-2024-nivel-1\/","title":{"rendered":"Banco de perguntas CFA 2024 N\u00edvel 1"},"content":{"rendered":"<p>Est\u00e1 \u00e0 venda um e-Book 2024 CFA Level 1 Schweser Question Bank PDF. Mais de 1000 perguntas e respostas. Inclui perguntas e respostas para cada pergunta. Abrange todo o curr\u00edculo - Testes separados para cada t\u00f3pico.<\/p>\n\n\n\n<ul class=\"wp-block-list\">\n<li>Este n\u00e3o \u00e9 um livro f\u00edsico, \u00e9 uma c\u00f3pia digital em PDF. Por favor, n\u00e3o compre se quiser uma c\u00f3pia f\u00edsica<\/li>\n\n\n\n<li>Depois de finalizar a compra, pode descarregar o livro eletr\u00f3nico imediatamente.<\/li>\n<\/ul>","protected":false},"excerpt":{"rendered":"<p>Est\u00e1 \u00e0 venda um e-Book 2024 CFA Level 1 Schweser Question Bank PDF. Mais de 1000 perguntas e respostas. Inclui perguntas e respostas para cada pergunta. Abrange todo o curr\u00edculo - Testes separados para cada t\u00f3pico.<\/p>","protected":false},"featured_media":8170,"comment_status":"closed","ping_status":"closed","template":"","meta":[],"product_brand":[],"product_cat":[349],"product_tag":[86,93,88,90,87,91,92,158,161,163,160],"class_list":{"0":"post-8169","1":"product","2":"type-product","3":"status-publish","4":"has-post-thumbnail","6":"product_cat-cfa-level-1-2024","7":"product_tag-cfa-2024","8":"product_tag-cfa-books","9":"product_tag-cfa-ebooks","10":"product_tag-cfa-exam","11":"product_tag-cfa-level-i","12":"product_tag-cfa-prep","13":"product_tag-cfa-test","14":"product_tag-kaplan-schweser","15":"product_tag-question-bank","16":"product_tag-schweser-qbank","17":"product_tag-test-bank","19":"first","20":"instock","21":"downloadable","22":"virtual","23":"sold-individually","24":"purchasable","25":"product-type-simple"},"_links":{"self":[{"href":"https:\/\/www.cfaebooks.com\/pt\/wp-json\/wp\/v2\/product\/8169","targetHints":{"allow":["GET"]}}],"collection":[{"href":"https:\/\/www.cfaebooks.com\/pt\/wp-json\/wp\/v2\/product"}],"about":[{"href":"https:\/\/www.cfaebooks.com\/pt\/wp-json\/wp\/v2\/types\/product"}],"replies":[{"embeddable":true,"href":"https:\/\/www.cfaebooks.com\/pt\/wp-json\/wp\/v2\/comments?post=8169"}],"wp:featuredmedia":[{"embeddable":true,"href":"https:\/\/www.cfaebooks.com\/pt\/wp-json\/wp\/v2\/media\/8170"}],"wp:attachment":[{"href":"https:\/\/www.cfaebooks.com\/pt\/wp-json\/wp\/v2\/media?parent=8169"}],"wp:term":[{"taxonomy":"product_brand","embeddable":true,"href":"https:\/\/www.cfaebooks.com\/pt\/wp-json\/wp\/v2\/product_brand?post=8169"},{"taxonomy":"product_cat","embeddable":true,"href":"https:\/\/www.cfaebooks.com\/pt\/wp-json\/wp\/v2\/product_cat?post=8169"},{"taxonomy":"product_tag","embeddable":true,"href":"https:\/\/www.cfaebooks.com\/pt\/wp-json\/wp\/v2\/product_tag?post=8169"}],"curies":[{"name":"wp","href":"https:\/\/api.w.org\/{rel}","templated":true}]}}