{"id":17389,"date":"2026-04-04T13:39:05","date_gmt":"2026-04-04T13:39:05","guid":{"rendered":"https:\/\/www.cfaebooks.com\/?post_type=product&#038;p=17389"},"modified":"2026-04-05T16:24:23","modified_gmt":"2026-04-05T16:24:23","slug":"frm-2026-part-1-analystprep-question-bank","status":"publish","type":"product","link":"https:\/\/www.cfaebooks.com\/pt\/products\/frm-2026-part-1-analystprep-question-bank\/","title":{"rendered":"FRM 2026 Part 1 &#8211; AnalystPrep Question Bank"},"content":{"rendered":"<p>For sale is an e-Book FRM 2026 Part 1 &#8211; AnalystPrep Question Bank pdf.<\/p>\n\n\n\n<p>Includes seperate file for questions and answers so that you can do questions then compare your answers.<\/p>\n\n\n\n<p><strong>T\u00f3picos abordados:<\/strong><\/p>\n\n\n\n<ul class=\"wp-block-list\">\n<li><strong>Fundamentos da gest\u00e3o de riscos<\/strong><\/li>\n\n\n\n<li><strong>An\u00e1lise quantitativa<\/strong><\/li>\n\n\n\n<li><strong>Mercados e produtos financeiros<\/strong><\/li>\n\n\n\n<li><strong>Modelos de avalia\u00e7\u00e3o e de risco<\/strong><\/li>\n<\/ul>\n\n\n\n<p>Este n\u00e3o \u00e9 um livro f\u00edsico, \u00e9 uma c\u00f3pia digital em PDF. Por favor, n\u00e3o compre se quiser uma c\u00f3pia f\u00edsica<\/p>\n\n\n\n<p>Depois de finalizar a compra, pode descarregar o livro eletr\u00f3nico imediatamente.<\/p>","protected":false},"excerpt":{"rendered":"<p>For sale is an e-Book FRM 2026 Part 1 &#8211; AnalystPrep Question Bank pdf. Includes seperate file for questions and answers so that you can do questions then compare your answers. Topics Covered: This is not a physical book it is a&nbsp;PDF&nbsp;digital copy. Please do not purchase if you want a physical hard copy After [&hellip;]<\/p>\n","protected":false},"featured_media":17390,"comment_status":"closed","ping_status":"closed","template":"","meta":[],"product_brand":[],"product_cat":[324],"product_tag":[184,409,181,205,410,182,204,183],"class_list":{"0":"post-17389","1":"product","2":"type-product","3":"status-publish","4":"has-post-thumbnail","6":"product_cat-frm-part-1","7":"product_tag-frm","8":"product_tag-frm-2026","9":"product_tag-frm-exam","10":"product_tag-frm-part-1","11":"product_tag-frm-part-1-2026","12":"product_tag-frm-prep","13":"product_tag-frm-question-bank","14":"product_tag-frm-test","16":"first","17":"instock","18":"downloadable","19":"virtual","20":"sold-individually","21":"purchasable","22":"product-type-simple"},"_links":{"self":[{"href":"https:\/\/www.cfaebooks.com\/pt\/wp-json\/wp\/v2\/product\/17389","targetHints":{"allow":["GET"]}}],"collection":[{"href":"https:\/\/www.cfaebooks.com\/pt\/wp-json\/wp\/v2\/product"}],"about":[{"href":"https:\/\/www.cfaebooks.com\/pt\/wp-json\/wp\/v2\/types\/product"}],"replies":[{"embeddable":true,"href":"https:\/\/www.cfaebooks.com\/pt\/wp-json\/wp\/v2\/comments?post=17389"}],"wp:featuredmedia":[{"embeddable":true,"href":"https:\/\/www.cfaebooks.com\/pt\/wp-json\/wp\/v2\/media\/17390"}],"wp:attachment":[{"href":"https:\/\/www.cfaebooks.com\/pt\/wp-json\/wp\/v2\/media?parent=17389"}],"wp:term":[{"taxonomy":"product_brand","embeddable":true,"href":"https:\/\/www.cfaebooks.com\/pt\/wp-json\/wp\/v2\/product_brand?post=17389"},{"taxonomy":"product_cat","embeddable":true,"href":"https:\/\/www.cfaebooks.com\/pt\/wp-json\/wp\/v2\/product_cat?post=17389"},{"taxonomy":"product_tag","embeddable":true,"href":"https:\/\/www.cfaebooks.com\/pt\/wp-json\/wp\/v2\/product_tag?post=17389"}],"curies":[{"name":"wp","href":"https:\/\/api.w.org\/{rel}","templated":true}]}}