{"id":16820,"date":"2026-03-16T03:14:14","date_gmt":"2026-03-16T03:14:14","guid":{"rendered":"https:\/\/www.cfaebooks.com\/?post_type=product&#038;p=16820"},"modified":"2026-04-03T08:10:03","modified_gmt":"2026-04-03T08:10:03","slug":"frm-2026-part-1-schweser-question-bank-module-quiz-and-checkpoint-exam","status":"publish","type":"product","link":"https:\/\/www.cfaebooks.com\/pt\/products\/frm-2026-part-1-schweser-question-bank-module-quiz-and-checkpoint-exam\/","title":{"rendered":"FRM 2026 Part 1 Schweser Question Bank, Module Quiz and Checkpoint Exam"},"content":{"rendered":"<p>For sale is an e-Book FRM 2026 Part 1 Schweser Question Bank, Module Quiz and Checkpoint exam pdf.<\/p>\n\n\n\n<p>The package includes\u00a0<strong>QBank, Module<\/strong> <strong>Quizzes, and Checkpoint Exam<\/strong>.<\/p>\n\n\n\n<p>Includes seperate file for questions and answers so that you can do questions then compare your answers.<\/p>\n\n\n\n<p>Topics cover:<\/p>\n\n\n\n<ul class=\"wp-block-list\">\n<li><strong>Fundamentos da gest\u00e3o de riscos<\/strong><\/li>\n\n\n\n<li><strong>An\u00e1lise quantitativa<\/strong><\/li>\n\n\n\n<li><strong>Mercados e produtos financeiros<\/strong><\/li>\n\n\n\n<li><strong>Modelos de avalia\u00e7\u00e3o e de risco<\/strong><\/li>\n<\/ul>\n\n\n\n<p>O texto pode ser pesquisado utilizando a fun\u00e7\u00e3o de pesquisa no teclado do seu computador \"ctrl+f\" e atrav\u00e9s da pesquisa no seu smartphone\/tablet. <\/p>\n\n\n\n<p>Este n\u00e3o \u00e9 um livro f\u00edsico, \u00e9 uma c\u00f3pia digital em PDF. Por favor, n\u00e3o compre se quiser uma c\u00f3pia f\u00edsica.<\/p>\n\n\n\n<p>Depois de finalizar a compra, pode descarregar o livro eletr\u00f3nico imediatamente.<\/p>","protected":false},"excerpt":{"rendered":"<p>For sale is an e-Book FRM 2026 Part 1 Schweser Question Bank, Module Quiz and Checkpoint exam pdf. The package includes\u00a0QBank, Module Quizzes, and Checkpoint Exam. Includes seperate file for questions and answers so that you can do questions then compare your answers. Topics cover: The text is searchable using the find feature on your [&hellip;]<\/p>\n","protected":false},"featured_media":16821,"comment_status":"closed","ping_status":"closed","template":"","meta":[],"product_brand":[],"product_cat":[324],"product_tag":[184,409,185,186,181,205,410,182,204,183,163],"class_list":{"0":"post-16820","1":"product","2":"type-product","3":"status-publish","4":"has-post-thumbnail","6":"product_cat-frm-part-1","7":"product_tag-frm","8":"product_tag-frm-2026","9":"product_tag-frm-books","10":"product_tag-frm-ebooks","11":"product_tag-frm-exam","12":"product_tag-frm-part-1","13":"product_tag-frm-part-1-2026","14":"product_tag-frm-prep","15":"product_tag-frm-question-bank","16":"product_tag-frm-test","17":"product_tag-schweser-qbank","19":"first","20":"instock","21":"downloadable","22":"virtual","23":"sold-individually","24":"purchasable","25":"product-type-simple"},"_links":{"self":[{"href":"https:\/\/www.cfaebooks.com\/pt\/wp-json\/wp\/v2\/product\/16820","targetHints":{"allow":["GET"]}}],"collection":[{"href":"https:\/\/www.cfaebooks.com\/pt\/wp-json\/wp\/v2\/product"}],"about":[{"href":"https:\/\/www.cfaebooks.com\/pt\/wp-json\/wp\/v2\/types\/product"}],"replies":[{"embeddable":true,"href":"https:\/\/www.cfaebooks.com\/pt\/wp-json\/wp\/v2\/comments?post=16820"}],"wp:featuredmedia":[{"embeddable":true,"href":"https:\/\/www.cfaebooks.com\/pt\/wp-json\/wp\/v2\/media\/16821"}],"wp:attachment":[{"href":"https:\/\/www.cfaebooks.com\/pt\/wp-json\/wp\/v2\/media?parent=16820"}],"wp:term":[{"taxonomy":"product_brand","embeddable":true,"href":"https:\/\/www.cfaebooks.com\/pt\/wp-json\/wp\/v2\/product_brand?post=16820"},{"taxonomy":"product_cat","embeddable":true,"href":"https:\/\/www.cfaebooks.com\/pt\/wp-json\/wp\/v2\/product_cat?post=16820"},{"taxonomy":"product_tag","embeddable":true,"href":"https:\/\/www.cfaebooks.com\/pt\/wp-json\/wp\/v2\/product_tag?post=16820"}],"curies":[{"name":"wp","href":"https:\/\/api.w.org\/{rel}","templated":true}]}}