{"id":16593,"date":"2026-03-02T03:51:19","date_gmt":"2026-03-02T03:51:19","guid":{"rendered":"https:\/\/www.cfaebooks.com\/?post_type=product&#038;p=16593"},"modified":"2026-04-03T08:09:46","modified_gmt":"2026-04-03T08:09:46","slug":"caia-2026-level-1-uppermark-final-review-video-and-exams","status":"publish","type":"product","link":"https:\/\/www.cfaebooks.com\/pt\/products\/caia-2026-level-1-uppermark-final-review-video-and-exams\/","title":{"rendered":"CAIA 2026 Level 1 Uppermark Final Review Video and Exams"},"content":{"rendered":"<p>For sale is an e-Book CAIA 2026 Level 1 Uppermark Final Review Video and Exams.<\/p>\n\n\n\n<p><strong>Final Prep Exam<\/strong> contains 400 questions and answers in 2 sessions.<\/p>\n\n\n\n<p><strong>Inclui um ficheiro separado para perguntas e respostas, para que possa fazer perguntas e depois comparar as suas respostas<\/strong><\/p>\n\n\n\n<p><strong>Final Review Course Video covers the following topics:<\/strong><\/p>\n\n\n\n<ol class=\"wp-block-list\">\n<li>CAIA Ethical Principles<\/li>\n\n\n\n<li>Introduction to Alternative Investments<\/li>\n\n\n\n<li>Real Assets<\/li>\n\n\n\n<li>Private Equity<\/li>\n\n\n\n<li>Private Debt<\/li>\n\n\n\n<li>Hedge Funds<\/li>\n\n\n\n<li>Digital Assets<\/li>\n\n\n\n<li>Funds of Funds<\/li>\n<\/ol>\n\n\n\n<p>O texto pode ser pesquisado utilizando a fun\u00e7\u00e3o de pesquisa no teclado do seu computador 'ctrl+f' e atrav\u00e9s da pesquisa no seu smartphone\/tablet. Estes livros n\u00e3o s\u00e3o f\u00edsicos, s\u00e3o c\u00f3pias digitais em PDF. Por favor, n\u00e3o compre se quiser uma c\u00f3pia f\u00edsica.<\/p>\n\n\n\n<p>After checkout you can download immediately.<\/p>","protected":false},"excerpt":{"rendered":"<p>For sale is an e-Book CAIA 2026 Level 1 Uppermark Final Review Video and Exams. Final Prep Exam contains 400 questions and answers in 2 sessions. Includes separate file for questions and answers so that you can do questions then compare your answers Final Review Course Video covers the following topics: The text is searchable [&hellip;]<\/p>\n","protected":false},"featured_media":16594,"comment_status":"closed","ping_status":"closed","template":"","meta":[],"product_brand":[],"product_cat":[317],"product_tag":[247,386,251,250,248,387,246,366,252,249,412,389],"class_list":{"0":"post-16593","1":"product","2":"type-product","3":"status-publish","4":"has-post-thumbnail","6":"product_cat-caia-level-1","7":"product_tag-caia","8":"product_tag-caia-2026","9":"product_tag-caia-books","10":"product_tag-caia-ebooks","11":"product_tag-caia-exam","12":"product_tag-caia-level-1-2026","13":"product_tag-caia-level-i","14":"product_tag-caia-mock-exams","15":"product_tag-caia-prep","16":"product_tag-caia-test","17":"product_tag-caia-video-review","18":"product_tag-uppermark","20":"first","21":"instock","22":"downloadable","23":"virtual","24":"sold-individually","25":"purchasable","26":"product-type-simple"},"_links":{"self":[{"href":"https:\/\/www.cfaebooks.com\/pt\/wp-json\/wp\/v2\/product\/16593","targetHints":{"allow":["GET"]}}],"collection":[{"href":"https:\/\/www.cfaebooks.com\/pt\/wp-json\/wp\/v2\/product"}],"about":[{"href":"https:\/\/www.cfaebooks.com\/pt\/wp-json\/wp\/v2\/types\/product"}],"replies":[{"embeddable":true,"href":"https:\/\/www.cfaebooks.com\/pt\/wp-json\/wp\/v2\/comments?post=16593"}],"wp:featuredmedia":[{"embeddable":true,"href":"https:\/\/www.cfaebooks.com\/pt\/wp-json\/wp\/v2\/media\/16594"}],"wp:attachment":[{"href":"https:\/\/www.cfaebooks.com\/pt\/wp-json\/wp\/v2\/media?parent=16593"}],"wp:term":[{"taxonomy":"product_brand","embeddable":true,"href":"https:\/\/www.cfaebooks.com\/pt\/wp-json\/wp\/v2\/product_brand?post=16593"},{"taxonomy":"product_cat","embeddable":true,"href":"https:\/\/www.cfaebooks.com\/pt\/wp-json\/wp\/v2\/product_cat?post=16593"},{"taxonomy":"product_tag","embeddable":true,"href":"https:\/\/www.cfaebooks.com\/pt\/wp-json\/wp\/v2\/product_tag?post=16593"}],"curies":[{"name":"wp","href":"https:\/\/api.w.org\/{rel}","templated":true}]}}