{"id":14215,"date":"2025-10-09T09:01:49","date_gmt":"2025-10-09T09:01:49","guid":{"rendered":"https:\/\/www.cfaebooks.com\/?post_type=product&#038;p=14215"},"modified":"2026-04-03T08:06:34","modified_gmt":"2026-04-03T08:06:34","slug":"2026-cfa-level-3-ift-mock-exam-private-markets-pathway","status":"publish","type":"product","link":"https:\/\/www.cfaebooks.com\/pt\/products\/2026-cfa-level-3-ift-mock-exam-private-markets-pathway\/","title":{"rendered":"2026 Exame de simula\u00e7\u00e3o CFA N\u00edvel 3 IFT: Percurso dos mercados privados"},"content":{"rendered":"<p>Est\u00e1 \u00e0 venda um e-Book 2026 CFA Level 3 IFT Mock Exams Private Markets Pathway PDF.<\/p>\n\n\n\n<ul class=\"wp-block-list\">\n<li>Incluindo 2 sess\u00f5es, <strong>4 exames simulados completos<\/strong>.<\/li>\n\n\n\n<li>Estes simulacros foram concebidos para o n\u00edvel 3 do CFA Private Markets Pathway em dificuldade.<\/li>\n\n\n\n<li>Inclui um ficheiro separado para perguntas e respostas, para que possa fazer perguntas e depois comparar as suas respostas<\/li>\n\n\n\n<li>O texto pode ser pesquisado utilizando a fun\u00e7\u00e3o de pesquisa no teclado do seu computador \"ctrl+f\" e atrav\u00e9s da pesquisa no seu smartphone\/tablet<\/li>\n\n\n\n<li>Este n\u00e3o \u00e9 um livro f\u00edsico, \u00e9 uma c\u00f3pia digital em PDF. Por favor, n\u00e3o compre se quiser uma c\u00f3pia f\u00edsica.<\/li>\n\n\n\n<li>Depois de finalizar a compra, pode descarregar o livro eletr\u00f3nico imediatamente.<\/li>\n<\/ul>","protected":false},"excerpt":{"rendered":"<p>Est\u00e1 \u00e0 venda um e-Book 2026 CFA Level 3 IFT Mock Exams Private Markets Pathway PDF.<\/p>","protected":false},"featured_media":14216,"comment_status":"closed","ping_status":"closed","template":"","meta":[],"product_brand":[],"product_cat":[265],"product_tag":[369,93,88,90,180,371,361,311,91,92,167,381],"class_list":{"0":"post-14215","1":"product","2":"type-product","3":"status-publish","4":"has-post-thumbnail","6":"product_cat-cfa-level-3","7":"product_tag-cfa-2026","8":"product_tag-cfa-books","9":"product_tag-cfa-ebooks","10":"product_tag-cfa-exam","11":"product_tag-cfa-level-3","12":"product_tag-cfa-level-3-2026","13":"product_tag-cfa-mock-exams","14":"product_tag-cfa-mocks","15":"product_tag-cfa-prep","16":"product_tag-cfa-test","17":"product_tag-ift","18":"product_tag-ift-2026","20":"first","21":"instock","22":"downloadable","23":"virtual","24":"sold-individually","25":"purchasable","26":"product-type-simple"},"_links":{"self":[{"href":"https:\/\/www.cfaebooks.com\/pt\/wp-json\/wp\/v2\/product\/14215","targetHints":{"allow":["GET"]}}],"collection":[{"href":"https:\/\/www.cfaebooks.com\/pt\/wp-json\/wp\/v2\/product"}],"about":[{"href":"https:\/\/www.cfaebooks.com\/pt\/wp-json\/wp\/v2\/types\/product"}],"replies":[{"embeddable":true,"href":"https:\/\/www.cfaebooks.com\/pt\/wp-json\/wp\/v2\/comments?post=14215"}],"wp:featuredmedia":[{"embeddable":true,"href":"https:\/\/www.cfaebooks.com\/pt\/wp-json\/wp\/v2\/media\/14216"}],"wp:attachment":[{"href":"https:\/\/www.cfaebooks.com\/pt\/wp-json\/wp\/v2\/media?parent=14215"}],"wp:term":[{"taxonomy":"product_brand","embeddable":true,"href":"https:\/\/www.cfaebooks.com\/pt\/wp-json\/wp\/v2\/product_brand?post=14215"},{"taxonomy":"product_cat","embeddable":true,"href":"https:\/\/www.cfaebooks.com\/pt\/wp-json\/wp\/v2\/product_cat?post=14215"},{"taxonomy":"product_tag","embeddable":true,"href":"https:\/\/www.cfaebooks.com\/pt\/wp-json\/wp\/v2\/product_tag?post=14215"}],"curies":[{"name":"wp","href":"https:\/\/api.w.org\/{rel}","templated":true}]}}