{"id":14110,"date":"2025-10-04T23:22:50","date_gmt":"2025-10-04T23:22:50","guid":{"rendered":"https:\/\/www.cfaebooks.com\/?post_type=product&#038;p=14110"},"modified":"2026-04-03T08:06:25","modified_gmt":"2026-04-03T08:06:25","slug":"2026-cfa-level-1-schweser-prerequisite-program-notes-qbank-video","status":"publish","type":"product","link":"https:\/\/www.cfaebooks.com\/pt\/products\/2026-cfa-level-1-schweser-prerequisite-program-notes-qbank-video\/","title":{"rendered":"Programa Pr\u00e9-requisito CFA N\u00edvel 1 Schweser 2026 (Notas, Banco de Quest\u00f5es, V\u00eddeo)"},"content":{"rendered":"<p>Est\u00e1 \u00e0 venda o 2026 CFA Schweser Prerequisite Program Level 1 (Notes, Qbank, Video).<\/p>\n\n\n\n<p>Inclui os seguintes t\u00f3picos:&nbsp;<\/p>\n\n\n\n<ul class=\"wp-block-list\">\n<li><strong>M\u00e9todos quantitativos<\/strong><\/li>\n\n\n\n<li><strong>Economia<\/strong><\/li>\n\n\n\n<li><strong>An\u00e1lise das demonstra\u00e7\u00f5es financeiras<\/strong>. <\/li>\n<\/ul>\n\n\n\n<p>Na embalagem, inclui <strong>Notas, banco de perguntas e aulas em v\u00eddeo<\/strong><\/p>\n\n\n\n<ul class=\"wp-block-list\">\n<li>Qbank: inclui um ficheiro separado para perguntas e respostas, para que possa fazer perguntas e depois comparar as suas respostas<\/li>\n\n\n\n<li>O texto pode ser pesquisado utilizando a fun\u00e7\u00e3o de pesquisa no teclado do seu computador \"ctrl+f\" e atrav\u00e9s da pesquisa no seu smartphone\/tablet<\/li>\n\n\n\n<li>Ap\u00f3s o checkout, pode descarregar instantaneamente.<\/li>\n<\/ul>","protected":false},"excerpt":{"rendered":"<p>For sale is the 2026 CFA Schweser Prerequisite Program Level 1 (Notes, Qbank, Video). Includes the following topics:&nbsp; In the package, it including Notes, Question Bank and Video Lectures<\/p>","protected":false},"featured_media":14111,"comment_status":"closed","ping_status":"closed","template":"","meta":[],"product_brand":[],"product_cat":[260,269],"product_tag":[369,378,93,88,370,91,158,272,179,271,270],"class_list":{"0":"post-14110","1":"product","2":"type-product","3":"status-publish","4":"has-post-thumbnail","6":"product_cat-cfa-level-1","7":"product_cat-cfa-video-lectures","8":"product_tag-cfa-2026","9":"product_tag-cfa-2026-video-lectures","10":"product_tag-cfa-books","11":"product_tag-cfa-ebooks","12":"product_tag-cfa-level-1-2026","13":"product_tag-cfa-prep","14":"product_tag-kaplan-schweser","15":"product_tag-prerequisite-program","16":"product_tag-schweser-notes","17":"product_tag-video-lectures","18":"product_tag-video-lessons","20":"first","21":"instock","22":"downloadable","23":"virtual","24":"sold-individually","25":"purchasable","26":"product-type-simple"},"_links":{"self":[{"href":"https:\/\/www.cfaebooks.com\/pt\/wp-json\/wp\/v2\/product\/14110","targetHints":{"allow":["GET"]}}],"collection":[{"href":"https:\/\/www.cfaebooks.com\/pt\/wp-json\/wp\/v2\/product"}],"about":[{"href":"https:\/\/www.cfaebooks.com\/pt\/wp-json\/wp\/v2\/types\/product"}],"replies":[{"embeddable":true,"href":"https:\/\/www.cfaebooks.com\/pt\/wp-json\/wp\/v2\/comments?post=14110"}],"wp:featuredmedia":[{"embeddable":true,"href":"https:\/\/www.cfaebooks.com\/pt\/wp-json\/wp\/v2\/media\/14111"}],"wp:attachment":[{"href":"https:\/\/www.cfaebooks.com\/pt\/wp-json\/wp\/v2\/media?parent=14110"}],"wp:term":[{"taxonomy":"product_brand","embeddable":true,"href":"https:\/\/www.cfaebooks.com\/pt\/wp-json\/wp\/v2\/product_brand?post=14110"},{"taxonomy":"product_cat","embeddable":true,"href":"https:\/\/www.cfaebooks.com\/pt\/wp-json\/wp\/v2\/product_cat?post=14110"},{"taxonomy":"product_tag","embeddable":true,"href":"https:\/\/www.cfaebooks.com\/pt\/wp-json\/wp\/v2\/product_tag?post=14110"}],"curies":[{"name":"wp","href":"https:\/\/api.w.org\/{rel}","templated":true}]}}