{"id":14026,"date":"2025-10-04T00:12:56","date_gmt":"2025-10-04T00:12:56","guid":{"rendered":"https:\/\/www.cfaebooks.com\/?post_type=product&#038;p=14026"},"modified":"2026-04-03T08:05:58","modified_gmt":"2026-04-03T08:05:58","slug":"cfa-2026-level-1-salt-solutions-question-bank","status":"publish","type":"product","link":"https:\/\/www.cfaebooks.com\/pt\/products\/cfa-2026-level-1-salt-solutions-question-bank\/","title":{"rendered":"CFA 2026 N\u00edvel 1 Salt Solutions Banco de perguntas"},"content":{"rendered":"<p>Est\u00e1 \u00e0 venda um e-Book 2026 CFA Level 1 Salt Solutions Question Bank PDF.<\/p>\n\n\n\n<ul class=\"wp-block-list\">\n<li>Incluindo mais de 1000+ perguntas com respostas<\/li>\n\n\n\n<li>Inclui um ficheiro separado para perguntas e respostas, para que possa fazer perguntas e depois comparar as suas respostas<\/li>\n\n\n\n<li>Inclui os seguintes 10 t\u00f3picos:&nbsp;\n<ul class=\"wp-block-list\">\n<li><em><strong>M\u00e9todos quantitativos<\/strong><\/em><\/li>\n\n\n\n<li><em><strong>Economia<\/strong><\/em><\/li>\n\n\n\n<li><em><strong>Emissores empresariais<\/strong><\/em><\/li>\n\n\n\n<li><em><strong>An\u00e1lise das demonstra\u00e7\u00f5es financeiras<\/strong><\/em><\/li>\n\n\n\n<li><em><strong>Ac\u00e7\u00f5es<\/strong><\/em><\/li>\n\n\n\n<li><em><strong>Rendimento fixo<\/strong><\/em><\/li>\n\n\n\n<li><em><strong>Derivados<\/strong><\/em><\/li>\n\n\n\n<li><em><strong>Investimentos alternativos<\/strong><\/em><\/li>\n\n\n\n<li><em><strong>Gest\u00e3o da carteira<\/strong><\/em><\/li>\n\n\n\n<li><em><strong>\u00c9tica.<\/strong><\/em><\/li>\n<\/ul>\n<\/li>\n\n\n\n<li>O texto pode ser pesquisado utilizando a fun\u00e7\u00e3o de pesquisa no teclado do seu computador \"ctrl+f\" e atrav\u00e9s da pesquisa no seu smartphone\/tablet<\/li>\n\n\n\n<li>Este n\u00e3o \u00e9 um livro f\u00edsico, \u00e9 uma c\u00f3pia digital em PDF. Por favor, n\u00e3o compre se quiser uma c\u00f3pia f\u00edsica.<\/li>\n\n\n\n<li>Depois de finalizar a compra, pode descarregar o livro eletr\u00f3nico imediatamente.<\/li>\n<\/ul>","protected":false},"excerpt":{"rendered":"<p>Est\u00e1 \u00e0 venda um e-Book 2026 CFA Level 1 Salt Solutions Question Bank PDF.<\/p>","protected":false},"featured_media":14027,"comment_status":"closed","ping_status":"closed","template":"","meta":[],"product_brand":[],"product_cat":[260],"product_tag":[369,93,88,90,370,87,91,92,162,161,377],"class_list":{"0":"post-14026","1":"product","2":"type-product","3":"status-publish","4":"has-post-thumbnail","6":"product_cat-cfa-level-1","7":"product_tag-cfa-2026","8":"product_tag-cfa-books","9":"product_tag-cfa-ebooks","10":"product_tag-cfa-exam","11":"product_tag-cfa-level-1-2026","12":"product_tag-cfa-level-i","13":"product_tag-cfa-prep","14":"product_tag-cfa-test","15":"product_tag-qbank","16":"product_tag-question-bank","17":"product_tag-salt-solutions","19":"first","20":"instock","21":"downloadable","22":"virtual","23":"sold-individually","24":"purchasable","25":"product-type-simple"},"_links":{"self":[{"href":"https:\/\/www.cfaebooks.com\/pt\/wp-json\/wp\/v2\/product\/14026","targetHints":{"allow":["GET"]}}],"collection":[{"href":"https:\/\/www.cfaebooks.com\/pt\/wp-json\/wp\/v2\/product"}],"about":[{"href":"https:\/\/www.cfaebooks.com\/pt\/wp-json\/wp\/v2\/types\/product"}],"replies":[{"embeddable":true,"href":"https:\/\/www.cfaebooks.com\/pt\/wp-json\/wp\/v2\/comments?post=14026"}],"wp:featuredmedia":[{"embeddable":true,"href":"https:\/\/www.cfaebooks.com\/pt\/wp-json\/wp\/v2\/media\/14027"}],"wp:attachment":[{"href":"https:\/\/www.cfaebooks.com\/pt\/wp-json\/wp\/v2\/media?parent=14026"}],"wp:term":[{"taxonomy":"product_brand","embeddable":true,"href":"https:\/\/www.cfaebooks.com\/pt\/wp-json\/wp\/v2\/product_brand?post=14026"},{"taxonomy":"product_cat","embeddable":true,"href":"https:\/\/www.cfaebooks.com\/pt\/wp-json\/wp\/v2\/product_cat?post=14026"},{"taxonomy":"product_tag","embeddable":true,"href":"https:\/\/www.cfaebooks.com\/pt\/wp-json\/wp\/v2\/product_tag?post=14026"}],"curies":[{"name":"wp","href":"https:\/\/api.w.org\/{rel}","templated":true}]}}