{"id":13415,"date":"2025-08-14T04:43:57","date_gmt":"2025-08-14T04:43:57","guid":{"rendered":"https:\/\/www.cfaebooks.com\/?post_type=product&#038;p=13415"},"modified":"2026-04-03T08:05:33","modified_gmt":"2026-04-03T08:05:33","slug":"cfa-2026-ift-high-yield-notes-level-3-private-markets-pathway","status":"publish","type":"product","link":"https:\/\/www.cfaebooks.com\/pt\/products\/cfa-2026-ift-high-yield-notes-level-3-private-markets-pathway\/","title":{"rendered":"CFA 2026 IFT High Yield Notes Level 3 Private Markets Pathway"},"content":{"rendered":"<p>Est\u00e1 \u00e0 venda um e-Book 2026 CFA N\u00edvel 3 IFT High Yield Notes Private Markets Pathway PDF.<\/p>\n\n\n\n<p>Inclui os seguintes t\u00f3picos:<\/p>\n\n\n\n<ul class=\"wp-block-list\">\n<li>Volume 1 - Aloca\u00e7\u00e3o de activos<\/li>\n\n\n\n<li><em>Volume 2 - Constru\u00e7\u00e3o de carteiras<\/em><\/li>\n\n\n\n<li><em>Volume 3 - Medi\u00e7\u00e3o do desempenho<\/em><\/li>\n\n\n\n<li><em>Volume 4 - Derivados e gest\u00e3o de riscos<\/em><\/li>\n\n\n\n<li><em>Volume 5 - Normas \u00e9ticas e profissionais<\/em><\/li>\n\n\n\n<li><strong>Mercados privados<\/strong> Percurso<\/li>\n<\/ul>\n\n\n\n<p>O texto pode ser pesquisado utilizando a fun\u00e7\u00e3o de pesquisa no teclado do computador \"ctrl f\" e atrav\u00e9s da pesquisa no seu smartphone\/tablet.<\/p>\n\n\n\n<p>Ap\u00f3s o checkout, pode descarregar o livro eletr\u00f3nico imediatamente. Este n\u00e3o \u00e9 um livro f\u00edsico, \u00e9 uma c\u00f3pia digital em PDF. Por favor, n\u00e3o compre se quiser uma c\u00f3pia f\u00edsica<\/p>","protected":false},"excerpt":{"rendered":"<p>For sale is an e-Book 2026 CFA Level 3 IFT High Yield Notes Private Markets Pathway PDF. Includes the following topics: The text is searchable using the find feature on your computer keyboard &#8216;ctrl f&#8217; and through search on your smartphone\/tablet. After checkout you can download the e-Book immediately. This is not a physical book [&hellip;]<\/p>\n","protected":false},"featured_media":13416,"comment_status":"closed","ping_status":"closed","template":"","meta":[],"product_brand":[],"product_cat":[265],"product_tag":[369,93,88,90,180,371,91,363,92,335,373,372],"class_list":{"0":"post-13415","1":"product","2":"type-product","3":"status-publish","4":"has-post-thumbnail","6":"product_cat-cfa-level-3","7":"product_tag-cfa-2026","8":"product_tag-cfa-books","9":"product_tag-cfa-ebooks","10":"product_tag-cfa-exam","11":"product_tag-cfa-level-3","12":"product_tag-cfa-level-3-2026","13":"product_tag-cfa-prep","14":"product_tag-cfa-study-notes","15":"product_tag-cfa-test","16":"product_tag-high-yield-notes","17":"product_tag-ift-high-yield","18":"product_tag-ift-study-notes","20":"first","21":"instock","22":"downloadable","23":"virtual","24":"sold-individually","25":"purchasable","26":"product-type-simple"},"_links":{"self":[{"href":"https:\/\/www.cfaebooks.com\/pt\/wp-json\/wp\/v2\/product\/13415","targetHints":{"allow":["GET"]}}],"collection":[{"href":"https:\/\/www.cfaebooks.com\/pt\/wp-json\/wp\/v2\/product"}],"about":[{"href":"https:\/\/www.cfaebooks.com\/pt\/wp-json\/wp\/v2\/types\/product"}],"replies":[{"embeddable":true,"href":"https:\/\/www.cfaebooks.com\/pt\/wp-json\/wp\/v2\/comments?post=13415"}],"wp:featuredmedia":[{"embeddable":true,"href":"https:\/\/www.cfaebooks.com\/pt\/wp-json\/wp\/v2\/media\/13416"}],"wp:attachment":[{"href":"https:\/\/www.cfaebooks.com\/pt\/wp-json\/wp\/v2\/media?parent=13415"}],"wp:term":[{"taxonomy":"product_brand","embeddable":true,"href":"https:\/\/www.cfaebooks.com\/pt\/wp-json\/wp\/v2\/product_brand?post=13415"},{"taxonomy":"product_cat","embeddable":true,"href":"https:\/\/www.cfaebooks.com\/pt\/wp-json\/wp\/v2\/product_cat?post=13415"},{"taxonomy":"product_tag","embeddable":true,"href":"https:\/\/www.cfaebooks.com\/pt\/wp-json\/wp\/v2\/product_tag?post=13415"}],"curies":[{"name":"wp","href":"https:\/\/api.w.org\/{rel}","templated":true}]}}