{"id":12974,"date":"2025-06-26T08:21:49","date_gmt":"2025-06-26T08:21:49","guid":{"rendered":"https:\/\/www.cfaebooks.com\/?post_type=product&#038;p=12974"},"modified":"2026-04-03T08:05:11","modified_gmt":"2026-04-03T08:05:11","slug":"conjunto-de-caixas-do-curriculo-do-programa-cfa-2026-nivel-2","status":"publish","type":"product","link":"https:\/\/www.cfaebooks.com\/pt\/products\/conjunto-de-caixas-do-curriculo-do-programa-cfa-2026-nivel-2\/","title":{"rendered":"2026 CFA Program Curriculum Level 1 Box Set"},"content":{"rendered":"<p>Est\u00e1 \u00e0 venda um e-Book 2026 CFA Program Curriculum Level I Box Set.<\/p>\n\n\n\n<p>Os volumes incluem:<\/p>\n\n\n\n<ul class=\"wp-block-list\">\n<li>Volume 1: M\u00e9todos quantitativos<\/li>\n\n\n\n<li>Volume 2: Economia<\/li>\n\n\n\n<li>Volume 3: Emissores de empresas<\/li>\n\n\n\n<li>Volume 4: An\u00e1lise das demonstra\u00e7\u00f5es financeiras<\/li>\n\n\n\n<li>Volume 5: Investimentos de capital<\/li>\n\n\n\n<li>Volume 6: Rendimento fixo<\/li>\n\n\n\n<li>Volume 7:  Derivados<\/li>\n\n\n\n<li>Volume 8: Investimentos alternativos<\/li>\n\n\n\n<li>Volume 9: Gest\u00e3o de carteiras<\/li>\n\n\n\n<li>Volume 10: Normas \u00e9ticas e profissionais&nbsp;<\/li>\n<\/ul>\n\n\n\n<p>Este n\u00e3o \u00e9 um livro f\u00edsico, \u00e9 um PDF digital. Por favor, n\u00e3o compre se quiser uma c\u00f3pia f\u00edsica. Depois de finalizar a compra, pode descarregar o livro eletr\u00f3nico imediatamente.<\/p>","protected":false},"excerpt":{"rendered":"<p>For sale is an e-Book 2026 CFA Program Curriculum Level I Box Set. Volumes include: This is not a physical book it is a&nbsp;PDF&nbsp;digital. Please do not purchase if you want a physical hard copy. After checkout you can download the e-Book immediately.<\/p>","protected":false},"featured_media":12980,"comment_status":"closed","ping_status":"closed","template":"","meta":[],"product_brand":[],"product_cat":[260],"product_tag":[369,93,88,90,370,87,91,89,92,241,168],"class_list":{"0":"post-12974","1":"product","2":"type-product","3":"status-publish","4":"has-post-thumbnail","6":"product_cat-cfa-level-1","7":"product_tag-cfa-2026","8":"product_tag-cfa-books","9":"product_tag-cfa-ebooks","10":"product_tag-cfa-exam","11":"product_tag-cfa-level-1-2026","12":"product_tag-cfa-level-i","13":"product_tag-cfa-prep","14":"product_tag-cfa-program-curriculum","15":"product_tag-cfa-test","16":"product_tag-level-1","17":"product_tag-study-notes","19":"first","20":"instock","21":"downloadable","22":"virtual","23":"sold-individually","24":"purchasable","25":"product-type-simple"},"_links":{"self":[{"href":"https:\/\/www.cfaebooks.com\/pt\/wp-json\/wp\/v2\/product\/12974","targetHints":{"allow":["GET"]}}],"collection":[{"href":"https:\/\/www.cfaebooks.com\/pt\/wp-json\/wp\/v2\/product"}],"about":[{"href":"https:\/\/www.cfaebooks.com\/pt\/wp-json\/wp\/v2\/types\/product"}],"replies":[{"embeddable":true,"href":"https:\/\/www.cfaebooks.com\/pt\/wp-json\/wp\/v2\/comments?post=12974"}],"wp:featuredmedia":[{"embeddable":true,"href":"https:\/\/www.cfaebooks.com\/pt\/wp-json\/wp\/v2\/media\/12980"}],"wp:attachment":[{"href":"https:\/\/www.cfaebooks.com\/pt\/wp-json\/wp\/v2\/media?parent=12974"}],"wp:term":[{"taxonomy":"product_brand","embeddable":true,"href":"https:\/\/www.cfaebooks.com\/pt\/wp-json\/wp\/v2\/product_brand?post=12974"},{"taxonomy":"product_cat","embeddable":true,"href":"https:\/\/www.cfaebooks.com\/pt\/wp-json\/wp\/v2\/product_cat?post=12974"},{"taxonomy":"product_tag","embeddable":true,"href":"https:\/\/www.cfaebooks.com\/pt\/wp-json\/wp\/v2\/product_tag?post=12974"}],"curies":[{"name":"wp","href":"https:\/\/api.w.org\/{rel}","templated":true}]}}