{"id":12705,"date":"2025-05-26T03:21:34","date_gmt":"2025-05-26T03:21:34","guid":{"rendered":"https:\/\/www.cfaebooks.com\/?post_type=product&#038;p=12705"},"modified":"2026-04-03T08:04:08","modified_gmt":"2026-04-03T08:04:08","slug":"hock-cma-2025-textbook-parte-2-gestao-financeira-estrategica","status":"publish","type":"product","link":"https:\/\/www.cfaebooks.com\/pt\/products\/hock-cma-2025-textbook-parte-2-gestao-financeira-estrategica\/","title":{"rendered":"Livro de texto Hock CMA 2025 Parte 2 Gest\u00e3o financeira estrat\u00e9gica"},"content":{"rendered":"<p>Est\u00e1 \u00e0 venda um e-Book 2025 Hock CMA Textbook Part 2 Strategic Financial Management PDF.<\/p>\n\n\n\n<ul class=\"wp-block-list\">\n<li>Este n\u00e3o \u00e9 um livro f\u00edsico, \u00e9 uma c\u00f3pia digital em PDF. <\/li>\n\n\n\n<li>Por favor, n\u00e3o compre se quiser uma c\u00f3pia f\u00edsica. <\/li>\n\n\n\n<li>Depois de finalizar a compra, pode descarregar o livro eletr\u00f3nico imediatamente.<\/li>\n<\/ul>","protected":false},"excerpt":{"rendered":"<p>Est\u00e1 \u00e0 venda um e-Book 2025 Hock CMA Textbook Part 2 Strategic Financial Management PDF.<\/p>","protected":false},"featured_media":12706,"comment_status":"closed","ping_status":"closed","template":"","meta":[],"product_brand":[],"product_cat":[281],"product_tag":[282,301,292,291,288,297,290,286,289,294,296],"class_list":{"0":"post-12705","1":"product","2":"type-product","3":"status-publish","4":"has-post-thumbnail","6":"product_cat-cma-part-2","7":"product_tag-cma","8":"product_tag-cma-2025","9":"product_tag-cma-books","10":"product_tag-cma-ebooks","11":"product_tag-cma-exam","12":"product_tag-cma-part-2","13":"product_tag-cma-prep","14":"product_tag-cma-review","15":"product_tag-cma-test","16":"product_tag-hock","17":"product_tag-hock-cma","19":"first","20":"instock","21":"downloadable","22":"virtual","23":"sold-individually","24":"purchasable","25":"product-type-simple"},"_links":{"self":[{"href":"https:\/\/www.cfaebooks.com\/pt\/wp-json\/wp\/v2\/product\/12705","targetHints":{"allow":["GET"]}}],"collection":[{"href":"https:\/\/www.cfaebooks.com\/pt\/wp-json\/wp\/v2\/product"}],"about":[{"href":"https:\/\/www.cfaebooks.com\/pt\/wp-json\/wp\/v2\/types\/product"}],"replies":[{"embeddable":true,"href":"https:\/\/www.cfaebooks.com\/pt\/wp-json\/wp\/v2\/comments?post=12705"}],"wp:featuredmedia":[{"embeddable":true,"href":"https:\/\/www.cfaebooks.com\/pt\/wp-json\/wp\/v2\/media\/12706"}],"wp:attachment":[{"href":"https:\/\/www.cfaebooks.com\/pt\/wp-json\/wp\/v2\/media?parent=12705"}],"wp:term":[{"taxonomy":"product_brand","embeddable":true,"href":"https:\/\/www.cfaebooks.com\/pt\/wp-json\/wp\/v2\/product_brand?post=12705"},{"taxonomy":"product_cat","embeddable":true,"href":"https:\/\/www.cfaebooks.com\/pt\/wp-json\/wp\/v2\/product_cat?post=12705"},{"taxonomy":"product_tag","embeddable":true,"href":"https:\/\/www.cfaebooks.com\/pt\/wp-json\/wp\/v2\/product_tag?post=12705"}],"curies":[{"name":"wp","href":"https:\/\/api.w.org\/{rel}","templated":true}]}}