{"id":12599,"date":"2025-05-12T10:34:58","date_gmt":"2025-05-12T10:34:58","guid":{"rendered":"https:\/\/www.cfaebooks.com\/?post_type=product&#038;p=12599"},"modified":"2026-04-03T08:04:02","modified_gmt":"2026-04-03T08:04:02","slug":"frm-2025-parte-2-analistaprep-notas-de-estudo-qbank-com-folha-de-formulas","status":"publish","type":"product","link":"https:\/\/www.cfaebooks.com\/pt\/products\/frm-2025-parte-2-analistaprep-notas-de-estudo-qbank-com-folha-de-formulas\/","title":{"rendered":"FRM 2025 Parte 2 AnalystPrep Notas de estudo, QBank com folha de f\u00f3rmulas"},"content":{"rendered":"<p>Est\u00e1 \u00e0 venda um e-Book 2025 FRM Part 2 AnalystPrep Notas de estudo, banco de perguntas e folha de f\u00f3rmulas em PDF.<\/p>\n\n\n\n<p><strong>T\u00f3picos abordados:<\/strong><\/p>\n\n\n\n<ul class=\"wp-block-list\">\n<li><strong>Medi\u00e7\u00e3o e gest\u00e3o do risco de mercado<\/strong><\/li>\n\n\n\n<li><strong>Medi\u00e7\u00e3o e gest\u00e3o do risco de cr\u00e9dito<\/strong><\/li>\n\n\n\n<li><strong>Gest\u00e3o do risco operacional e integrado<\/strong><\/li>\n\n\n\n<li><strong>Medi\u00e7\u00e3o e gest\u00e3o do risco de liquidez e de tesouraria<\/strong><\/li>\n\n\n\n<li><strong>Gest\u00e3o de riscos e gest\u00e3o de investimentos<\/strong><\/li>\n\n\n\n<li><strong>Quest\u00f5es actuais dos mercados financeiros<\/strong><\/li>\n<\/ul>\n\n\n\n<p>Este n\u00e3o \u00e9 um livro f\u00edsico, \u00e9 uma c\u00f3pia digital em PDF. Por favor, n\u00e3o compre se quiser uma c\u00f3pia f\u00edsica.<\/p>\n\n\n\n<p>Depois de finalizar a compra, pode descarregar o livro eletr\u00f3nico imediatamente.<\/p>","protected":false},"excerpt":{"rendered":"<p>For sale is an e-Book 2025 FRM Part 2 AnalystPrep Study notes, Question bank and Formula sheet PDF. Topics Covered: This is not a physical book it is a&nbsp;PDF&nbsp;digital copy. Please do not purchase if you want a physical hard copy. After checkout you can download the e-Book instantly.<\/p>","protected":false},"featured_media":12600,"comment_status":"closed","ping_status":"closed","template":"","meta":[],"product_brand":[],"product_cat":[325],"product_tag":[184,326,185,186,181,188,329,182,204,362,183],"class_list":{"0":"post-12599","1":"product","2":"type-product","3":"status-publish","4":"has-post-thumbnail","6":"product_cat-frm-part-2","7":"product_tag-frm","8":"product_tag-frm-2025","9":"product_tag-frm-books","10":"product_tag-frm-ebooks","11":"product_tag-frm-exam","12":"product_tag-frm-part-2","13":"product_tag-frm-part-2-2025","14":"product_tag-frm-prep","15":"product_tag-frm-question-bank","16":"product_tag-frm-study-notes","17":"product_tag-frm-test","19":"first","20":"instock","21":"downloadable","22":"virtual","23":"sold-individually","24":"purchasable","25":"product-type-simple"},"_links":{"self":[{"href":"https:\/\/www.cfaebooks.com\/pt\/wp-json\/wp\/v2\/product\/12599","targetHints":{"allow":["GET"]}}],"collection":[{"href":"https:\/\/www.cfaebooks.com\/pt\/wp-json\/wp\/v2\/product"}],"about":[{"href":"https:\/\/www.cfaebooks.com\/pt\/wp-json\/wp\/v2\/types\/product"}],"replies":[{"embeddable":true,"href":"https:\/\/www.cfaebooks.com\/pt\/wp-json\/wp\/v2\/comments?post=12599"}],"wp:featuredmedia":[{"embeddable":true,"href":"https:\/\/www.cfaebooks.com\/pt\/wp-json\/wp\/v2\/media\/12600"}],"wp:attachment":[{"href":"https:\/\/www.cfaebooks.com\/pt\/wp-json\/wp\/v2\/media?parent=12599"}],"wp:term":[{"taxonomy":"product_brand","embeddable":true,"href":"https:\/\/www.cfaebooks.com\/pt\/wp-json\/wp\/v2\/product_brand?post=12599"},{"taxonomy":"product_cat","embeddable":true,"href":"https:\/\/www.cfaebooks.com\/pt\/wp-json\/wp\/v2\/product_cat?post=12599"},{"taxonomy":"product_tag","embeddable":true,"href":"https:\/\/www.cfaebooks.com\/pt\/wp-json\/wp\/v2\/product_tag?post=12599"}],"curies":[{"name":"wp","href":"https:\/\/api.w.org\/{rel}","templated":true}]}}