{"id":12355,"date":"2025-04-11T03:30:23","date_gmt":"2025-04-11T03:30:23","guid":{"rendered":"https:\/\/www.cfaebooks.com\/?post_type=product&#038;p=12355"},"modified":"2026-04-03T08:03:36","modified_gmt":"2026-04-03T08:03:36","slug":"2025-cfa-schweser-molho-secreto-nivel-2","status":"publish","type":"product","link":"https:\/\/www.cfaebooks.com\/pt\/products\/2025-cfa-schweser-molho-secreto-nivel-2\/","title":{"rendered":"2025 CFA Schweser Secret Sauce N\u00edvel 2"},"content":{"rendered":"<p>Vende-se um\u00a0<strong>2025 CFA Schweser Secret Sauce N\u00edvel 2<\/strong><\/p>\n\n\n\n<p><strong>T\u00f3pico inclu\u00eddo:<\/strong><\/p>\n\n\n\n<ul class=\"wp-block-list\">\n<li><strong><em>M\u00e9todos quantitativos<\/em><\/strong><\/li>\n\n\n\n<li><strong><em>Economia<\/em><\/strong><\/li>\n\n\n\n<li><strong><em>An\u00e1lise das demonstra\u00e7\u00f5es financeiras<\/em><\/strong><\/li>\n\n\n\n<li><strong><em>Emissores empresariais<\/em><\/strong><\/li>\n\n\n\n<li><strong><em>Avalia\u00e7\u00e3o do capital pr\u00f3prio<\/em><\/strong><\/li>\n\n\n\n<li><strong><em>Rendimento fixo<\/em><\/strong><\/li>\n\n\n\n<li><strong><em>Derivados<\/em><\/strong><\/li>\n\n\n\n<li><strong><em>Investimentos alternativos<\/em><\/strong><\/li>\n\n\n\n<li><strong><em>Gest\u00e3o da carteira<\/em><\/strong><\/li>\n\n\n\n<li><strong><em>Normas \u00e9ticas e profissionais<\/em><\/strong>.<\/li>\n<\/ul>\n\n\n\n<p>O texto pode ser pesquisado utilizando a fun\u00e7\u00e3o de pesquisa no teclado do seu computador 'ctrl+f' e atrav\u00e9s da pesquisa no seu smartphone\/tablet. Estes n\u00e3o s\u00e3o livros f\u00edsicos, s\u00e3o c\u00f3pias digitais em PDF. Depois de finalizar a compra, pode descarregar os livros electr\u00f3nicos imediatamente.<\/p>","protected":false},"excerpt":{"rendered":"<p>For sale is an the\u00a02025 CFA Schweser Secret Sauce Level 2 Topic Included: The text is searchable using the find feature on your computer keyboard \u2018ctrl+f\u2019 and through search on your smartphone\/tablet. These are not physical books they are PDF digital copies. Please do not purchase if you want a physical hard copy.After checkout you [&hellip;]<\/p>\n","protected":false},"featured_media":12356,"comment_status":"closed","ping_status":"closed","template":"","meta":[],"product_brand":[],"product_cat":[266],"product_tag":[261,93,88,90,293,92,159],"class_list":{"0":"post-12355","1":"product","2":"type-product","3":"status-publish","4":"has-post-thumbnail","6":"product_cat-cfa-level-2","7":"product_tag-cfa-2025","8":"product_tag-cfa-books","9":"product_tag-cfa-ebooks","10":"product_tag-cfa-exam","11":"product_tag-cfa-level-2-2025","12":"product_tag-cfa-test","13":"product_tag-secret-sauce","15":"first","16":"instock","17":"downloadable","18":"virtual","19":"sold-individually","20":"purchasable","21":"product-type-simple"},"_links":{"self":[{"href":"https:\/\/www.cfaebooks.com\/pt\/wp-json\/wp\/v2\/product\/12355","targetHints":{"allow":["GET"]}}],"collection":[{"href":"https:\/\/www.cfaebooks.com\/pt\/wp-json\/wp\/v2\/product"}],"about":[{"href":"https:\/\/www.cfaebooks.com\/pt\/wp-json\/wp\/v2\/types\/product"}],"replies":[{"embeddable":true,"href":"https:\/\/www.cfaebooks.com\/pt\/wp-json\/wp\/v2\/comments?post=12355"}],"wp:featuredmedia":[{"embeddable":true,"href":"https:\/\/www.cfaebooks.com\/pt\/wp-json\/wp\/v2\/media\/12356"}],"wp:attachment":[{"href":"https:\/\/www.cfaebooks.com\/pt\/wp-json\/wp\/v2\/media?parent=12355"}],"wp:term":[{"taxonomy":"product_brand","embeddable":true,"href":"https:\/\/www.cfaebooks.com\/pt\/wp-json\/wp\/v2\/product_brand?post=12355"},{"taxonomy":"product_cat","embeddable":true,"href":"https:\/\/www.cfaebooks.com\/pt\/wp-json\/wp\/v2\/product_cat?post=12355"},{"taxonomy":"product_tag","embeddable":true,"href":"https:\/\/www.cfaebooks.com\/pt\/wp-json\/wp\/v2\/product_tag?post=12355"}],"curies":[{"name":"wp","href":"https:\/\/api.w.org\/{rel}","templated":true}]}}